{"id":19533,"date":"2024-06-24T12:48:50","date_gmt":"2024-06-24T10:48:50","guid":{"rendered":"https:\/\/centarzaprirodnumedicinu.com\/?post_type=product&#038;p=19533"},"modified":"2025-12-31T17:59:44","modified_gmt":"2025-12-31T16:59:44","slug":"nosni-aspirator-za-bebe","status":"publish","type":"product","link":"https:\/\/www.centarzaprirodnumedicinu.com\/test\/p\/oprema-i-pomagala\/nosni-aspirator-za-bebe\/","title":{"rendered":"Nosni aspirator za bebe"},"content":{"rendered":"<p>Pumpica za nos za bebe upotrebljava se vrlo lako \u2013 jedan kraj creva se stavi u nozdrvu, a zatim se polako ustima povla\u010di vazduh kroz drugo crevce, ta taj na\u010din se pove\u0107ava usisni pritisak pritisak na pumpicu tako da izvla\u010di vi\u0161ak sekreta iz nosa. Posle upotrebe pumpica se jednostavno ispira toplom vodom.<\/p>\n","protected":false},"excerpt":{"rendered":"<h3>Nosni aspirator za ne\u017eno i efikasno \u010di\u0161\u0107enje nosi\u0107a kod bebe<\/h3>\n<p>Kada je u pitanju \u010di\u0161\u0107enje bebinog nosi\u0107a vrlo efikasnim se pokazao aspirator za nos. Namenjen je za upotrebu od najmla\u0111ih dana i na vrlo jednostavan na\u010din, brzo i ne\u017eno, otklanjaja suvi\u0161ni sekret iz nosa. Nosni aspirator za bebe omogu\u0107ava da dete normalno di\u0161e, mirno spava i neometano jede i pije.<\/p>\n","protected":false},"featured_media":19534,"comment_status":"open","ping_status":"closed","template":"","meta":[],"product_brand":[],"product_cat":[3788],"product_tag":[],"class_list":{"0":"post-19533","1":"product","2":"type-product","3":"status-publish","4":"has-post-thumbnail","6":"product_cat-oprema-i-pomagala","8":"first","9":"instock","10":"shipping-taxable","11":"purchasable","12":"product-type-simple"},"_links":{"self":[{"href":"https:\/\/www.centarzaprirodnumedicinu.com\/test\/wp-json\/wp\/v2\/product\/19533","targetHints":{"allow":["GET"]}}],"collection":[{"href":"https:\/\/www.centarzaprirodnumedicinu.com\/test\/wp-json\/wp\/v2\/product"}],"about":[{"href":"https:\/\/www.centarzaprirodnumedicinu.com\/test\/wp-json\/wp\/v2\/types\/product"}],"replies":[{"embeddable":true,"href":"https:\/\/www.centarzaprirodnumedicinu.com\/test\/wp-json\/wp\/v2\/comments?post=19533"}],"version-history":[{"count":6,"href":"https:\/\/www.centarzaprirodnumedicinu.com\/test\/wp-json\/wp\/v2\/product\/19533\/revisions"}],"predecessor-version":[{"id":25704,"href":"https:\/\/www.centarzaprirodnumedicinu.com\/test\/wp-json\/wp\/v2\/product\/19533\/revisions\/25704"}],"wp:featuredmedia":[{"embeddable":true,"href":"https:\/\/www.centarzaprirodnumedicinu.com\/test\/wp-json\/wp\/v2\/media\/19534"}],"wp:attachment":[{"href":"https:\/\/www.centarzaprirodnumedicinu.com\/test\/wp-json\/wp\/v2\/media?parent=19533"}],"wp:term":[{"taxonomy":"product_brand","embeddable":true,"href":"https:\/\/www.centarzaprirodnumedicinu.com\/test\/wp-json\/wp\/v2\/product_brand?post=19533"},{"taxonomy":"product_cat","embeddable":true,"href":"https:\/\/www.centarzaprirodnumedicinu.com\/test\/wp-json\/wp\/v2\/product_cat?post=19533"},{"taxonomy":"product_tag","embeddable":true,"href":"https:\/\/www.centarzaprirodnumedicinu.com\/test\/wp-json\/wp\/v2\/product_tag?post=19533"}],"curies":[{"name":"wp","href":"https:\/\/api.w.org\/{rel}","templated":true}]}}