{"id":19527,"date":"2024-06-24T12:25:03","date_gmt":"2024-06-24T10:25:03","guid":{"rendered":"https:\/\/centarzaprirodnumedicinu.com\/?post_type=product&#038;p=19527"},"modified":"2025-04-07T14:18:32","modified_gmt":"2025-04-07T12:18:32","slug":"spric-irigator-za-ispiranje-uha","status":"publish","type":"product","link":"https:\/\/www.centarzaprirodnumedicinu.com\/test\/p\/oprema-i-pomagala\/spric-irigator-za-ispiranje-uha\/","title":{"rendered":"\u0160pric irigator za ispiranje uha"},"content":{"rendered":"<p>\u0160pric irigator za pranje u\u0161iju od 12 ml je sasvim jednostavan, bezbedan i ne\u017ean alat za odr\u017eavanje higijene uha.<\/p>\n<p>Osmi\u0161ljen za uklanjanje u\u0161nog voska kod kuc\u0301e i ubla\u017eavanje simptoma oslabljenog sluha na veoma bezbedan na\u010din.<\/p>\n<p>Ovaj lagani alat za \u010di\u0161c\u0301enje u\u0161iju koji je jednostavan za no\u0161enje je odli\u010dan za poneti svuda ima fleksibilni vrh te je sa njime bezbolno i lako uklanjanje u\u0161nog voska, mrtve ko\u017ee i prljav\u0161tine iz uha.<\/p>\n","protected":false},"excerpt":{"rendered":"<h6>\u0160pric irigator za odr\u017eavanje higijene i \u010di\u0161\u0107enje uha<\/h6>\n","protected":false},"featured_media":19528,"comment_status":"open","ping_status":"closed","template":"","meta":[],"product_brand":[],"product_cat":[3788],"product_tag":[],"class_list":{"0":"post-19527","1":"product","2":"type-product","3":"status-publish","4":"has-post-thumbnail","6":"product_cat-oprema-i-pomagala","8":"first","9":"instock","10":"shipping-taxable","11":"purchasable","12":"product-type-simple"},"_links":{"self":[{"href":"https:\/\/www.centarzaprirodnumedicinu.com\/test\/wp-json\/wp\/v2\/product\/19527","targetHints":{"allow":["GET"]}}],"collection":[{"href":"https:\/\/www.centarzaprirodnumedicinu.com\/test\/wp-json\/wp\/v2\/product"}],"about":[{"href":"https:\/\/www.centarzaprirodnumedicinu.com\/test\/wp-json\/wp\/v2\/types\/product"}],"replies":[{"embeddable":true,"href":"https:\/\/www.centarzaprirodnumedicinu.com\/test\/wp-json\/wp\/v2\/comments?post=19527"}],"version-history":[{"count":0,"href":"https:\/\/www.centarzaprirodnumedicinu.com\/test\/wp-json\/wp\/v2\/product\/19527\/revisions"}],"wp:featuredmedia":[{"embeddable":true,"href":"https:\/\/www.centarzaprirodnumedicinu.com\/test\/wp-json\/wp\/v2\/media\/19528"}],"wp:attachment":[{"href":"https:\/\/www.centarzaprirodnumedicinu.com\/test\/wp-json\/wp\/v2\/media?parent=19527"}],"wp:term":[{"taxonomy":"product_brand","embeddable":true,"href":"https:\/\/www.centarzaprirodnumedicinu.com\/test\/wp-json\/wp\/v2\/product_brand?post=19527"},{"taxonomy":"product_cat","embeddable":true,"href":"https:\/\/www.centarzaprirodnumedicinu.com\/test\/wp-json\/wp\/v2\/product_cat?post=19527"},{"taxonomy":"product_tag","embeddable":true,"href":"https:\/\/www.centarzaprirodnumedicinu.com\/test\/wp-json\/wp\/v2\/product_tag?post=19527"}],"curies":[{"name":"wp","href":"https:\/\/api.w.org\/{rel}","templated":true}]}}