{"id":19515,"date":"2024-06-24T11:01:26","date_gmt":"2024-06-24T09:01:26","guid":{"rendered":"https:\/\/centarzaprirodnumedicinu.com\/?post_type=product&#038;p=19515"},"modified":"2025-04-07T14:18:32","modified_gmt":"2025-04-07T12:18:32","slug":"casa-za-ispiranje-ociju-sa-pumpicom","status":"publish","type":"product","link":"https:\/\/www.centarzaprirodnumedicinu.com\/test\/p\/oprema-i-pomagala\/casa-za-ispiranje-ociju-sa-pumpicom\/","title":{"rendered":"\u010ca\u0161ica za ispiranje o\u010diju sa pumpicom"},"content":{"rendered":"<p>Ovo je odli\u010dna alatka za higijenu i odr\u017eavanje zdravlja o\u010diju. Posebno je namenjeno za olak\u0161avanje upotrebe tinkture za o\u010di. Posuda\u00a0je napravljena od silikona pogodnog za ko\u017eu + prozirnog PC materijala, udobno se uklapa u o\u010dnu duplju.<\/p>\n<p>Dizajn stiskanja: Lagano stisnite , sila se mo\u017ee slobodno kontrolisati.<\/p>\n<p>Izuzetan i kompaktan: Lako za no\u0161enje. Mo\u017ee se koristiti sa sredstvom za pranje o\u010diju za \u010di\u0161c\u0301enje o\u010diju.<\/p>\n<p>Prakti\u010dna \u010da\u0161a za ispiranje o\u010diju: savr\u0161ena je za umirivanje umornih o\u010diju, \u010di\u0161c\u0301enje, osve\u017eavanje i pobolj\u0161anje funkcije vida ispiranjem uz spomo\u0107 te\u010dnosti od lekovitog bilja.<\/p>\n<p>Materijal: silikon + prozirni PC<\/p>\n<p>Veli\u010dina: 82,2&#215;66,4x48mm<\/p>\n","protected":false},"excerpt":{"rendered":"<h6>Prakti\u010dna silikonska \u010da\u0161ica za ispiranje o\u010diju sa ru\u010dnom pumpicom<\/h6>\n","protected":false},"featured_media":19516,"comment_status":"open","ping_status":"closed","template":"","meta":[],"product_brand":[],"product_cat":[3788],"product_tag":[],"class_list":{"0":"post-19515","1":"product","2":"type-product","3":"status-publish","4":"has-post-thumbnail","6":"product_cat-oprema-i-pomagala","8":"first","9":"instock","10":"shipping-taxable","11":"purchasable","12":"product-type-simple"},"_links":{"self":[{"href":"https:\/\/www.centarzaprirodnumedicinu.com\/test\/wp-json\/wp\/v2\/product\/19515","targetHints":{"allow":["GET"]}}],"collection":[{"href":"https:\/\/www.centarzaprirodnumedicinu.com\/test\/wp-json\/wp\/v2\/product"}],"about":[{"href":"https:\/\/www.centarzaprirodnumedicinu.com\/test\/wp-json\/wp\/v2\/types\/product"}],"replies":[{"embeddable":true,"href":"https:\/\/www.centarzaprirodnumedicinu.com\/test\/wp-json\/wp\/v2\/comments?post=19515"}],"version-history":[{"count":0,"href":"https:\/\/www.centarzaprirodnumedicinu.com\/test\/wp-json\/wp\/v2\/product\/19515\/revisions"}],"wp:featuredmedia":[{"embeddable":true,"href":"https:\/\/www.centarzaprirodnumedicinu.com\/test\/wp-json\/wp\/v2\/media\/19516"}],"wp:attachment":[{"href":"https:\/\/www.centarzaprirodnumedicinu.com\/test\/wp-json\/wp\/v2\/media?parent=19515"}],"wp:term":[{"taxonomy":"product_brand","embeddable":true,"href":"https:\/\/www.centarzaprirodnumedicinu.com\/test\/wp-json\/wp\/v2\/product_brand?post=19515"},{"taxonomy":"product_cat","embeddable":true,"href":"https:\/\/www.centarzaprirodnumedicinu.com\/test\/wp-json\/wp\/v2\/product_cat?post=19515"},{"taxonomy":"product_tag","embeddable":true,"href":"https:\/\/www.centarzaprirodnumedicinu.com\/test\/wp-json\/wp\/v2\/product_tag?post=19515"}],"curies":[{"name":"wp","href":"https:\/\/api.w.org\/{rel}","templated":true}]}}