{"id":19464,"date":"2024-06-16T12:21:59","date_gmt":"2024-06-16T10:21:59","guid":{"rendered":"https:\/\/centarzaprirodnumedicinu.com\/?post_type=product&#038;p=19464"},"modified":"2025-04-07T14:18:32","modified_gmt":"2025-04-07T12:18:32","slug":"dozer-za-bebe-i-decu","status":"publish","type":"product","link":"https:\/\/www.centarzaprirodnumedicinu.com\/test\/p\/oprema-i-pomagala\/dozer-za-bebe-i-decu\/","title":{"rendered":"Dozer za bebe i decu"},"content":{"rendered":"<p style=\"text-align: left;\">Kona\u010dno prona\u0161li smo alatku za doziranje tinktura, \u010dajeva, sokova i drugih te\u010dnosti za va\u0161u bebu ili dete. Vi\u0161e ne morate brinuti kako da dozirate lekovite elemente va\u0161em detetu, ova alatka \u0107e vam pomo\u0107i u tome.<\/p>\n<p>Ukratko ovo je uputstvo za upotrebu:<\/p>\n<p>1. Napunite \u0161pric preporu\u010denom dozom<br \/>\n2. Laganim okretanjem ubacite \u0161pric u kanal na cucli<br \/>\n3. Stavite cuclu u usta bebe i lagano istisnite lek<br \/>\n4. Izvucite \u0161pric, zatvorite jezi\u010dak i koristite kao cuclu<br \/>\n5. Isperite \u0161pric i cuclu sa vodom i sapunom<\/p>\n<p>Ovaj dozator nije namenjen isklju\u010divo za konzumiranje lekova. Na ovaj na\u010din mo\u017eete bebi dati vodu, mleko, sok itd&#8230;<\/p>\n<p>Svi delovi su otporni na visoke temperature. Mo\u017eete ih oprati u klju\u010daloj vodi kako bi se dezinfikovali.<\/p>\n<p>Bez BPA, sigurno za upotrebu, bez mirisa.<\/p>\n","protected":false},"excerpt":{"rendered":"<h6><strong>Dozator tinktura i \u010dajeva <\/strong><strong>za bebe i decu (pribor za hranjenje dece)<\/strong><\/h6>\n","protected":false},"featured_media":19465,"comment_status":"open","ping_status":"closed","template":"","meta":[],"product_brand":[],"product_cat":[3788],"product_tag":[],"class_list":{"0":"post-19464","1":"product","2":"type-product","3":"status-publish","4":"has-post-thumbnail","6":"product_cat-oprema-i-pomagala","8":"first","9":"instock","10":"shipping-taxable","11":"purchasable","12":"product-type-simple"},"_links":{"self":[{"href":"https:\/\/www.centarzaprirodnumedicinu.com\/test\/wp-json\/wp\/v2\/product\/19464","targetHints":{"allow":["GET"]}}],"collection":[{"href":"https:\/\/www.centarzaprirodnumedicinu.com\/test\/wp-json\/wp\/v2\/product"}],"about":[{"href":"https:\/\/www.centarzaprirodnumedicinu.com\/test\/wp-json\/wp\/v2\/types\/product"}],"replies":[{"embeddable":true,"href":"https:\/\/www.centarzaprirodnumedicinu.com\/test\/wp-json\/wp\/v2\/comments?post=19464"}],"version-history":[{"count":0,"href":"https:\/\/www.centarzaprirodnumedicinu.com\/test\/wp-json\/wp\/v2\/product\/19464\/revisions"}],"wp:featuredmedia":[{"embeddable":true,"href":"https:\/\/www.centarzaprirodnumedicinu.com\/test\/wp-json\/wp\/v2\/media\/19465"}],"wp:attachment":[{"href":"https:\/\/www.centarzaprirodnumedicinu.com\/test\/wp-json\/wp\/v2\/media?parent=19464"}],"wp:term":[{"taxonomy":"product_brand","embeddable":true,"href":"https:\/\/www.centarzaprirodnumedicinu.com\/test\/wp-json\/wp\/v2\/product_brand?post=19464"},{"taxonomy":"product_cat","embeddable":true,"href":"https:\/\/www.centarzaprirodnumedicinu.com\/test\/wp-json\/wp\/v2\/product_cat?post=19464"},{"taxonomy":"product_tag","embeddable":true,"href":"https:\/\/www.centarzaprirodnumedicinu.com\/test\/wp-json\/wp\/v2\/product_tag?post=19464"}],"curies":[{"name":"wp","href":"https:\/\/api.w.org\/{rel}","templated":true}]}}