{"id":19245,"date":"2024-05-10T14:32:53","date_gmt":"2024-05-10T12:32:53","guid":{"rendered":"https:\/\/centarzaprirodnumedicinu.com\/?post_type=product&#038;p=19245"},"modified":"2025-04-07T14:18:33","modified_gmt":"2025-04-07T12:18:33","slug":"aplikator-za-negu-kose","status":"publish","type":"product","link":"https:\/\/www.centarzaprirodnumedicinu.com\/test\/p\/oprema-i-pomagala\/aplikator-za-negu-kose\/","title":{"rendered":"Aplikator za negu kose"},"content":{"rendered":"<p style=\"font-weight: 400;\"><strong>Opis<\/strong><\/p>\n<p>Aplikator za negu kose je alat koji pojednostavljuje nano\u0161enje lekovitih ulja za negu kose, na taj na\u010din obezbe\u0111ujuc\u0301i ravnomernu distribuciju po celom temenu i kosi. Aplikator ulja za kosu ima glavu u stilu \u010de\u0161lja, omoguc\u0301avajuc\u0301i bo\u010dici da bez napora klizi kroz kosu kako bi se osiguralo da je \u00a0teme svuda pokriveno sa uljem. Ovaj aplikator je dizajniran sa merama sa strane bo\u010dice, \u0161to vam omoguc\u0301ava da precizno punite, me\u0161ate i razbla\u017eite ulja koja \u017eelite da aplicirate na svoju kosu. Dizajniran je tako da mo\u017eete bez napora dozirati i ravnomerno raspore\u0111ujte ulje za kosu dok u isto vreme \u010de\u0161ljate svoje pramenove.\u00a0Tako da dok provla\u010dite \u010de\u0161alj kroz svoje pramenove, on bez napora raspetljava, zagla\u0111uje i spre\u010dava kovrd\u017eanje, a sve to uz nano\u0161enje ulja za kosu koju ste izabrali. Rezultat je iskustvo nege kose koje je i prakti\u010dno i prijatno, ostavljajuc\u0301i va\u0161u kosu ne samo negovanom vec\u0301 i duboko nahranjenom.<\/p>\n","protected":false},"excerpt":{"rendered":"<h6>Aplikator bo\u010dica dizajnirana za ravnomerno i ujedna\u010deno apliciranje ulja na kosu.<\/h6>\n","protected":false},"featured_media":19246,"comment_status":"open","ping_status":"closed","template":"","meta":[],"product_brand":[],"product_cat":[3788],"product_tag":[],"class_list":{"0":"post-19245","1":"product","2":"type-product","3":"status-publish","4":"has-post-thumbnail","6":"product_cat-oprema-i-pomagala","8":"first","9":"instock","10":"shipping-taxable","11":"purchasable","12":"product-type-simple"},"_links":{"self":[{"href":"https:\/\/www.centarzaprirodnumedicinu.com\/test\/wp-json\/wp\/v2\/product\/19245","targetHints":{"allow":["GET"]}}],"collection":[{"href":"https:\/\/www.centarzaprirodnumedicinu.com\/test\/wp-json\/wp\/v2\/product"}],"about":[{"href":"https:\/\/www.centarzaprirodnumedicinu.com\/test\/wp-json\/wp\/v2\/types\/product"}],"replies":[{"embeddable":true,"href":"https:\/\/www.centarzaprirodnumedicinu.com\/test\/wp-json\/wp\/v2\/comments?post=19245"}],"version-history":[{"count":0,"href":"https:\/\/www.centarzaprirodnumedicinu.com\/test\/wp-json\/wp\/v2\/product\/19245\/revisions"}],"wp:featuredmedia":[{"embeddable":true,"href":"https:\/\/www.centarzaprirodnumedicinu.com\/test\/wp-json\/wp\/v2\/media\/19246"}],"wp:attachment":[{"href":"https:\/\/www.centarzaprirodnumedicinu.com\/test\/wp-json\/wp\/v2\/media?parent=19245"}],"wp:term":[{"taxonomy":"product_brand","embeddable":true,"href":"https:\/\/www.centarzaprirodnumedicinu.com\/test\/wp-json\/wp\/v2\/product_brand?post=19245"},{"taxonomy":"product_cat","embeddable":true,"href":"https:\/\/www.centarzaprirodnumedicinu.com\/test\/wp-json\/wp\/v2\/product_cat?post=19245"},{"taxonomy":"product_tag","embeddable":true,"href":"https:\/\/www.centarzaprirodnumedicinu.com\/test\/wp-json\/wp\/v2\/product_tag?post=19245"}],"curies":[{"name":"wp","href":"https:\/\/api.w.org\/{rel}","templated":true}]}}