{"id":18968,"date":"2024-03-26T17:13:52","date_gmt":"2024-03-26T16:13:52","guid":{"rendered":"https:\/\/centarzaprirodnumedicinu.com\/?post_type=product&#038;p=18968"},"modified":"2025-04-09T15:20:13","modified_gmt":"2025-04-09T13:20:13","slug":"dodatak-u-ishrani-anemo-kapsule","status":"publish","type":"product","link":"https:\/\/www.centarzaprirodnumedicinu.com\/test\/p\/super-hrana-i-dodaci-u-ishrani\/dodatak-u-ishrani-anemo-kapsule\/","title":{"rendered":"Dodatak u ishrani ANEMO (kapsule)"},"content":{"rendered":"<p><strong>SASTAV:<br \/>\n<\/strong><strong>\u2013 Mlada je\u010dmena trava<br \/>\n\u2013 Nutritivni kvasac<\/strong><br \/>\n<strong>\u2013 Seme koprive<\/strong><br \/>\n<strong>\u2013 Spirulina<\/strong><em><br \/>\n<\/em><strong>\u2013 Hlorela<\/strong><\/p>\n<p><strong>KAKO OVA FORMULA DELUJE?<br \/>\n<\/strong>Ova formula sadr\u017ei hlorofil koji je prisutan u<strong> spirulini<\/strong>\u00a0i po sastavu je vrlo sli\u010dan hemoglobinu u krvi. Razlikuju se po tome \u0161to je u hemoglobinu gvo\u017e\u0111e, a u hlorofilu magnezijum. Hlorofil poma\u017ee da se stvore i dopune crvena krvna zrnca vezivaju\u0107i kisonik i time pove\u0107ava energiju.\u00a0 <strong>Hlorela<\/strong> u ovoj formuli poma\u017ee u odr\u017eavanju pH ravnote\u017ee u telu. Hlorofil iz ove alge neutrali\u0161e toksine i ostale zaga\u0111iva\u010de organizma, a naro\u010dito je korisna jer poma\u017ee pri uno\u0161enju kiseonika u krv do svih \u0107elija i tkiva. Hlorofil ima va\u017enu ulogu jer poseduje sposobnost za detoksikaciju te\u0161kih metala u organizmu. <strong>Seme koprive<\/strong> sadr\u017ei veliku koli\u010dinu gvo\u017e\u0111a, pa se svrstava u najbolje prirodne lekove protiv anemije. Pored minerala gvo\u017e\u0111a bogata je i vitaminima C, K, mineralima magnezijumom, kalcijumom i fosforom. Sadr\u017ei i hlorofil, tanine, sluzi i karotenoide. <strong>Je\u010dmena trava<\/strong> sadr\u017ei veliku koli\u010dinu vitamina B1, B2, B6, B12, vitamin C, folnu i pantotensku kiselinu (ima klju\u010dnu ulogu u stvaranju eritrocita), velike koli\u010dine minerala, uklju\u010duju\u0107i kalcijum, bakar, gvo\u017e\u0111e, magnezijum, mangan, fosfor, kalijum, natrijum i cink, a bogat je izvor hlorofila sa antiinflamatornim i antibakterijskim svojstvima. <strong>Nutritivn kvasc<\/strong> sadr\u017ei vitamin B12 koji je je neophodan za pravilno funkcionisanje nervnog sistema, kao i stvaranju krvnih zrnaca i prevenciji anemije. Od minerala se najvi\u0161e izdvaja cink, selen, mangan i molibden, koji su neophodni za pravilan rast, metabolizam i ja\u010danje imunog sistema.<\/p>\n<p><strong>ZA\u0160TO TREBA DA IMATE OVU FORMULU?<br \/>\n<\/strong>Dodatak ishrani<strong> ANEMO +<\/strong> sadr\u017ei sve osnovne nutrijente koji su potrebni da bi se volumen crvenih krvnih zrnaca i koli\u010dina hemoglobina vratila u normalno stanje. Sadr\u017ei velike koli\u010dine <strong>vitamina A i vitamina C<\/strong>, a tako\u0111e obiluje i<strong> vitaminima B1, B2, B6 i B12<\/strong>.<\/p>\n","protected":false},"excerpt":{"rendered":"<h6>Prirodni dodatak u ishrani za pove\u0107avanje broja crvenih krvnih zrnaca hemoglobina.<\/h6>\n<p>Dodatak U ishrani &#8222;Anemo&#8220; je prevashodno namenjen osobama sa lo\u0161om krvnom slikom, a preporu\u010duje se kod mnogih hroni\u010dnih oboljenja, kao \u0161to su: artritis, reuma, o\u0161te\u0107enja jetre, problemi sa \u0161titnom \u017elezdom i bubrezima, rak.<\/p>\n","protected":false},"featured_media":23305,"comment_status":"open","ping_status":"closed","template":"","meta":[],"product_brand":[],"product_cat":[3218],"product_tag":[],"class_list":{"0":"post-18968","1":"product","2":"type-product","3":"status-publish","4":"has-post-thumbnail","6":"product_cat-super-hrana-i-dodaci-u-ishrani","7":"pa_cuvanje-na-tamnom-mestu-na-sobnoj-temperaturi","8":"pa_nacin-upotrebe-od-3-do-6-puta-na-dan-sa-vodom-popiti-5-kapsule-formule","9":"pa_period-trajanja-u-zavisnosti-od-koriscenja","10":"pa_period-upotrebe-u-zavisnosti-od-potrebe","11":"pa_proizvodnja-centar-za-prirodnu-medicinu","13":"first","14":"instock","15":"purchasable","16":"product-type-simple"},"_links":{"self":[{"href":"https:\/\/www.centarzaprirodnumedicinu.com\/test\/wp-json\/wp\/v2\/product\/18968","targetHints":{"allow":["GET"]}}],"collection":[{"href":"https:\/\/www.centarzaprirodnumedicinu.com\/test\/wp-json\/wp\/v2\/product"}],"about":[{"href":"https:\/\/www.centarzaprirodnumedicinu.com\/test\/wp-json\/wp\/v2\/types\/product"}],"replies":[{"embeddable":true,"href":"https:\/\/www.centarzaprirodnumedicinu.com\/test\/wp-json\/wp\/v2\/comments?post=18968"}],"version-history":[{"count":1,"href":"https:\/\/www.centarzaprirodnumedicinu.com\/test\/wp-json\/wp\/v2\/product\/18968\/revisions"}],"predecessor-version":[{"id":23306,"href":"https:\/\/www.centarzaprirodnumedicinu.com\/test\/wp-json\/wp\/v2\/product\/18968\/revisions\/23306"}],"wp:featuredmedia":[{"embeddable":true,"href":"https:\/\/www.centarzaprirodnumedicinu.com\/test\/wp-json\/wp\/v2\/media\/23305"}],"wp:attachment":[{"href":"https:\/\/www.centarzaprirodnumedicinu.com\/test\/wp-json\/wp\/v2\/media?parent=18968"}],"wp:term":[{"taxonomy":"product_brand","embeddable":true,"href":"https:\/\/www.centarzaprirodnumedicinu.com\/test\/wp-json\/wp\/v2\/product_brand?post=18968"},{"taxonomy":"product_cat","embeddable":true,"href":"https:\/\/www.centarzaprirodnumedicinu.com\/test\/wp-json\/wp\/v2\/product_cat?post=18968"},{"taxonomy":"product_tag","embeddable":true,"href":"https:\/\/www.centarzaprirodnumedicinu.com\/test\/wp-json\/wp\/v2\/product_tag?post=18968"}],"curies":[{"name":"wp","href":"https:\/\/api.w.org\/{rel}","templated":true}]}}