{"id":18956,"date":"2024-03-26T11:52:58","date_gmt":"2024-03-26T10:52:58","guid":{"rendered":"https:\/\/centarzaprirodnumedicinu.com\/?post_type=product&#038;p=18956"},"modified":"2025-04-09T18:30:57","modified_gmt":"2025-04-09T16:30:57","slug":"ulje-od-magnezijuma","status":"publish","type":"product","link":"https:\/\/www.centarzaprirodnumedicinu.com\/test\/p\/sirova-biljna-ulja\/ulje-od-magnezijuma\/","title":{"rendered":"ULjE OD MAGNEZIJUMA"},"content":{"rendered":"<p><strong>SASTAV:<br \/>\n<em>\u2013 <\/em>Magnezijum hlorid<br \/>\n<\/strong><strong><em>\u2013 <\/em>Destilovana voda<\/strong><\/p>\n<p><strong>KAKO OVO ULjE DELUJE?<br \/>\n<\/strong>Tretmani Mg uljem pobolj\u0161avaju funkciju na\u0161ih \u0107elija i imunog sistema, \u0161tite \u0107elije od oksidativnog o\u0161te\u0107enja, pove\u0107avaju limfnu cirkulaciju. Masa\u017eama Mg uljem ubrzavamo proces podmla\u0111ivanja (obnavljanja starih \u0107elija novim). Transdermalna upotreba Mg ulja je brz i precizan na\u010din da se poprave hroni\u010dna i degenerativna stanja izazvana njegovim nedostatkom.<\/p>\n<p><strong>ZA\u0160TO TREBA DA IMATE OVU FORMULU?<br \/>\n<\/strong>Magnezijum (Mg) je mineral podmla\u0111ivanja. Sa starenjem se smanjuje sposobnost apsorpcije. Degeneraciju karakteri\u0161e akumulacija kalcijuma i gubitak Mg u \u0107elijama. Na\u0161i organi i tkiva kalcifikuju i akumuliraju kalcijum u telu \u0161to dovodi do preranog starenja. Mg pobolj\u0161ava gustinu kostiju i smanjuje rizik od\u00a0osteoporoze, smanjuje fizi\u010dku iscrpljenost i stres. \u010cak i blagi nedostatak Mg mo\u017ee izazvati manjak serotonina i izazvati depresiju, nervozu, agresivnost. Mg ima umiruju\u0107e dejstvo na nervni sistem, poma\u017ee kod nesanice, anksioznosti, razdra\u017eljivosti, glavobolje, konvulzija.<\/p>\n<p><strong>\u00a0<\/strong><\/p>\n","protected":false},"excerpt":{"rendered":"<h6>Vodeni rastvor magnezijum-hlorida.<\/h6>\n<p>Direktnim nanosom na ko\u017eu, magnezijum-hlorid se trenutno apsorbuje u tkiva i na taj na\u010din pove\u0107ava nivo magnezijuma u organizmu. Budu\u0107i da magnezijum pri tome ne prolazi kroz probavni trakt, nema rizika od neprijatnog laksativnog u\u010dinka. Nano\u0161enje ulja magnezijum-hlorida na ko\u017eu pokazalo se i kao dobar na\u010din naokna\u0111ivanja \u201ezaliha\u201c magnezijuma.<\/p>\n","protected":false},"featured_media":23311,"comment_status":"open","ping_status":"closed","template":"","meta":[],"product_brand":[],"product_cat":[3227],"product_tag":[],"class_list":{"0":"post-18956","1":"product","2":"type-product","3":"status-publish","4":"has-post-thumbnail","6":"product_cat-sirova-biljna-ulja","7":"pa_cuvanje-na-sobnoj-temperaturi-na-tamnom-mestu-van-domasaja-dece","8":"pa_nacin-upotrebe-ulje-naneti-i-utrljavati-par-minuta-na-bolno-mesto","9":"pa_period-trajanja-u-zavisnosti-od-koriscenja","10":"pa_period-upotrebe-u-zavisnosti-od-potrebe","11":"pa_proizvodnja-centar-za-priridnu-medicinu","12":"pa_zapremina-50-ml","14":"first","15":"instock","16":"purchasable","17":"product-type-simple"},"_links":{"self":[{"href":"https:\/\/www.centarzaprirodnumedicinu.com\/test\/wp-json\/wp\/v2\/product\/18956","targetHints":{"allow":["GET"]}}],"collection":[{"href":"https:\/\/www.centarzaprirodnumedicinu.com\/test\/wp-json\/wp\/v2\/product"}],"about":[{"href":"https:\/\/www.centarzaprirodnumedicinu.com\/test\/wp-json\/wp\/v2\/types\/product"}],"replies":[{"embeddable":true,"href":"https:\/\/www.centarzaprirodnumedicinu.com\/test\/wp-json\/wp\/v2\/comments?post=18956"}],"version-history":[{"count":1,"href":"https:\/\/www.centarzaprirodnumedicinu.com\/test\/wp-json\/wp\/v2\/product\/18956\/revisions"}],"predecessor-version":[{"id":23312,"href":"https:\/\/www.centarzaprirodnumedicinu.com\/test\/wp-json\/wp\/v2\/product\/18956\/revisions\/23312"}],"wp:featuredmedia":[{"embeddable":true,"href":"https:\/\/www.centarzaprirodnumedicinu.com\/test\/wp-json\/wp\/v2\/media\/23311"}],"wp:attachment":[{"href":"https:\/\/www.centarzaprirodnumedicinu.com\/test\/wp-json\/wp\/v2\/media?parent=18956"}],"wp:term":[{"taxonomy":"product_brand","embeddable":true,"href":"https:\/\/www.centarzaprirodnumedicinu.com\/test\/wp-json\/wp\/v2\/product_brand?post=18956"},{"taxonomy":"product_cat","embeddable":true,"href":"https:\/\/www.centarzaprirodnumedicinu.com\/test\/wp-json\/wp\/v2\/product_cat?post=18956"},{"taxonomy":"product_tag","embeddable":true,"href":"https:\/\/www.centarzaprirodnumedicinu.com\/test\/wp-json\/wp\/v2\/product_tag?post=18956"}],"curies":[{"name":"wp","href":"https:\/\/api.w.org\/{rel}","templated":true}]}}