{"id":18892,"date":"2024-03-13T18:14:33","date_gmt":"2024-03-13T17:14:33","guid":{"rendered":"https:\/\/centarzaprirodnumedicinu.com\/?post_type=product&#038;p=18892"},"modified":"2026-01-05T11:18:15","modified_gmt":"2026-01-05T10:18:15","slug":"sirup-za-srce","status":"publish","type":"product","link":"https:\/\/www.centarzaprirodnumedicinu.com\/test\/p\/biljne-tinkture\/biljne-tinkture-po-receptu-ricarda-sulca\/sirup-za-srce\/","title":{"rendered":"SIRUP ZA SRCE"},"content":{"rendered":"<p><strong>SASTAV:<br \/>\nSirup od:<br \/>\n\u2013 Sve\u017ee bobice divljeg gloga <\/strong><em>(Crataegus monogyna)<\/em><strong><br \/>\n<\/strong><strong>Tinktura od:<br \/>\n\u2013 Bobice gloga<\/strong> (<em>Crataegus monogyna<\/em>)<br \/>\n<strong>\u2013 Cvet crvene deteline <\/strong>(<em>Trifolium pratense<\/em>)<br \/>\n<strong>\u2013 Srda\u010dica <\/strong>(<em>Leonurus cardiaca<\/em>)<br \/>\n<strong>\u2013 Sve\u017ei beli luk\u00a0<\/strong>(<em>Allium sativum<\/em>)<br \/>\n<strong>\u2013 Sve\u017ei koren \u0111umbira (<\/strong><em>Zingiber officinale<\/em>)<br \/>\n<strong>\u2013 Ljuta, \u010dili paprika\u00a0\u00a0<\/strong><em>(Capsicum annuum)<\/em><\/p>\n<p><strong>KAKO OVA FORMULA DELUJE?<br \/>\n<\/strong>Jedn od najva\u017enijih sastojaka u ovoj formuli jeste svakako <strong>plod gloga<\/strong>, koji sadr\u017ei <strong>kardiotoni\u010dne amine<\/strong>, <strong>glukozide<\/strong>, <strong>flavonoide<\/strong>, <strong>mineralne soli kalijuma<\/strong>, <strong>kalcijuma<\/strong>, <strong>natrijuma<\/strong>, <strong>fruktozu<\/strong>, <strong>saponine<\/strong> i <strong>fosfornu kiselinu<\/strong>. Svi ovi nutrijenti uti\u010du na pravilnu prokrvljenost sr\u010danog mi\u0161i\u0107a, na snagu sr\u010dane kontrakcije, uravnote\u017eenost sr\u010danog ritma kao i na normalizovanje krvnog pritiska. Crvena deteina i beli luk su odli\u010dni \u010dista\u010di krvi, pro\u010disti\u0107e krvne sudove i razredi\u0107e gustu krv. <strong>Ljuta paprika<\/strong> i <strong>\u0111umbir<\/strong> su tu da poja\u010daju cirkulaciju dok ljuta paprika <strong>\u0161alje vi\u0161e krvi u srce<\/strong>, \u0111umbir podsti\u010de kretanje krvi ka ekstremitetima i nazad, \u0161to ih \u010dini odli\u010dnim tandemom za povec\u0301anje cirkulacije u telu.<\/p>\n<p><strong>ZA\u0160TO TREBA DA IMATE OVAJ SIRUP?<br \/>\n<\/strong>Svako treba da za\u0161titi svoje srce, mozak, krvne sudove, arterije, vene i kapilare&#8230; SVAKO. Zaustavljanje broja umrlih od sr\u010danih oboljenja je jedan od najvec\u0301ih prioriteta prirodne medicine. <strong>Dr Ri\u010dard \u0160ulc<\/strong> je jednom rekao, <em>&#8222;Zamislite tempiranu bombu ispod va\u0161eg automobila, ali umesto da detonirate bombu, vi perete auto i mo\u017eda mu pobolj\u0161avate performanse. Sve ove stvari popravljaju izgled va\u0161eg auta i pokre\u0107u ga bolje, ali sutradan, bomba i dalje mo\u017ee da eksplodira. Formula &#8222;<strong>Srce<\/strong>&#8220; mo\u017ee da vam pomogne da detonirate ovu tempiranu bombu.&#8220;<\/em><\/p>\n","protected":false},"excerpt":{"rendered":"<h6>Biljni sirup po receptu Ri\u010darda \u0160ulca za ja\u010danje funkcije i rada srca<\/h6>\n<p>Mnogi ljudi koriste samo sirup od gloga kao lek. Dok ga Ri\u010dard \u0160ulc koristi samo <strong>kao bazu<\/strong> za jo\u0161 sna\u017enije tonike za srce. Lek dr Kristofera jeste sirup od bobica gloga. To je lepo, ali kao \u0161to znamo, nedovoljno za ljude koji su u 90-tim godinama. Su\u0161tina je u tome da ako ste ve\u0107 imali sr\u010dani napad, onda nam je potrebno ne\u0161to mnogo ja\u010de od obi\u010dnog sirupa od gloga, tinkture od gloga ili tinkture za srce. Evo jedne sna\u017ene formule za srce od <strong>Ri\u010darda \u0160ulca<\/strong> napravljena je na bazi <strong>sirupa od gloga<\/strong> sa &#8222;<strong>tinkturom za srce<\/strong>&#8222;.<\/p>\n","protected":false},"featured_media":25465,"comment_status":"open","ping_status":"closed","template":"","meta":[],"product_brand":[],"product_cat":[3610],"product_tag":[3685,3634,3624,3618,3641,3686,3622,3684,3687,3631],"class_list":{"0":"post-18892","1":"product","2":"type-product","3":"status-publish","4":"has-post-thumbnail","6":"product_cat-biljne-tinkture-po-receptu-ricarda-sulca","7":"product_tag-aritmija","8":"product_tag-beli-luk","9":"product_tag-biljne-tinkture","10":"product_tag-biljne-tinkture-ricarda-sulca","11":"product_tag-crvena-detelina","12":"product_tag-glog","13":"product_tag-ljuta-paprika","14":"product_tag-srce","15":"product_tag-srdacica","16":"product_tag-djumbir","17":"pa_cuvanje-na-tamnom-i-hladnom-mestu","18":"pa_nacin-upotrebe-od-jedne-cajne-kasicice-3-puta-dnevno-do-jedne-supene-kasike-8-puta-dnevno-kod-ozbiljnijih-problema-konzumirati-na-svakih-30-minuta-po-jednu-supenu-kasiku-promuckati-pre-upotrebe","19":"pa_period-trajanja-ako-se-uzima-po-jedna-supena-kasika-jednom-na-dan-tinktura-moze-trajati-7-dana","20":"pa_period-upotrebe-za-najbolji-preventivni-efekat-tnkturu-uzimati-14-30-dana-kod-tezih-oboljenja-30-90-dana","21":"pa_proizvodnja-centar-za-prirodnu-medicinu","22":"pa_zapremina-100-ml","24":"first","25":"instock","26":"purchasable","27":"product-type-simple"},"_links":{"self":[{"href":"https:\/\/www.centarzaprirodnumedicinu.com\/test\/wp-json\/wp\/v2\/product\/18892","targetHints":{"allow":["GET"]}}],"collection":[{"href":"https:\/\/www.centarzaprirodnumedicinu.com\/test\/wp-json\/wp\/v2\/product"}],"about":[{"href":"https:\/\/www.centarzaprirodnumedicinu.com\/test\/wp-json\/wp\/v2\/types\/product"}],"replies":[{"embeddable":true,"href":"https:\/\/www.centarzaprirodnumedicinu.com\/test\/wp-json\/wp\/v2\/comments?post=18892"}],"version-history":[{"count":1,"href":"https:\/\/www.centarzaprirodnumedicinu.com\/test\/wp-json\/wp\/v2\/product\/18892\/revisions"}],"predecessor-version":[{"id":25466,"href":"https:\/\/www.centarzaprirodnumedicinu.com\/test\/wp-json\/wp\/v2\/product\/18892\/revisions\/25466"}],"wp:featuredmedia":[{"embeddable":true,"href":"https:\/\/www.centarzaprirodnumedicinu.com\/test\/wp-json\/wp\/v2\/media\/25465"}],"wp:attachment":[{"href":"https:\/\/www.centarzaprirodnumedicinu.com\/test\/wp-json\/wp\/v2\/media?parent=18892"}],"wp:term":[{"taxonomy":"product_brand","embeddable":true,"href":"https:\/\/www.centarzaprirodnumedicinu.com\/test\/wp-json\/wp\/v2\/product_brand?post=18892"},{"taxonomy":"product_cat","embeddable":true,"href":"https:\/\/www.centarzaprirodnumedicinu.com\/test\/wp-json\/wp\/v2\/product_cat?post=18892"},{"taxonomy":"product_tag","embeddable":true,"href":"https:\/\/www.centarzaprirodnumedicinu.com\/test\/wp-json\/wp\/v2\/product_tag?post=18892"}],"curies":[{"name":"wp","href":"https:\/\/api.w.org\/{rel}","templated":true}]}}