{"id":18888,"date":"2024-03-13T17:42:53","date_gmt":"2024-03-13T16:42:53","guid":{"rendered":"https:\/\/centarzaprirodnumedicinu.com\/?post_type=product&#038;p=18888"},"modified":"2025-06-02T10:33:52","modified_gmt":"2025-06-02T08:33:52","slug":"zeleni-orah","status":"publish","type":"product","link":"https:\/\/www.centarzaprirodnumedicinu.com\/test\/p\/biljne-tinkture\/biljne-tinkture-po-receptu-nikole-markovica\/zeleni-orah\/","title":{"rendered":"ZELENI ORAH"},"content":{"rendered":"<p><strong>SASTAV:<\/strong><br \/>\n<strong>&#8211; Plod mladog zelenog oraha <\/strong>(<em>Juglans regia<\/em>)<\/p>\n<p><strong>KAKO OVA FORMULA DELUJE?<br \/>\n<\/strong>Zeleni orah je poznat kao lekovita biljka i dobar izvor hranjivih elemanata jo\u0161 od anti\u010dkih vremena. Njegova tinktura se dobija iz nezrelih plodova zelenog oraha, koji su bogati juglonima i drugim aktivnim materijama. Tinktura zelenog oraha ima \u0161irok spektar lekovitih svojstava. Glavni sastojci tinkture su jugloni, koji deluju kao prirodni antimikrobici i antiparazitici. <strong>Jugloni<\/strong> u tinkturi zelenog oraha se smatraju u\u010dinkovitim u borbi protiv crevnih parazita, kao \u0161to su gliste, crvi i drugi patogeni. <strong>Tako\u0111er se koristi za pobolj\u0161anje probave i za borbu protiv raznih infekcija, uklju\u010duju\u0107i gljivice, bakterije i viruse<\/strong>. Tinktura se tako\u0111e koristi za pobolj\u0161anje imunog sistema i borbu protiv slobodnih radikala.<\/p>\n<p><strong>ZA\u0160TO TREBATE DA IMATE OVU TINKTURU?<br \/>\n<\/strong><strong>Zeleni orasi sadr\u017ee<\/strong>\u00a0mnogo korisnih materija. To su <strong>vitamin C<\/strong>, vitamini <strong>B1, B2, B3, B8<\/strong>,\u00a0<strong>vitamin E<\/strong>, kao i vitamin PP. Pored toga, zeleni orasi sadr\u017ee dosta aromati\u010dnih jedinjenja, belan\u010devina, joda, organskih kiselina, polinezasi\u0107enih masnih kiselina,\u00a0flavonoida, kalcijuma, kobalta, kalijuma,\u00a0magnezijuma,\u00a0fosfora.<\/p>\n","protected":false},"excerpt":{"rendered":"<h6>Biljna tinktura po receptu Nikole Markovi\u0107a od zelenog oraha<\/h6>\n<p>Tinktura zelenog oraha je bogata <strong>vitaminim C<\/strong> koga u ko\u017eici zelenih oraha ima 50 puta ve\u0161e nego u limunu, zato ga smatramo najboljim izvorom dragocenog antioksidansa. Tako\u0111e sadr\u017ei vitamine E i P, kao i polinezasi\u0107ene masne kiseline, koje su va\u017ene za zdravlje mu\u0161karaca. <strong>Zeleni orasi pobolj\u0161avaju kvalitet sperme<\/strong>. Isto tako se koriste kod \u017eenskog zdravlja, orasi su veoma korisni za ubla\u017eavanje <strong>cista, endometrioze i bolne menstruacije<\/strong>.<\/p>\n","protected":false},"featured_media":25453,"comment_status":"open","ping_status":"closed","template":"","meta":[],"product_brand":[],"product_cat":[3614],"product_tag":[3675,3760,3798,3799,3804,3728,3617,3803,3802],"class_list":{"0":"post-18888","1":"product","2":"type-product","3":"status-publish","4":"has-post-thumbnail","6":"product_cat-biljne-tinkture-po-receptu-nikole-markovica","7":"product_tag-bakterije","8":"product_tag-biljne-tinkture-nikole-markovica","9":"product_tag-gljivice","10":"product_tag-nikola-markovic","11":"product_tag-paraziti","12":"product_tag-pelin","13":"product_tag-tinkture","14":"product_tag-vitamin-c","15":"product_tag-zeleni-orah","16":"pa_cuvanje-na-sobnoj-temperaturi-na-tamnom-mestu","17":"pa_nacin-upotrebe-od-80-kapi-3-puta-dnevno-do-160-kapi-6-puta-dnevno-promuckati-pre-upotrebe","18":"pa_period-trajanja-ako-se-uzima-po-80-kapi-3-puta-dnevno-tinktura-moze-trajati-7-dana","19":"pa_period-upotrebe-za-najbolji-preventivni-efekat-tnkturu-uzimati-14-30-dana-kod-tezih-oboljenja-30-90-dana","20":"pa_proizvodnja-centar-za-priridnu-medicinu","21":"pa_zapremina-50-ml","23":"first","24":"instock","25":"shipping-taxable","26":"purchasable","27":"product-type-simple"},"_links":{"self":[{"href":"https:\/\/www.centarzaprirodnumedicinu.com\/test\/wp-json\/wp\/v2\/product\/18888","targetHints":{"allow":["GET"]}}],"collection":[{"href":"https:\/\/www.centarzaprirodnumedicinu.com\/test\/wp-json\/wp\/v2\/product"}],"about":[{"href":"https:\/\/www.centarzaprirodnumedicinu.com\/test\/wp-json\/wp\/v2\/types\/product"}],"replies":[{"embeddable":true,"href":"https:\/\/www.centarzaprirodnumedicinu.com\/test\/wp-json\/wp\/v2\/comments?post=18888"}],"version-history":[{"count":1,"href":"https:\/\/www.centarzaprirodnumedicinu.com\/test\/wp-json\/wp\/v2\/product\/18888\/revisions"}],"predecessor-version":[{"id":23296,"href":"https:\/\/www.centarzaprirodnumedicinu.com\/test\/wp-json\/wp\/v2\/product\/18888\/revisions\/23296"}],"wp:featuredmedia":[{"embeddable":true,"href":"https:\/\/www.centarzaprirodnumedicinu.com\/test\/wp-json\/wp\/v2\/media\/25453"}],"wp:attachment":[{"href":"https:\/\/www.centarzaprirodnumedicinu.com\/test\/wp-json\/wp\/v2\/media?parent=18888"}],"wp:term":[{"taxonomy":"product_brand","embeddable":true,"href":"https:\/\/www.centarzaprirodnumedicinu.com\/test\/wp-json\/wp\/v2\/product_brand?post=18888"},{"taxonomy":"product_cat","embeddable":true,"href":"https:\/\/www.centarzaprirodnumedicinu.com\/test\/wp-json\/wp\/v2\/product_cat?post=18888"},{"taxonomy":"product_tag","embeddable":true,"href":"https:\/\/www.centarzaprirodnumedicinu.com\/test\/wp-json\/wp\/v2\/product_tag?post=18888"}],"curies":[{"name":"wp","href":"https:\/\/api.w.org\/{rel}","templated":true}]}}