{"id":18869,"date":"2024-03-11T21:10:50","date_gmt":"2024-03-11T20:10:50","guid":{"rendered":"https:\/\/centarzaprirodnumedicinu.com\/?post_type=product&#038;p=18869"},"modified":"2025-04-09T13:26:34","modified_gmt":"2025-04-09T11:26:34","slug":"creva-1-kapsule","status":"publish","type":"product","link":"https:\/\/www.centarzaprirodnumedicinu.com\/test\/p\/biljne-formule\/creva-1-kapsule\/","title":{"rendered":"CREVA #1 &#8211; kapsule"},"content":{"rendered":"<p><strong>KAKO OVA FORMULA DELUJE<br \/>\n<\/strong>Formula\u00a0<strong>Creva #1<\/strong>\u00a0ubla\u017eava zatvor i poma\u017ee vam da imate vi\u0161e redovnih i potpunijih pra\u017enjenja creva. Tako\u0111e stimuli\u0161e prirodni rad mi\u0161ic\u0301a debelog creva i ja\u010da te mi\u0161ic\u0301e. Ona zaustavlja truljenje, ubla\u017eava i le\u010di, pobolj\u0161ava varenje i ubla\u017eava gasove i neprijatnost od gr\u010deva.\u00a0Tako\u0111e povec\u0301ava protok \u017eu\u010di, \u0161to zauzvrat \u010disti \u017eu\u010dnu kesu, \u017eu\u010dne puteve i jetru i podsti\u010de zdravu crevnu floru. Osim toga, \u010dini nemoguc\u0301im mnoge crevne uljeze da pre\u017eive.<\/p>\n<p>NAPOMENA:\u00a0Ako su va\u0161a creva iritirana, gore ili rade pre\u010desto,presko\u010dite formulu <strong>Creva #1<\/strong> i pre\u0111ite direktno na formulu\u00a0<strong>Creva #2<\/strong>.<\/p>\n<p><strong>NA\u010cIN UPOTREBE<\/strong><br \/>\nBiljna formula <strong>&#8222;Creva #1&#8220;<\/strong> se uzima jednom dnevno uve\u010de ili ujutru. Prvi dan programa \u010di\u0161\u0107enja creva konzumirati odjednom 6 kapsula crevne formule <strong>&#8222;Creva #1&#8220;<\/strong> i nakon toga popiti 2 dl vode (kod te\u017eih slu\u010dajeva zatvora prvo ve\u010de krenuti odmah sa 9 ili 12 kapsula odjednom). Ukoliko budete imali poja\u010dano pra\u017enjenje tokom narednog dana (2 ili vi\u0161e stolica) onda nastavite sa istom dozom i u nastavku terapije. Me\u0111utim, ukoliko prvog dana niste dobili poja\u010dano pra\u017enjenje poja\u010dajte dozu za jo\u0161 3 kapsule (6+3=9). Ukoliko i narednog dana niste zadovoljni sa va\u0161im pra\u017enjenjem poja\u010davajte dozu iz dana u dan za po 3 kapsule (9+3=12, 12+3=15,.. itd), sve dok ne dobijete poja\u010dano pra\u017enjenje. Kada dobijete poja\u010dano pra\u017enjenje ponovite postupak dozom kojom ste dobili poja\u010dano pra\u017enjenje i narednih 3-5 dana ili dok ne potro\u0161ite sav sadr\u017eaj teglice.<\/p>\n<p>Program \u010di\u0161\u0107enja creva (uklju\u010duje i formulu\u00a0<strong>Creva#2<\/strong>)<br \/>\nKrenuti sa formulom <strong>&#8222;Creva #1&#8220;<\/strong> i koristiti je prema ve\u0107 opisanom postupku. Kada dobijete poja\u010dano pra\u017enjenje ponovite postupak dozom kojom ste dobili poja\u010dano pra\u017enjenje i narednih 3-5 dana. Nakon toga mo\u017eete u program da uvrstite i formulu <strong>&#8222;Creva #2&#8220;<\/strong>. Po\u010dnite sa uzimanjem formule &#8222;Creva #2&#8220;, 3-5 puta dnevno uzimaju\u0107i po 5 kapsula (1\/2 ka\u0161i\u010dice) odjednom sa sokom ili vodom, a uve\u010de uzimajte odgovaraju\u0107u dozu (kojom ste dobili poja\u010dano pra\u017enjenje ili ne\u0161to ja\u010du dozu zbog antidijaroi\u010dnog dejstva formule &#8222;Creva #2&#8220;) formule &#8222;Creva #1&#8220;. Ovaj program \u010di\u0161\u0107enja sprovoditi barem 7 dana (mo\u017ee i du\u017ee) nakon uspostavljanja poja\u010danog pra\u017enjenja creva.<\/p>\n<p><strong><br \/>\nZA\u0160TO TREBA DA IMATE OVU FORMULU?<br \/>\n<\/strong>Ovo na\u0161e telo mora da ima nekog neverovatnog in\u017eenjera. Sve ima svoje mesto i nema praznog prostora. Ako jedan organ otekne, onda je neki drugi organ biva pritiskan i gnje\u010den. Organi ne rade dobro kada su zgnje\u010deni, a cirkulacija se prekida. Svaki organ mora da ima dobru cirkulaciju da bi dobio hranu i izbacio otpad, kako bi bio zdrav. Va\u0161e debelo crevo je toliko veliko da je povezano, dodiruje ili je u blizini svakog vec\u0301eg organa u telu, osim mozga. Tako\u0111e doti\u010de vec\u0301inu va\u0161ih krvnih sudova i nerava. Zatvor uzrokuje da debelo crevo nabubri i kada se to dogodi, mo\u017ee pritiskati pluc\u0301a, srce, jetru, \u017eu\u010dnu kesu, pankreas, bubrege, nadbubre\u017ene \u017elezde, matericu ili prostatu. Zatvor debelog creva mo\u017ee da dovede do skoro beskona\u010dnog broja naizgled nepovezanih bolesti i problema. Formula Creva #1 elimini\u0161e zatvor i podsti\u010de redovno i potpuno pra\u017enjenje creva..<\/p>\n","protected":false},"excerpt":{"rendered":"<h6>Biljna formula za pobolj\u0161anje rada creva<\/h6>\n<p>Vec\u0301ina otpada iz hrane i pi\u0107a se deponuje u crevima. Prose\u010dan \u010dovek skladi\u0161ti od 5 do 6 kilograma fekalnih materija u svom debelom crevu. Ako se ovaj toksi\u010dni otpad redovno ne elimini\u0161e, to c\u0301e izazvati va\u0161e telo da bude puno toksina, \u0161to \u0107e ga \u010diniti tromim i nezdravim. Ova formula je dizajnirana da pomogne pacijentima da se oslobode <strong>nagomilanog toksi\u010dnog otpada<\/strong>.<\/p>\n","protected":false},"featured_media":23300,"comment_status":"open","ping_status":"closed","template":"","meta":[],"product_brand":[],"product_cat":[3215],"product_tag":[],"class_list":{"0":"post-18869","1":"product","2":"type-product","3":"status-publish","4":"has-post-thumbnail","6":"product_cat-biljne-formule","7":"pa_cuvanje-na-sobnoj-temperaturi-na-tamnom-mestu","8":"pa_nacin-upotrebe-rano-ujutro-ili-pred-spavanje-popiti-5kapsule-ili-vise-u-zavisnosti-od-potrebe-formule","9":"pa_period-trajanja-ako-se-uzima-5kapsula-na-dan-formula-moze-trajati-16-dana","10":"pa_period-upotrebe-za-najbolji-preventivni-efekat-formulu-uzimati-najmanje-7-dana","11":"pa_proizvodnja-centar-za-prirodnu-medicinu","13":"first","14":"instock","15":"purchasable","16":"product-type-simple"},"_links":{"self":[{"href":"https:\/\/www.centarzaprirodnumedicinu.com\/test\/wp-json\/wp\/v2\/product\/18869","targetHints":{"allow":["GET"]}}],"collection":[{"href":"https:\/\/www.centarzaprirodnumedicinu.com\/test\/wp-json\/wp\/v2\/product"}],"about":[{"href":"https:\/\/www.centarzaprirodnumedicinu.com\/test\/wp-json\/wp\/v2\/types\/product"}],"replies":[{"embeddable":true,"href":"https:\/\/www.centarzaprirodnumedicinu.com\/test\/wp-json\/wp\/v2\/comments?post=18869"}],"version-history":[{"count":1,"href":"https:\/\/www.centarzaprirodnumedicinu.com\/test\/wp-json\/wp\/v2\/product\/18869\/revisions"}],"predecessor-version":[{"id":23303,"href":"https:\/\/www.centarzaprirodnumedicinu.com\/test\/wp-json\/wp\/v2\/product\/18869\/revisions\/23303"}],"wp:featuredmedia":[{"embeddable":true,"href":"https:\/\/www.centarzaprirodnumedicinu.com\/test\/wp-json\/wp\/v2\/media\/23300"}],"wp:attachment":[{"href":"https:\/\/www.centarzaprirodnumedicinu.com\/test\/wp-json\/wp\/v2\/media?parent=18869"}],"wp:term":[{"taxonomy":"product_brand","embeddable":true,"href":"https:\/\/www.centarzaprirodnumedicinu.com\/test\/wp-json\/wp\/v2\/product_brand?post=18869"},{"taxonomy":"product_cat","embeddable":true,"href":"https:\/\/www.centarzaprirodnumedicinu.com\/test\/wp-json\/wp\/v2\/product_cat?post=18869"},{"taxonomy":"product_tag","embeddable":true,"href":"https:\/\/www.centarzaprirodnumedicinu.com\/test\/wp-json\/wp\/v2\/product_tag?post=18869"}],"curies":[{"name":"wp","href":"https:\/\/api.w.org\/{rel}","templated":true}]}}