{"id":17795,"date":"2023-02-13T15:35:34","date_gmt":"2023-02-13T14:35:34","guid":{"rendered":"https:\/\/centarzaprirodnumedicinu.com\/?post_type=product&#038;p=17795"},"modified":"2025-06-01T22:55:13","modified_gmt":"2025-06-01T20:55:13","slug":"pluca-2","status":"publish","type":"product","link":"https:\/\/www.centarzaprirodnumedicinu.com\/test\/p\/biljne-tinkture\/biljne-tinkture-po-receptu-dzona-kristofera\/pluca-2\/","title":{"rendered":"PLU\u0106A"},"content":{"rendered":"<p><strong>SASTAV:<\/strong><br \/>\n&#8211; <strong>Koren gaveza<\/strong> (<em>Symphytum officinale<\/em>)<br \/>\n&#8211; <strong>Divizma<\/strong> (<em>Verbascum thapsus<\/em>)<br \/>\n&#8211; <strong>Mi\u0161jakinja<\/strong> (<em>Stellaria media<\/em>)<br \/>\n&#8211; <strong>Beli slez<\/strong> (<em>Althaea officinalis<\/em>)<br \/>\n&#8211; <strong>Lobelija<\/strong> (<em>Lobelia inflata<\/em>)<\/p>\n<p><strong>KAKO OVA FORMULA DELUJE?<br \/>\nKoren gaveza<\/strong> obiluje sluzi, a sadr\u017ei jo\u0161 <strong>smole<\/strong>, <strong>tanine<\/strong>, <strong>etarsko ulje<\/strong>, <strong>asparagin<\/strong>, \u0161e\u0107er, purinski derivat alantoin, glikoalkaloid konsolidin i malo otrovnog alkaloida simfitocinoglosina stoga je vredna biljka koja nam poma\u017ee kod <strong>bronhijalne astme<\/strong>, <strong>tuberkuloze<\/strong> plu\u0107a i <strong>izbacivanja krvi<\/strong> iz plu\u0107a. Aktivni sastojci <strong>cveta divizme<\/strong> imaju <strong>protivupalno<\/strong>, <strong>antisepti\u010dno<\/strong>, <strong>antiviralno<\/strong> i analgeti\u010dno delovanje. Prisutne <strong>sluzi<\/strong> obla\u017eu iritiranu sluzoko\u017eu disajnih organa, <strong>razre\u0111uju gust bronhijalni sekret<\/strong> \u010dime se olak\u0161ava iska\u0161ljavanje. <strong>Mi\u0161jakinja<\/strong> je biljka koja je odli\u010dna za plu\u0107ne probleme, za bilo koje unutra\u0161nje ili spolja\u0161nje zapaljenje <strong>membrana<\/strong> ili ko\u017ee, slabosti kod disanja a naro\u010dito krvarenje iz plu\u0107a. <strong>Beli slez<\/strong>\u00a0se u medicini smatra jednim od najboljih sredstava za oblaganje sluzoko\u017ee zahvaljuju\u0107i visokom sadr\u017eaju sluzi. Na prvom mestu le\u010di disajne ne organe \u2013 upalu grla, <strong>bronhitis<\/strong>, potom <strong>olak\u0161ava ka\u0161alj<\/strong> i <strong>zapaljenje plu\u0107a<\/strong>, poma\u017ee pri iska\u0161ljavanju, \u010disti usnu duplju, \u010disti plu\u0107a. I na kraju <strong>lobelija<\/strong>\u00a0je biljka koja \u0107e pokrenuti\u00a0<strong>iska\u0161ljavanje<\/strong>, ako se u va\u0161im plu\u0107ima nalazi sekret ili lepljiva masa sluzi sve \u0107e to\u00a0<strong>iza\u0107i napolje<\/strong>. Ovo je stara kombinacija lekovitog bilja sa kojom je dr Kristofer postizao velike rezultate u svojoj lekarskoj praksi.<strong><br \/>\n<\/strong><\/p>\n","protected":false},"excerpt":{"rendered":"<h6>Biljna tinktura za pobolj\u0161anje rada plu\u0107a po receptu D\u017eona Kristofera<\/h6>\n<p>Kombinacija biljaka u tinkturi &#8222;<strong>Plu\u0107a<\/strong>&#8220; je prva pomo\u0107 u osloba\u0111anju <strong>iritacije<\/strong> u respiratornom traktu, <strong>plu\u0107ima<\/strong> i <strong>bronhijama<\/strong>. Poma\u017ee kod <strong>emfizema<\/strong> kao i kod drugih bronhijalnih i plu\u0107nih zakr\u010denja kao \u0161to je <strong>bronhitis<\/strong>, <strong>astma<\/strong>, <strong>zapaljenje<\/strong>, itd. Ova formula dr Kristofera je veoma vredna u oja\u010davanju i izle\u010denju celog respiratornog trakta. Podsti\u010de <strong>ispu\u0161tanje sluznih sekreta<\/strong> iz bornhijalno-plu\u0107nih prolaza..<\/p>\n","protected":false},"featured_media":25447,"comment_status":"open","ping_status":"closed","template":"","meta":[],"product_brand":[],"product_cat":[3611],"product_tag":[3742,3782,3624,3688,3780,3704,3779,3781,3648,3740,3778],"class_list":{"0":"post-17795","1":"product","2":"type-product","3":"status-publish","4":"has-post-thumbnail","6":"product_cat-biljne-tinkture-po-receptu-dzona-kristofera","7":"product_tag-astma","8":"product_tag-beli-slez","9":"product_tag-biljne-tinkture","10":"product_tag-biljne-tinkture-dzona-kristofera","11":"product_tag-bronhitis","12":"product_tag-divizma","13":"product_tag-emfizem","14":"product_tag-gavez","15":"product_tag-lobelija","16":"product_tag-pluca","17":"product_tag-zapaljenje-pluca","18":"pa_cuvanje-na-sobnoj-temperaturi-na-tamnom-mestu","19":"pa_nacin-upotrebe-od-80-kapi-3-puta-dnevno-do-160-kapi-6-puta-dnevno-promuckati-pre-upotrebe","20":"pa_period-trajanja-ako-se-uzima-po-80-kapi-3-puta-dnevno-tinktura-moze-trajati-7-dana","21":"pa_period-upotrebe-za-najbolji-preventivni-efekat-tnkturu-uzimati-7-14-dana-kod-tezih-oboljenja-30-90-dana","22":"pa_proizvodnja-centar-za-priridnu-medicinu","23":"pa_zapremina-50-ml","25":"first","26":"instock","27":"shipping-taxable","28":"purchasable","29":"product-type-simple"},"_links":{"self":[{"href":"https:\/\/www.centarzaprirodnumedicinu.com\/test\/wp-json\/wp\/v2\/product\/17795","targetHints":{"allow":["GET"]}}],"collection":[{"href":"https:\/\/www.centarzaprirodnumedicinu.com\/test\/wp-json\/wp\/v2\/product"}],"about":[{"href":"https:\/\/www.centarzaprirodnumedicinu.com\/test\/wp-json\/wp\/v2\/types\/product"}],"replies":[{"embeddable":true,"href":"https:\/\/www.centarzaprirodnumedicinu.com\/test\/wp-json\/wp\/v2\/comments?post=17795"}],"version-history":[{"count":1,"href":"https:\/\/www.centarzaprirodnumedicinu.com\/test\/wp-json\/wp\/v2\/product\/17795\/revisions"}],"predecessor-version":[{"id":25448,"href":"https:\/\/www.centarzaprirodnumedicinu.com\/test\/wp-json\/wp\/v2\/product\/17795\/revisions\/25448"}],"wp:featuredmedia":[{"embeddable":true,"href":"https:\/\/www.centarzaprirodnumedicinu.com\/test\/wp-json\/wp\/v2\/media\/25447"}],"wp:attachment":[{"href":"https:\/\/www.centarzaprirodnumedicinu.com\/test\/wp-json\/wp\/v2\/media?parent=17795"}],"wp:term":[{"taxonomy":"product_brand","embeddable":true,"href":"https:\/\/www.centarzaprirodnumedicinu.com\/test\/wp-json\/wp\/v2\/product_brand?post=17795"},{"taxonomy":"product_cat","embeddable":true,"href":"https:\/\/www.centarzaprirodnumedicinu.com\/test\/wp-json\/wp\/v2\/product_cat?post=17795"},{"taxonomy":"product_tag","embeddable":true,"href":"https:\/\/www.centarzaprirodnumedicinu.com\/test\/wp-json\/wp\/v2\/product_tag?post=17795"}],"curies":[{"name":"wp","href":"https:\/\/api.w.org\/{rel}","templated":true}]}}