{"id":17791,"date":"2023-02-13T12:17:54","date_gmt":"2023-02-13T11:17:54","guid":{"rendered":"https:\/\/centarzaprirodnumedicinu.com\/?post_type=product&#038;p=17791"},"modified":"2025-06-02T10:23:00","modified_gmt":"2025-06-02T08:23:00","slug":"hormoni","status":"publish","type":"product","link":"https:\/\/www.centarzaprirodnumedicinu.com\/test\/p\/biljne-tinkture\/biljne-tinkture-po-receptu-dzona-kristofera\/hormoni\/","title":{"rendered":"HORMONI"},"content":{"rendered":"<p><strong>SASTAV:<br \/>\n&#8211; Divlji ruzmarin<\/strong> (<em>Cimicifuga racemosa<\/em>)<br \/>\n<strong>&#8211; Sarsaparila<\/strong> (<em>Smilax ornata<\/em>)<br \/>\n<strong>&#8211; \u017den \u0161en<\/strong> (<em>Panax quinquefolius<\/em>)<br \/>\n<strong>&#8211; Sladi\u0107<\/strong> (<em>Glycyrrhiza glabra<\/em>)<br \/>\n<strong>&#8211; La\u017eni jednorog<\/strong> (<em>Chamaelirium luteum<\/em>)<br \/>\n<strong>&#8211; Bla\u017eeni \u010dkalj<\/strong> (<em>Cnicus benedictus<\/em>)<br \/>\n<strong>&#8211; Jarebicina bobica<\/strong> (<em>Mitchella repens<\/em>)<\/p>\n<p><strong>KAKO OVA FORMULA DELUJE?<br \/>\n<\/strong>Ovo je prirodna biljna hrana koja je potrebna mu\u0161karcima i \u017eenama u svakom dobu. Po\u0161to su biljke, ljudsko telo mo\u017ee da <strong>prihvati<\/strong>, <strong>asimiluje<\/strong> i koristi ove potrebne materije, kako bi prirodnim putem proizvelo <strong>estrogen<\/strong> i druge hormone. Ova formula \u0107e pomo\u0107i u obnavljanju slabih i o\u0161te\u0107enih oblasti I pomo\u0107i da se organi o\u010duvaju zdravi, tako da mogu da se snabdevaju pravim koli\u010dinama <strong>hormona<\/strong>. <strong>Divlji ruzmarin<\/strong> <a href=\"https:\/\/www.hindawi.com\/journals\/ecam\/2013\/860602\/\" target=\"_blank\" rel=\"noopener\">\u00a0sadr\u017ei<\/a>\u00a0triterpenske saponine, uklju\u010duju\u0107i i <strong>aktein<\/strong>, <strong>cimifugosid<\/strong>, <strong>cimiracemosid A<\/strong>, izoflavon <strong>formononetin<\/strong>, <strong>flavonol<\/strong> <strong>kemferol<\/strong>, fenilpropanoide kao \u0161to su ferulinska i hidroksicinami\u010dna kiselina, a tu su i alkaloidi (<em>citisin, N-metil citisin<\/em>), smole i tanini. Do nedavno se smatralo da je cimicifuga sna\u017ena <strong>fitoestrogenska biljka. <\/strong>Ova biljka deluje tako \u0161to direktno <strong>pospe\u0161uje lu\u010denje hormona serotonina<\/strong>, dopamina i neurotransmitera gamaaminobutri\u010dne kiseline (GABA), \u010diji pad je\u00a0<a href=\"https:\/\/www.ncbi.nlm.nih.gov\/pmc\/articles\/PMC5265922\/\" target=\"_blank\" rel=\"noopener\">\u010dest u menopauzi<\/a> \u0161to za posledicu ima neraspolo\u017eenje i depresiju. <a href=\"https:\/\/en.wikipedia.org\/wiki\/Smilax_ornata\" target=\"_blank\" rel=\"noopener\"><strong>Sarsaparila<\/strong><\/a>\u00a0u ovoj formuli slu\u017ei radi uspostavljanju zdravlja i ravnote\u017ee samog hormonalnog sistema, ona podize op\u0161ti energetski nivo tela, ja\u010dajuci pritom sam mentalni sistem i\u00a0<strong>libido<\/strong>. <strong>La\u017eni jednorog<\/strong> je jedan od najboljih stimulativnih tonika za <strong>matericu<\/strong> i <strong>jajnike<\/strong>. Mo\u017ee se koristiti da ispravi skoro bilo koji problem u <strong>reproduktivnim organima<\/strong> kod mu\u0161kara i kod \u017eena, a tako\u0111e je i odli\u010dan op\u0161ti tonik. Najvredniji je regenerativ, revitaliziraju\u0107i agens u slu\u010dajevima dispepsije i slabosti reproduktivnih organa. <strong>Jerebicina bobica<\/strong> je biljka koju smo dobili kao jo\u0161 jedno zave\u0161tanje od ameri\u010dkih Indijanaca, koji su je visoko cenili kao <strong>materi\u010dni tonik<\/strong> tokom trudno\u0107e i kao ispomo\u0107 tokom poro\u0111aja. Ona \u010dini poro\u0111aj sigurnim i predivno lakim. Veoma je blagotvorna za <strong>materi\u010dne probleme<\/strong>, a najefektivnija je kao <strong>regulator \u017eenskih procesa<\/strong>. U radu, od strane nekih herbalista je cenjenija nego listovi maline.<\/p>\n","protected":false},"excerpt":{"rendered":"<h6>Biljna tinktura za uravnote\u017eivanje rada hormona po receptu D\u017eona Kristofera<\/h6>\n<p>Kriti\u010dna vremena u kojima je ova formula neophodna jesu ulazak u <strong>pubertet<\/strong>, tokom <strong>trudno\u0107e<\/strong>, tokom nedelja, a ponekad i meseci <strong>nakon poro\u0111aja<\/strong> i tokom <strong>menopauze<\/strong>. Lekovito bilje je prirodna hrana, tako da nema negativnih ne\u017eeljenih efekata. Naknadno dejstvo je veoma evidentno kod sinteti\u010dkih lekova, pravljenih od strane \u010doveka. Kada god se pojavi nepravilnost kod <strong>\u017eenskih reproduktivnih organa<\/strong>, dobro je da se koriste formule &#8222;<strong>\u017denska formula<\/strong>&#8220; kod \u017eena i &#8222;<strong>Mu\u0161ka formula<\/strong>&#8220; ako su u pitanju problemi kod mu\u0161karca. Formula &#8222;<strong>Hormoni<\/strong>&#8220; se mo\u017ee upotrebljavati i kod mu\u0161karaca i kod \u017eena i ona predstavlja unapre\u0111enu kombinaciju lekovitog bilja. Stoga mo\u017ee imati toliko sna\u017eno delovanje da ju je dr Kristofer \u010desto koristio kod \u017eena <strong>koje \u017eele da ostanu trudne<\/strong>.<\/p>\n","protected":false},"featured_media":25451,"comment_status":"open","ping_status":"closed","template":"","meta":[],"product_brand":[],"product_cat":[3611],"product_tag":[3624,3688,3776,3719,3628,3777,3775,3707,3773,3772,3774,3654,3708,3625],"class_list":{"0":"post-17791","1":"product","2":"type-product","3":"status-publish","4":"has-post-thumbnail","6":"product_cat-biljne-tinkture-po-receptu-dzona-kristofera","7":"product_tag-biljne-tinkture","8":"product_tag-biljne-tinkture-dzona-kristofera","9":"product_tag-blazeni-ckalj","10":"product_tag-divlji-ruzmarin","11":"product_tag-hormoni","12":"product_tag-jerebicina-bobica","13":"product_tag-lazni-jednorog","14":"product_tag-menopauza","15":"product_tag-menstruacija","16":"product_tag-menstrualni-problemi","17":"product_tag-sarsaparila","18":"product_tag-sladic","19":"product_tag-zacece","20":"product_tag-zen-sen","21":"pa_cuvanje-na-sobnoj-temperaturi-na-tamnom-mestu","22":"pa_nacin-upotrebe-od-80-kapi-3-puta-dnevno-do-160-kapi-6-puta-dnevno-promuckati-pre-upotrebe","23":"pa_period-trajanja-ako-se-uzima-po-jedna-supena-kasika-3-puta-dnevno-tinktura-moze-trajati-7-dana","24":"pa_period-upotrebe-za-najbolji-preventivni-efekat-tnkturu-uzimati-najmanje-30-dana-kod-tezih-oboljenja-i-do-90-dana","25":"pa_proizvodnja-centar-za-priridnu-medicinu","26":"pa_zapremina-50ml","28":"first","29":"instock","30":"shipping-taxable","31":"purchasable","32":"product-type-simple"},"_links":{"self":[{"href":"https:\/\/www.centarzaprirodnumedicinu.com\/test\/wp-json\/wp\/v2\/product\/17791","targetHints":{"allow":["GET"]}}],"collection":[{"href":"https:\/\/www.centarzaprirodnumedicinu.com\/test\/wp-json\/wp\/v2\/product"}],"about":[{"href":"https:\/\/www.centarzaprirodnumedicinu.com\/test\/wp-json\/wp\/v2\/types\/product"}],"replies":[{"embeddable":true,"href":"https:\/\/www.centarzaprirodnumedicinu.com\/test\/wp-json\/wp\/v2\/comments?post=17791"}],"version-history":[{"count":1,"href":"https:\/\/www.centarzaprirodnumedicinu.com\/test\/wp-json\/wp\/v2\/product\/17791\/revisions"}],"predecessor-version":[{"id":25452,"href":"https:\/\/www.centarzaprirodnumedicinu.com\/test\/wp-json\/wp\/v2\/product\/17791\/revisions\/25452"}],"wp:featuredmedia":[{"embeddable":true,"href":"https:\/\/www.centarzaprirodnumedicinu.com\/test\/wp-json\/wp\/v2\/media\/25451"}],"wp:attachment":[{"href":"https:\/\/www.centarzaprirodnumedicinu.com\/test\/wp-json\/wp\/v2\/media?parent=17791"}],"wp:term":[{"taxonomy":"product_brand","embeddable":true,"href":"https:\/\/www.centarzaprirodnumedicinu.com\/test\/wp-json\/wp\/v2\/product_brand?post=17791"},{"taxonomy":"product_cat","embeddable":true,"href":"https:\/\/www.centarzaprirodnumedicinu.com\/test\/wp-json\/wp\/v2\/product_cat?post=17791"},{"taxonomy":"product_tag","embeddable":true,"href":"https:\/\/www.centarzaprirodnumedicinu.com\/test\/wp-json\/wp\/v2\/product_tag?post=17791"}],"curies":[{"name":"wp","href":"https:\/\/api.w.org\/{rel}","templated":true}]}}