{"id":17771,"date":"2023-02-10T12:06:48","date_gmt":"2023-02-10T11:06:48","guid":{"rendered":"https:\/\/centarzaprirodnumedicinu.com\/?post_type=product&#038;p=17771"},"modified":"2025-06-01T22:31:45","modified_gmt":"2025-06-01T20:31:45","slug":"adrenal","status":"publish","type":"product","link":"https:\/\/www.centarzaprirodnumedicinu.com\/test\/p\/biljne-tinkture\/biljne-tinkture-po-receptu-dzona-kristofera\/adrenal\/","title":{"rendered":"ADRENAL"},"content":{"rendered":"<p><strong>SASTAV:<\/strong><br \/>\n<strong>&#8211; Divizma <\/strong>(<em>Verbascum phlomoides<\/em>)<br \/>\n<strong>&#8211; Lobelija <\/strong>(<em>Lobelia inflata<\/em>)<br \/>\n<strong>\u2013 Koren sibirskog \u017een-\u0161ena<\/strong>\u00a0(<em>Eleutherococcus senticosus<\/em>)<br \/>\n<strong>&#8211; Gotu kola\u00a0<\/strong>(<em>Centella asiatica<\/em>)<br \/>\n<strong>\u2013 Bobice gloga<\/strong>\u00a0(Crataegus monogyna)<br \/>\n<strong>\u2013 Sve\u017ei koren \u0111umbira (<\/strong><em>Zingiber officinale<\/em>)<br \/>\n<strong>\u2013 Ljuta, \u010dili paprika\u00a0\u00a0<\/strong><em>(Capsicum annuum)<\/em><\/p>\n<p><strong>KAKO OVA FORMULA DELUJE?<br \/>\n<\/strong>Kombinacija bilja u ovoj formuli je zadu\u017eena da oja\u010da, regeneri\u010de i ishrani iscrpljene nadbubre\u017ene \u017elezde. Glavne hemijske komponente <strong>divizme<\/strong>\u00a0su\u00a0<strong>triterpenski saponini<\/strong>, verbasko saponin, steroli (\u03b2-sitosterol, stigmasterol)\u00a0<strong>flavonoidi<\/strong>\u00a0do 4% (apigenin, luteolin, rutin, hesperidin, diosmin, kemferol),\u00a0<strong>iridoidi<\/strong>\u00a0(aukubin, katalpol, 6-8-ksilozilaukubin, 6-8-ksilozilkatalpol, metilkatalpol, izokatalpol),\u00a0<strong>karotenoidi<\/strong> (\u03b2-karoten, krocetin), digiprolakton, sluzi (oko 3%) i dr. Zbog svog sastava jedna je od najva\u017enijih biljki za \u017elezde, serozne i mukozne membrane. Ona spre\u010dava odlazak te\u010dnosti iz prekinutih sudova i elimini\u0161e toksine. Sa druge strane aktivni sastojci <strong>sibirskog \u017een\u0161ena<\/strong>, zvani <strong>eleutherosides<\/strong>, mogu podsta\u0107i imuni sistem, tradicionalno se koristi za <strong>pove\u0107anje energije<\/strong>, dugove\u010dnosti i vitalnosti. U Rusiji se \u0161iroko koristi kao \u201eadaptogen\u201c. Adatogene biljke su sposobne da \u201cadaptiraju\u201d odnosno prilagode svoje delovanje specifi\u010dnim potrebama organizma. Imaju svojstvo da povec\u0301avaju sposobnost tela da se <strong>odupre \u0161tetnim efektima stresa<\/strong> i promovi\u0161u ili obnove normalno fiziolo\u0161ko funkcionisanje.\u00a0 <strong>Lobelija je<\/strong>\u00a0<strong>generalni korektor celog sistema<\/strong>, po\u0161to se lako ra\u0161iri i u mogu\u0107nosti je da uti\u010de na celo telo. Lobelija je efikasan <strong>relaksant<\/strong> i veruje se da je najbolji <strong>kontra-iritans<\/strong> poznat \u010dove\u010danstvu. Njeno dejstvo se odmah ose\u0107a na sluznom, mi\u0161i\u0107nom i <strong>nervnom sistemu<\/strong>, naro\u010dito simpati\u010dkom nervnom sistemu. Istra\u017eivanja pokazuju da hemijska jedinjenja triterpenoidi, koji se nalaze u <strong>gota koli<\/strong> smanjuju anksioznost i povec\u0301avaju mentalnu funkciju, pobolj\u0161ava <strong>lokomotornu aktivnost<\/strong> i umanjuje oksidativni stres.<\/p>\n","protected":false},"excerpt":{"rendered":"<h6>Biljna tinktura za pobolj\u0161anje rada nabubre\u017enih \u017elezda po receptu D\u017eona Kristofera<\/h6>\n<p>Ova formula ispravlja bilo koju <strong>neuravnote\u017eenost<\/strong> kod rada nadbubre\u017enih \u017elezda, tako\u0111e, ubla\u017eava uticaj bilo kakvog <strong>stresa<\/strong> na srce. Mnoge bolesti i stanja direktno su povezani sa <strong>smanjenom funkcijom<\/strong> nadbubre\u017ene \u017elezde a da toga mo\u017eda nismo ni svesni. <strong>Zamaranje<\/strong> prilokom hodanja, op\u0161ta <strong>slabost<\/strong>, <strong>malaksalost<\/strong>, <strong>bolovi<\/strong> u mi\u0161i\u0107ima i nepodno\u0161enje <strong>napora<\/strong> , smanjenje <strong>apetita<\/strong>, lo\u0161 <strong>krvni pritisak<\/strong>, ote\u017ean <strong>udah vazduha<\/strong> i niz drugih problema. Sva ova stanja nastaju kao posledica kontinuiranog <strong>iscrpljivanja nadbubre\u017enih \u017elezda<\/strong> uglavnom <strong>stresnim na\u010dinom \u017eivota<\/strong>. Ova formula \u0107e vam pomo\u0107i da ishranite i oja\u010date va\u0161e iscrpljene \u017elezde.<\/p>\n","protected":false},"featured_media":25444,"comment_status":"open","ping_status":"closed","template":"","meta":[],"product_brand":[],"product_cat":[3611],"product_tag":[3690,3624,3688,3669,3628,3689,3691],"class_list":{"0":"post-17771","1":"product","2":"type-product","3":"status-publish","4":"has-post-thumbnail","6":"product_cat-biljne-tinkture-po-receptu-dzona-kristofera","7":"product_tag-adrenalin","8":"product_tag-biljne-tinkture","9":"product_tag-biljne-tinkture-dzona-kristofera","10":"product_tag-bubrezi","11":"product_tag-hormoni","12":"product_tag-nadbubrezne-zlezde","13":"product_tag-stres","14":"pa_cuvanje-na-sobnoj-temperaturi-na-tamnom-mestu","15":"pa_nacin-upotrebe-od-80-kapi-3-puta-dnevno-do-160-kapi-6-puta-dnevno-promuckati-pre-upotrebe","16":"pa_period-trajanja-ako-se-uzima-po-80-kapi-3-puta-dnevno-tinktura-moze-trajati-7-dana","17":"pa_period-upotrebe-za-najbolji-preventivni-efekat-tnkturu-uzimati-najmanje-30-dana-kod-tezih-oboljenja-i-do-90-dana","18":"pa_proizvodnja-centar-za-priridnu-medicinu","19":"pa_zapremina-50-ml","21":"first","22":"instock","23":"shipping-taxable","24":"purchasable","25":"product-type-simple"},"_links":{"self":[{"href":"https:\/\/www.centarzaprirodnumedicinu.com\/test\/wp-json\/wp\/v2\/product\/17771","targetHints":{"allow":["GET"]}}],"collection":[{"href":"https:\/\/www.centarzaprirodnumedicinu.com\/test\/wp-json\/wp\/v2\/product"}],"about":[{"href":"https:\/\/www.centarzaprirodnumedicinu.com\/test\/wp-json\/wp\/v2\/types\/product"}],"replies":[{"embeddable":true,"href":"https:\/\/www.centarzaprirodnumedicinu.com\/test\/wp-json\/wp\/v2\/comments?post=17771"}],"version-history":[{"count":1,"href":"https:\/\/www.centarzaprirodnumedicinu.com\/test\/wp-json\/wp\/v2\/product\/17771\/revisions"}],"predecessor-version":[{"id":25441,"href":"https:\/\/www.centarzaprirodnumedicinu.com\/test\/wp-json\/wp\/v2\/product\/17771\/revisions\/25441"}],"wp:featuredmedia":[{"embeddable":true,"href":"https:\/\/www.centarzaprirodnumedicinu.com\/test\/wp-json\/wp\/v2\/media\/25444"}],"wp:attachment":[{"href":"https:\/\/www.centarzaprirodnumedicinu.com\/test\/wp-json\/wp\/v2\/media?parent=17771"}],"wp:term":[{"taxonomy":"product_brand","embeddable":true,"href":"https:\/\/www.centarzaprirodnumedicinu.com\/test\/wp-json\/wp\/v2\/product_brand?post=17771"},{"taxonomy":"product_cat","embeddable":true,"href":"https:\/\/www.centarzaprirodnumedicinu.com\/test\/wp-json\/wp\/v2\/product_cat?post=17771"},{"taxonomy":"product_tag","embeddable":true,"href":"https:\/\/www.centarzaprirodnumedicinu.com\/test\/wp-json\/wp\/v2\/product_tag?post=17771"}],"curies":[{"name":"wp","href":"https:\/\/api.w.org\/{rel}","templated":true}]}}