{"id":17760,"date":"2023-02-07T12:35:17","date_gmt":"2023-02-07T11:35:17","guid":{"rendered":"https:\/\/centarzaprirodnumedicinu.com\/?post_type=product&#038;p=17760"},"modified":"2025-04-07T14:18:35","modified_gmt":"2025-04-07T12:18:35","slug":"30-dnevni-paket-program-za-detoksikaciju-organizma","status":"publish","type":"product","link":"https:\/\/www.centarzaprirodnumedicinu.com\/test\/p\/detoks-program-paketi\/30-dnevni-paket-program-za-detoksikaciju-organizma\/","title":{"rendered":"30-DNEVNI PAKET PROGRAM ZA DETOKSIKACIJU ORGANIZMA"},"content":{"rendered":"<p>Ovaj program le\u010denja predstavlja sna\u017eno pro\u010di\u0161\u0107enje organizma. Njime se omogu\u0107ava izvla\u010denje i odstranjivanje starih nakupljenih otrova i <strong>toksi\u010dnih jedinjenja<\/strong>. Oni \u0107e biti neutralisani i o\u010di\u0161\u0107eni iz svakog skrovitog mesta u va\u0161em telu, poput <strong>sala<\/strong>, <strong>mi\u0161i\u0107a<\/strong>, <strong>creva<\/strong>, <strong>jetre<\/strong>, <strong>\u017eu\u010dne kese<\/strong>, <strong>bubrega<\/strong>, <strong>krvotoka<\/strong>, <strong>limfnog sistema<\/strong>, <strong>tkiva<\/strong> i <strong>\u0107elija<\/strong>. Tako\u0111e, ovaj program \u0107e stimulisati i oja\u010dati imuni sistem. Pru\u017ei\u0107e va\u0161em telu potrebne hranljive sastojke, kako bi se obnovilo i izle\u010dilo od bolesti.<\/p>\n<p>Danas se reklamiraju brojni programi brzog pro\u010di\u0161\u0107enja organizma i \u201e\u010darobnih\u201c jednodnevnih detoksa, me\u0111utim, njihova jedina jaka strana jesu upravo te reklame. Da li zaista mislite da je mogu\u0107e ozdraviti za 2-3 dana odstranjivanjem otpadnih materija koje su se nakupljanje <strong>30-40 godina<\/strong> usled tipi\u010dnog zapadnja\u010dkog na\u010dina \u017eivota?<\/p>\n<p>S druge strane, ovaj program le\u010denja pru\u017ea rezultate, jer se primenjivao u raznim prirodnim le\u010dili\u0161tima stitinu godina, za probleme sa svakim delom tela, svakim organom, sistemom organa, svakim zglobom i svakom \u0107elijom u telu. Njime \u0107ete <strong>izbaciti<\/strong> iz tela sve <strong>otrove<\/strong>, a ubaciti potrebne <strong>hranljive sastojke<\/strong>. Nakon zavr\u0161etka ovog programa ljudi su mi \u010desto govore da imaju mnogo vi\u0161e <strong>energije<\/strong>, i da izgledaju i da se ose\u0107aju <strong>bolje<\/strong> nego u poslednjih 30 godina svog \u017eivota. Taman svaki dan programa le\u010denja za svaku godinu.<\/p>\n<p>Nakon 30 dana primene ovog programa, kod ve\u0107ine ljudi su nestale mnoge <strong>tegobe<\/strong>, problemi i poneke bolesti.<\/p>\n<h6>30-dnevni program \u010di\u0161\u0107enja organizma se sastoji od slede\u0107ih proizvoda:<\/h6>\n<p>&#8211; Biljna tinktura &#8222;<strong>Imuno #1<\/strong>&#8220; x3<br \/>\n&#8211; Biljna tinktura &#8222;<strong>Cirkulacija<\/strong>&#8220; x2<br \/>\n&#8211; Biljna tinktura &#8222;<strong>Antibiotik<\/strong>&#8220; x2<br \/>\n&#8211; Biljna tinktura &#8222;<strong>Antiparazit<\/strong>&#8220; x2<br \/>\n&#8211; Biljna tinktura &#8222;<strong>Bubrezi-be\u0161ika<\/strong>&#8220; x4<br \/>\n&#8211; Biljna tinktura &#8222;<strong>Jetra-\u017eu\u010d<\/strong>&#8220; x4<br \/>\n&#8211; Biljna tinktura &#8222;<strong>Krv<\/strong>&#8220; x4<br \/>\n&#8211; Biljna formula &#8222;<strong>Creva #1<\/strong>&#8220; x1<br \/>\n&#8211; Biljna formula &#8222;<strong>Creva #2<\/strong>&#8220; x1<br \/>\n&#8211; Dodatak u ishrani &#8222;<strong>Je\u010dam<\/strong>&#8220; x1<\/p>\n<p>* <em><strong>Pored svih biljnih tinktura, formula i dodataka u ishrani dobi\u0107ete pisani program u \u0161tampanoj formi u vidu skripte sa detaljnim upotstvom za primenu ovog programa, predloga ishrane, opisanih tehnika koje valja primeniti kao i celokupnog na\u010dina na\u010dina pona\u0161anja u periodu od 30-dana koliko traje ovaj program.<\/strong><\/em><\/p>\n<h6>Sre\u0107no!<\/h6>\n","protected":false},"excerpt":{"rendered":"<h6>Paket biljnih tinktura sa programom za \u010di\u0161\u0107enje organizma u trajanju od 30.dana<\/h6>\n<p>30-dnevni program \u010di\u0161\u0107enja organizma je za svakoga ko \u017eeli da u potpunosti <strong>promeni i unapredi<\/strong> svoje <strong>fizi\u010dko<\/strong>, <strong>emocionalno<\/strong> i <strong>duhovno<\/strong> zdravlje. Nije bitno kakav zdravstveni problem imate, pa \u010dak i da nemate nikakvih problema. Ovaj program je za sve one koji \u017eele <strong>dramati\u010dne promene<\/strong> na bolje u svom \u017eivotu. Posle 30 dana bi\u0107ete fizi\u010dki, emocionalno i duhovno druga osoba, jedna nova, zdrava osoba.<\/p>\n","protected":false},"featured_media":17761,"comment_status":"open","ping_status":"closed","template":"","meta":[],"product_brand":[],"product_cat":[3601],"product_tag":[],"class_list":{"0":"post-17760","1":"product","2":"type-product","3":"status-publish","4":"has-post-thumbnail","6":"product_cat-detoks-program-paketi","7":"pa_cuvanje-na-sobnoj-temperaturi-na-tamnom-mestu","8":"pa_proizvodnja-centar-za-priridnu-medicinu","10":"first","11":"instock","12":"sale","13":"shipping-taxable","14":"purchasable","15":"product-type-simple"},"_links":{"self":[{"href":"https:\/\/www.centarzaprirodnumedicinu.com\/test\/wp-json\/wp\/v2\/product\/17760","targetHints":{"allow":["GET"]}}],"collection":[{"href":"https:\/\/www.centarzaprirodnumedicinu.com\/test\/wp-json\/wp\/v2\/product"}],"about":[{"href":"https:\/\/www.centarzaprirodnumedicinu.com\/test\/wp-json\/wp\/v2\/types\/product"}],"replies":[{"embeddable":true,"href":"https:\/\/www.centarzaprirodnumedicinu.com\/test\/wp-json\/wp\/v2\/comments?post=17760"}],"version-history":[{"count":0,"href":"https:\/\/www.centarzaprirodnumedicinu.com\/test\/wp-json\/wp\/v2\/product\/17760\/revisions"}],"wp:featuredmedia":[{"embeddable":true,"href":"https:\/\/www.centarzaprirodnumedicinu.com\/test\/wp-json\/wp\/v2\/media\/17761"}],"wp:attachment":[{"href":"https:\/\/www.centarzaprirodnumedicinu.com\/test\/wp-json\/wp\/v2\/media?parent=17760"}],"wp:term":[{"taxonomy":"product_brand","embeddable":true,"href":"https:\/\/www.centarzaprirodnumedicinu.com\/test\/wp-json\/wp\/v2\/product_brand?post=17760"},{"taxonomy":"product_cat","embeddable":true,"href":"https:\/\/www.centarzaprirodnumedicinu.com\/test\/wp-json\/wp\/v2\/product_cat?post=17760"},{"taxonomy":"product_tag","embeddable":true,"href":"https:\/\/www.centarzaprirodnumedicinu.com\/test\/wp-json\/wp\/v2\/product_tag?post=17760"}],"curies":[{"name":"wp","href":"https:\/\/api.w.org\/{rel}","templated":true}]}}