{"id":17729,"date":"2023-02-01T12:42:41","date_gmt":"2023-02-01T11:42:41","guid":{"rendered":"https:\/\/centarzaprirodnumedicinu.com\/?post_type=product&#038;p=17729"},"modified":"2025-06-02T10:05:57","modified_gmt":"2025-06-02T08:05:57","slug":"endokrin","status":"publish","type":"product","link":"https:\/\/www.centarzaprirodnumedicinu.com\/test\/p\/biljne-tinkture\/biljne-tinkture-po-receptu-dzona-kristofera\/endokrin\/","title":{"rendered":"ENDOKRIN"},"content":{"rendered":"<p><strong>SASTAV:<br \/>\n&#8211; Cvet divizme<\/strong> (<em>Verbascum phlomoides<\/em>)<br \/>\n<strong>&#8211; Lobelija<\/strong> (<em>Lobelia inflata<\/em>)<\/p>\n<p><strong>KAKO OVA FORMULA DELUJE?<br \/>\n<\/strong>Kombinacija bilja u ovoj formuli je zadu\u017eena da oja\u010da, regeneri\u010de i ishrani iscrpljene \u017elezde u na\u0161em organizmu. Glavne hemijske komponente <strong>divizme<\/strong> su <strong>triterpenski saponini<\/strong>, verbasko saponin, steroli (\u03b2-sitosterol, stigmasterol) <strong>flavonoidi<\/strong> do 4% (apigenin, luteolin, rutin, hesperidin, diosmin, kemferol), <strong>iridoidi<\/strong> (aukubin, katalpol, 6-8-ksilozilaukubin, 6-8-ksilozilkatalpol, metilkatalpol, izokatalpol), <strong>karotenoidi<\/strong> (\u03b2-karoten, krocetin), digiprolakton, sluzi (oko 3%) i dr. Zbog svog sastava jedna je od najva\u017enijih biljki za \u017elezde, serozne i mukozne membrane. Ona spre\u010dava odlazak te\u010dnosti iz prekinutih sudova i elimini\u0161e toksine. Sa druge strane <strong>lobelija<\/strong> je jedna od najve\u0107ih biljaka ikada data svetu. Ako se biljka koristi ve\u0161to \u201cnema biljke koju zemlja proizvodi da je bezopasnija po ljudski organizam i nijedna mo\u0107nijeg dejstva u otklanjanju bolesti i povratku zdravlja nego lobelija.\u201d Lobelija je <strong>generalni korektor celog sistema<\/strong>, po\u0161to se lako ra\u0161iri i u mogu\u0107nosti je da uti\u010de na celo telo. Lobelija je efikasan relaksant i veruje se da je najbolji kontra-iritans poznat \u010dove\u010danstvu. Njeno dejstvo se odmah ose\u0107a na sluznom, mi\u0161i\u0107nom i nervnom sistemu, naro\u010dito simpati\u010dkom nervnom sistemu.<\/p>\n","protected":false},"excerpt":{"rendered":"<h6>Biljna tinktura za ja\u010danje endokrinog sistema po receptu D\u017eona Kristofera<\/h6>\n<p><strong>Endokrini sistem<\/strong> je najosetljiviji sistem na\u0161eg organizma. Mo\u017eemo ga nazvati <strong>du\u0161om na\u0161eg tela<\/strong>. To je upravo zato \u0161to je endokrini sistem direktno u sprezi sa na\u0161im umom tj preciznije sa na\u0161im <strong>emocijama<\/strong>. U zavisnosti od njih endokrine \u017elezde \u0107e pravilno raditi ili \u0107e postati sve <strong>iscrpljenije<\/strong> tako da vremenom \u0107e ugro\u017eavati kompletno zdravlje organizma. Na primer iscrpljivanje nadbubre\u017ene \u017eleze je direktno povezano sa <strong>astmom<\/strong> i visokim krvnim pritiskom. Iscrpljivanje pankreasa dovodi do malaksalosti i umora. Iscrpljivanje \u0161titaste \u017elezde dovodi do hipertireoze i neplodnosti. Gotovo sve autoimune bolesti su povezane sa na\u0161im \u017elezdama, zato prvo treba po\u010deti sa oporavkom slomljenih emocija i ishranom iscrpljenih \u017elezda. Biljna tinktura &#8222;<strong>Endokrin<\/strong>&#8220; upravo sadr\u017ei kombinaciju biljaka za <strong>ishranjivanje<\/strong> i <strong>ja\u010danje<\/strong> endokrinih \u017elezda. Posebno je zna\u010dajna za ljude koji su emotivniji i skloniji <strong>stresu<\/strong>.<\/p>\n","protected":false},"featured_media":25449,"comment_status":"open","ping_status":"closed","template":"","meta":[],"product_brand":[],"product_cat":[3611],"product_tag":[3624,3688,3704,3768,3628,3648,3691,3769],"class_list":{"0":"post-17729","1":"product","2":"type-product","3":"status-publish","4":"has-post-thumbnail","6":"product_cat-biljne-tinkture-po-receptu-dzona-kristofera","7":"product_tag-biljne-tinkture","8":"product_tag-biljne-tinkture-dzona-kristofera","9":"product_tag-divizma","10":"product_tag-endokrini-sistem","11":"product_tag-hormoni","12":"product_tag-lobelija","13":"product_tag-stres","14":"product_tag-zlezde","15":"pa_cuvanje-na-sobnoj-temperaturi-na-tamnom-mestu","16":"pa_nacin-upotrebe-od-80-kapi-3-puta-dnevno-do-160-kapi-6-puta-dnevno-promuckati-pre-upotrebe","17":"pa_period-trajanja-ako-se-uzima-po-80-kapi-3-puta-dnevno-tinktura-moze-trajati-7-dana","18":"pa_period-upotrebe-za-najbolji-preventivni-efekat-tnkturu-uzimati-14-30-dana-kod-tezih-oboljenja-30-90-dana","19":"pa_proizvodnja-centar-za-priridnu-medicinu","20":"pa_zapremina-50-ml","22":"first","23":"instock","24":"shipping-taxable","25":"purchasable","26":"product-type-simple"},"_links":{"self":[{"href":"https:\/\/www.centarzaprirodnumedicinu.com\/test\/wp-json\/wp\/v2\/product\/17729","targetHints":{"allow":["GET"]}}],"collection":[{"href":"https:\/\/www.centarzaprirodnumedicinu.com\/test\/wp-json\/wp\/v2\/product"}],"about":[{"href":"https:\/\/www.centarzaprirodnumedicinu.com\/test\/wp-json\/wp\/v2\/types\/product"}],"replies":[{"embeddable":true,"href":"https:\/\/www.centarzaprirodnumedicinu.com\/test\/wp-json\/wp\/v2\/comments?post=17729"}],"version-history":[{"count":1,"href":"https:\/\/www.centarzaprirodnumedicinu.com\/test\/wp-json\/wp\/v2\/product\/17729\/revisions"}],"predecessor-version":[{"id":25450,"href":"https:\/\/www.centarzaprirodnumedicinu.com\/test\/wp-json\/wp\/v2\/product\/17729\/revisions\/25450"}],"wp:featuredmedia":[{"embeddable":true,"href":"https:\/\/www.centarzaprirodnumedicinu.com\/test\/wp-json\/wp\/v2\/media\/25449"}],"wp:attachment":[{"href":"https:\/\/www.centarzaprirodnumedicinu.com\/test\/wp-json\/wp\/v2\/media?parent=17729"}],"wp:term":[{"taxonomy":"product_brand","embeddable":true,"href":"https:\/\/www.centarzaprirodnumedicinu.com\/test\/wp-json\/wp\/v2\/product_brand?post=17729"},{"taxonomy":"product_cat","embeddable":true,"href":"https:\/\/www.centarzaprirodnumedicinu.com\/test\/wp-json\/wp\/v2\/product_cat?post=17729"},{"taxonomy":"product_tag","embeddable":true,"href":"https:\/\/www.centarzaprirodnumedicinu.com\/test\/wp-json\/wp\/v2\/product_tag?post=17729"}],"curies":[{"name":"wp","href":"https:\/\/api.w.org\/{rel}","templated":true}]}}