{"id":17309,"date":"2022-07-12T20:39:55","date_gmt":"2022-07-12T18:39:55","guid":{"rendered":"https:\/\/centarzaprirodnumedicinu.com\/?post_type=product&#038;p=17309"},"modified":"2025-04-07T14:18:36","modified_gmt":"2025-04-07T12:18:36","slug":"7-dnevni-paket-program-za-jetru","status":"publish","type":"product","link":"https:\/\/www.centarzaprirodnumedicinu.com\/test\/p\/detoks-program-paketi\/7-dnevni-paket-program-za-jetru\/","title":{"rendered":"7-DNEVNI &#8222;MINI PAKET ZA JETRU i \u017dU\u010c&#8220;"},"content":{"rendered":"<p>Ako ste neko ko vodi ra\u010duna o zdravlju i ishrani onda je ovo pravi program za vas. 7.dana je isuvi\u0161e nedovoljan vremenski period da mo\u017eete popraviti sva ve\u0107a o\u0161te\u0107enja na jetri ali ako je va\u0161a jetra u redu i samo \u017eelite da joj pomognete onda 7.dana je dovoljan vremenski period da napravite sjajne rezultate. Ako ste po\u010detnik i nemate puno iskustva sa prirodnom medicinom i tinkturama a imate problema sa jetrom onda je kao neki po\u010detak ovo dobar izbor za vas.<\/p>\n<p>Program se sastoji od tri nezavisne tinkture koje se koriste zajedno. Tinktura &#8222;Detoks&#8220; ima zadatak da razredi krv i o\u010disti krvne sudove, tinktura &#8222;Cirkulacija&#8220; je zadu\u017eena da pokrene i poja\u010da cirkulaciju kroz va\u0161e telo i jetru kao bi se ubrzao proces detoksikacije, tinktura &#8222;Jetra-\u017eu\u010d&#8220; \u0107e regenerisati i oja\u010dati jetru, i uz spomo\u0107 predhodne dve tinkture ubrzati eliminaciju otrova iz krvotoka i jetre i izbaciti ih kroz \u017eu\u010dnu kesu u creva.<\/p>\n<p><strong>1.DAN:<\/strong> Popijte 250.ml ce\u0111enog soka od narand\u017ee, 15-30.min nakon toga popijte tinkturu &#8222;Detoks&#8220;, 15-30.min nakon nje popijte tinkturu &#8222;Jetra-\u017eu\u010d&#8220; a zatim 15-30.min i tinkturu &#8222;Cirkulacija&#8220;. Sve tinkture uzimajte po 80.kapi i postupak ispijanja tinktura ponovite jo\u0161 2.puta na dan.<\/p>\n<p><strong>2.DAN:<\/strong> Popijte 250.ml ce\u0111enog soka od grejfruta, 15-30.min nakon toga popijte tinkturu &#8222;Detoks&#8220;, 15-30.min nakon nje popijte tinkturu &#8222;Jetra-\u017eu\u010d&#8220; a zatim 15-30.min i tinkturu &#8222;Cirkulacija&#8220;. Sve tinkture uzimajte po 80.kapi i postupak ispijanja tinktura ponovite jo\u0161 2.puta na dan.<\/p>\n<p><strong>3.DAN:<\/strong> Popijte 250.ml ce\u0111enog soka od grejfruta u ubacite u njega malo \u0111umbira i belog luka, 15-30.min nakon toga popijte tinkturu &#8222;Detoks&#8220;, 15-30.min nakon nje popijte tinkturu &#8222;Jetra-\u017eu\u010d&#8220; a zatim 15-30.min i tinkturu &#8222;Cirkulacija&#8220;. Sve tinkture uzimajte po 80.kapi i postupak ispijanja tinktura ponovite jo\u0161 2.puta na dan.<\/p>\n<p><strong>4.DAN:<\/strong> Popijte 250.ml ce\u0111enog soka od grejfruta sa belim lukom, \u0111umbirom i 1\/2 supene ka\u0161ike maslinovog ulja, 15-30.min nakon toga popijte tinkturu &#8222;Detoks&#8220;, 15-30.min nakon nje popijte tinkturu &#8222;Jetra-\u017eu\u010d&#8220; a zatim 15-30.min i tinkturu &#8222;Cirkulacija&#8220;. Sve tinkture uzimajte po 80.kapi i postupak ispijanja tinktura ponovite jo\u0161 2.puta na dan.<\/p>\n<p><strong>5.DAN:<\/strong> Popijte 250.ml ce\u0111enog soka od grejfruta sa belim lukom, \u0111umbirom i 1 supenom ka\u0161ikom maslinovog ulja, 15-30.min nakon toga popijte tinkturu &#8222;Detoks&#8220;, 15-30.min nakon nje popijte tinkturu &#8222;Jetra-\u017eu\u010d&#8220; a zatim 15-30.min i tinkturu &#8222;Cirkulacija&#8220;. Sve tinkture uzimajte po 80.kapi i postupak ispijanja tinktura ponovite jo\u0161 2.puta na dan.<\/p>\n<p><strong>6.DAN:<\/strong> Popijte 250.ml ce\u0111enog soka od grejfruta sa belim lukom, \u0111umbirom i 2 supene ka\u0161ike maslinovog ulja, 15-30.min nakon toga popijte tinkturu &#8222;Detoks&#8220;, 15-30.min nakon nje popijte tinkturu &#8222;Jetra-\u017eu\u010d&#8220; a zatim 15-30.min i tinkturu &#8222;Cirkulacija&#8220;. Sve tinkture uzimajte po 80.kapi i postupak ispijanja tinktura ponovite jo\u0161 2.puta na dan.<\/p>\n<p><strong>7.DAN:<\/strong> Popijte 250.ml ce\u0111enog soka od grejfruta sa belim lukom, \u0111umbirom i 3 supene ka\u0161ike maslinovog ulja, 15-30.min nakon toga popijte tinkturu &#8222;Detoks&#8220;, 15-30.min nakon nje popijte tinkturu &#8222;Jetra-\u017eu\u010d&#8220; a zatim 15-30.min i tinkturu &#8222;Cirkulacija&#8220;. Sve tinkture uzimajte po 80.kapi i postupak ispijanja tinktura ponovite jo\u0161 2.puta na dan.<\/p>\n<p><strong>NAPOMENA:<\/strong> Ako ste program uradili ta\u010dno po rasporedu, to je odli\u010dno ura\u0111en posao. Ali ako nemate vremena da ujutro popijete sok od narand\u017ee ili grejpa, program se mo\u017ee uraditi i bez njih. Ali je puno bolje ako mo\u017eete ispo\u0161tovati ovaj re\u017eim. Citrusni sok u kombinaciji sa maslinovim uljem ima zadatak da isprovocira va\u0161u \u017eu\u010dnu kesu kako bi po\u010dela da se prazni. Beli luk je tu kao antibiotik, dok \u0107e \u0111umbir umanjiti mu\u010dninu i pobolj\u0161ati varenje tonika.<\/p>\n","protected":false},"excerpt":{"rendered":"<h6>Paket biljnih tinktura za \u010di\u0161\u0107enje jetre u trajanju od 7.dana<\/h6>\n<p>\u017divimo u vremenu kada su \u0161tetne materije svuda oko nas, bilo da smo danas pojeli ne\u0161to \u0161to nije bilo ba\u0161 najzdravije ili smo bili zaglavljeni u saobra\u0107aju sve te \u0161estice i toksini \u0107e budite sigurni prona\u0107i svoj put do va\u0161e jetre. Komplet &#8222;Mini program za jetru i \u017eu\u010d&#8220; u trajanju od 7.dana je pre svega namenjen zdravim ljudima. Onima koji nemaju te\u017eih problema sa svojom jetrom ali \u017eele da je odr\u017eavaju u dobrom stanju. Ovaj paket je najbolja prva pomo\u0107 va\u0161oj jetri i krvnim sudovima da elimini\u0161u i izbace napolje sve zaostale toksine iz predhodnog meseca. Uradite ovaj program 2-4.puta godi\u0161nje i va\u0161a jetra \u0107e vam biti zahvalna na tome.<\/p>\n","protected":false},"featured_media":17310,"comment_status":"open","ping_status":"closed","template":"","meta":[],"product_brand":[],"product_cat":[3601],"product_tag":[],"class_list":{"0":"post-17309","1":"product","2":"type-product","3":"status-publish","4":"has-post-thumbnail","6":"product_cat-detoks-program-paketi","7":"pa_cuvanje-na-sobnoj-temperaturi-na-tamnom-mestu","8":"pa_proizvodnja-centar-za-prirodnu-medicinu","10":"first","11":"instock","12":"sale","13":"shipping-taxable","14":"purchasable","15":"product-type-simple"},"_links":{"self":[{"href":"https:\/\/www.centarzaprirodnumedicinu.com\/test\/wp-json\/wp\/v2\/product\/17309","targetHints":{"allow":["GET"]}}],"collection":[{"href":"https:\/\/www.centarzaprirodnumedicinu.com\/test\/wp-json\/wp\/v2\/product"}],"about":[{"href":"https:\/\/www.centarzaprirodnumedicinu.com\/test\/wp-json\/wp\/v2\/types\/product"}],"replies":[{"embeddable":true,"href":"https:\/\/www.centarzaprirodnumedicinu.com\/test\/wp-json\/wp\/v2\/comments?post=17309"}],"version-history":[{"count":0,"href":"https:\/\/www.centarzaprirodnumedicinu.com\/test\/wp-json\/wp\/v2\/product\/17309\/revisions"}],"wp:featuredmedia":[{"embeddable":true,"href":"https:\/\/www.centarzaprirodnumedicinu.com\/test\/wp-json\/wp\/v2\/media\/17310"}],"wp:attachment":[{"href":"https:\/\/www.centarzaprirodnumedicinu.com\/test\/wp-json\/wp\/v2\/media?parent=17309"}],"wp:term":[{"taxonomy":"product_brand","embeddable":true,"href":"https:\/\/www.centarzaprirodnumedicinu.com\/test\/wp-json\/wp\/v2\/product_brand?post=17309"},{"taxonomy":"product_cat","embeddable":true,"href":"https:\/\/www.centarzaprirodnumedicinu.com\/test\/wp-json\/wp\/v2\/product_cat?post=17309"},{"taxonomy":"product_tag","embeddable":true,"href":"https:\/\/www.centarzaprirodnumedicinu.com\/test\/wp-json\/wp\/v2\/product_tag?post=17309"}],"curies":[{"name":"wp","href":"https:\/\/api.w.org\/{rel}","templated":true}]}}