{"id":17307,"date":"2022-07-12T20:15:04","date_gmt":"2022-07-12T18:15:04","guid":{"rendered":"https:\/\/centarzaprirodnumedicinu.com\/?post_type=product&#038;p=17307"},"modified":"2025-04-07T14:18:36","modified_gmt":"2025-04-07T12:18:36","slug":"7-dnevni-paket-program-za-ciscenje-creva","status":"publish","type":"product","link":"https:\/\/www.centarzaprirodnumedicinu.com\/test\/p\/detoks-program-paketi\/7-dnevni-paket-program-za-ciscenje-creva\/","title":{"rendered":"7-DNEVNI &#8222;MINI PAKET ZA CREVA&#8220;"},"content":{"rendered":"<p>Sa programom je najbolje po\u010deti ujuto \u010dim se probudite. Crevna formula &#8222;Creva #1&#8220; mo\u017ee se piti i uve\u010de pred spavanje , onda bi pra\u017enjenje trebalo da bude odmah po ustajanju. Ovaj ve\u010dernji redosled uzimanja je lak\u0161i, ali ne odgovara svima jer ponekad se mo\u017ee desiti da nagon za pra\u017enjenje dobijete usred no\u0107i. Zato \u0107emo vam dati predlog kori\u0161\u0107enja programa za 7.dana sa jutarnjim re\u017eimom uzimanja formule &#8222;creva #1&#8220;.<\/p>\n<p><strong>1.DAN:<\/strong> Popijte 250ml \u010daja od nane ili kamilice, 15-30.min nakon toga popite 1\/2 kafene ka\u0161i\u010dice formule &#8222;Creva #1&#8220;. I u toku dana uzmite 3x po 80.kapi tinkturu &#8222;\u017eeludac&#8220;.<\/p>\n<p><strong>2.DAN:<\/strong> Popijte 250ml soka od jabuke, 15-30.min nakon toga popite 1 kafenu ka\u0161i\u010dicu formule &#8222;Creva #2&#8220;. I u toku dana ovaj postupak ponovite jo\u0161 dva puta. Tako\u0111e ne zaboravite da 3.puta po 80.kapi u vreme koje vama odgovara popijete i tinkturu &#8222;\u017eeludac&#8220;.<\/p>\n<p><strong>3.DAN:<\/strong> Popijte 250ml \u010daja od nane ili kamilice, 15-30.min nakon toga popite 1 kafenu ka\u0161i\u010dicu formule &#8222;Creva #1&#8220;. I u toku dana uzmite 3x po 80.kapi tinkturu &#8222;\u017eeludac&#8220;.<\/p>\n<p><strong>4.DAN:<\/strong> Popijte 250ml soka od jabuke, 15-30.min nakon toga popite 1 kafenu ka\u0161i\u010dicu formule &#8222;Creva #2&#8220;. I u toku dana ovaj postupak ponovite jo\u0161 dva puta. Tako\u0111e ne zaboravite da 3.puta po 80.kapi u vreme koje vama odgovara popijete i tinkturu &#8222;\u017eeludac&#8220;.<\/p>\n<p><strong>5.DAN:<\/strong> Popijte 250ml \u010daja od nane ili kamilice, 15-30.min nakon toga popite 1,5 kafene ka\u0161i\u010dice formule &#8222;Creva #1&#8220;. I u toku dana uzmite 3x po 80.kapi tinkturu &#8222;\u017eeludac&#8220;.<\/p>\n<p><strong>6.DAN:<\/strong> Popijte 250ml soka od jabuke, 15-30.min nakon toga popite 1 kafenu ka\u0161i\u010dicu formule &#8222;Creva #2&#8220;. I u toku dana ovaj postupak ponovite jo\u0161 dva puta. Tako\u0111e ne zaboravite da 3.puta po 80.kapi u vreme koje vama odgovara popijete i tinkturu &#8222;\u017eeludac&#8220;.<\/p>\n<p><strong>7.DAN:<\/strong> Popijte 250ml \u010daja od nane ili kamilice, 15-30.min nakon toga popite 2 kafene ka\u0161i\u010dice formule &#8222;Creva #1&#8220;. I u toku dana uzmite 3x po 80.kapi tinkturu &#8222;\u017eeludac&#8220;.<\/p>\n<p><strong>NAPOMENA:<\/strong> Ako ste program uradili ta\u010dno po rasporedu, to je odli\u010dno ura\u0111en posao. Ali ako nemate vremena da ujutro popijete \u010daj ili sok od jabuke, program se mo\u017ee uraditi i bez njih. Ali je puno bolje ako mo\u017eete ispo\u0161tovati ovaj re\u017eim. \u010cajevi poput nane ili kamilice umiruju i\u00a0 pripremaju stomak za nadolaze\u0107u formulu te su eventualni gr\u010devi koji se mogu javiti usled kontrakcije debelog creva puno bla\u017ei. Sok od jabuke je bogat pektinom koji zajedno sa crevnom formulom &#8222;creva #2&#8243;poma\u017ee u izvla\u010denju toksina i fekalija iz crevnih d\u017eepova.<\/p>\n<p>Predlo\u017eene doze formule &#8222;Creva #1&#8220; se tako\u0111e mogu menjati po \u017eelji, na primer u koliko imate ve\u0107 neki oblik zatvora slobodno mo\u017eete po\u010deti sa 1.kafenom ka\u0161i\u010dicom i svaki naredni put pove\u0107avati dozu za onoliko koliko mislite da vam je potrebno. Tako\u0111e u koliko na primer imate odli\u010dne rezultate tre\u0107eg dana sa dozom od 1.kafene ka\u0161i\u010dice ako ne \u017eelite ne morate pove\u0107avati tu dozu, mo\u017eete ostati na njoj sve do kraja 7.dana.<\/p>\n","protected":false},"excerpt":{"rendered":"<h6>Paket biljnih tinktura za \u010di\u0161\u0107enje creva u trajanju od 7.dana<\/h6>\n<p>Sve bolesti prvo kre\u0107u iz creva, isto tako svaka preventiva ili le\u010denje mora da po\u010dne od ovih organa. Mo\u017eda nemate dovoljno vremena da radite klistiranje debelog creva ili vam se to mo\u017eda \u010dini naporno, ali ono \u0161to sigurno mo\u017eete a to je da odvojite bar dva puta godi\u0161nje po 7.dana da temeljno o\u010distite va\u0161a creva. Komplet &#8222;Mini paket za creva&#8220; ima zadatak da o\u010disti i dezinfikuje va\u0161 \u017eeludac, tanko i debelo crevo.<\/p>\n","protected":false},"featured_media":17308,"comment_status":"open","ping_status":"closed","template":"","meta":[],"product_brand":[],"product_cat":[3601],"product_tag":[],"class_list":{"0":"post-17307","1":"product","2":"type-product","3":"status-publish","4":"has-post-thumbnail","6":"product_cat-detoks-program-paketi","7":"pa_cuvanje-na-sobnoj-temperaturi-na-tamnom-mestu","8":"pa_proizvodnja-centar-za-priridnu-medicinu","10":"first","11":"instock","12":"sale","13":"shipping-taxable","14":"purchasable","15":"product-type-simple"},"_links":{"self":[{"href":"https:\/\/www.centarzaprirodnumedicinu.com\/test\/wp-json\/wp\/v2\/product\/17307","targetHints":{"allow":["GET"]}}],"collection":[{"href":"https:\/\/www.centarzaprirodnumedicinu.com\/test\/wp-json\/wp\/v2\/product"}],"about":[{"href":"https:\/\/www.centarzaprirodnumedicinu.com\/test\/wp-json\/wp\/v2\/types\/product"}],"replies":[{"embeddable":true,"href":"https:\/\/www.centarzaprirodnumedicinu.com\/test\/wp-json\/wp\/v2\/comments?post=17307"}],"version-history":[{"count":0,"href":"https:\/\/www.centarzaprirodnumedicinu.com\/test\/wp-json\/wp\/v2\/product\/17307\/revisions"}],"wp:featuredmedia":[{"embeddable":true,"href":"https:\/\/www.centarzaprirodnumedicinu.com\/test\/wp-json\/wp\/v2\/media\/17308"}],"wp:attachment":[{"href":"https:\/\/www.centarzaprirodnumedicinu.com\/test\/wp-json\/wp\/v2\/media?parent=17307"}],"wp:term":[{"taxonomy":"product_brand","embeddable":true,"href":"https:\/\/www.centarzaprirodnumedicinu.com\/test\/wp-json\/wp\/v2\/product_brand?post=17307"},{"taxonomy":"product_cat","embeddable":true,"href":"https:\/\/www.centarzaprirodnumedicinu.com\/test\/wp-json\/wp\/v2\/product_cat?post=17307"},{"taxonomy":"product_tag","embeddable":true,"href":"https:\/\/www.centarzaprirodnumedicinu.com\/test\/wp-json\/wp\/v2\/product_tag?post=17307"}],"curies":[{"name":"wp","href":"https:\/\/api.w.org\/{rel}","templated":true}]}}