{"id":17256,"date":"2022-07-10T14:17:52","date_gmt":"2022-07-10T12:17:52","guid":{"rendered":"https:\/\/centarzaprirodnumedicinu.com\/?post_type=product&#038;p=17256"},"modified":"2025-04-07T14:18:36","modified_gmt":"2025-04-07T12:18:36","slug":"30-dnevni-program-ciscenja-organizma-ricard-sulc","status":"publish","type":"product","link":"https:\/\/www.centarzaprirodnumedicinu.com\/test\/p\/knjige\/30-dnevni-program-ciscenja-organizma-ricard-sulc\/","title":{"rendered":"30-dnevni program \u010di\u0161\u0107enja organizma Ri\u010dard \u0160ulc"},"content":{"rendered":"<p>\u201eModeran \u017eivot izla\u017ee nas hiljadama otrova svakoga dana, od hrane koju jedemo do vazduha koji udi\u0161emo. Visok nivo stresa i odsustvo fizi\u010dke aktivnosti smanjuju prirodnu sposobnost \u010dovekovog tela da samo sebe \u010disti.<\/p>\n<p>Nagomilavanje otrova u telu predstavlja direktan uzrok pojave raka, bolesti srca, Alchajmerove bolesti, dijabetesa, neuro-mi\u0161i\u0107nih bolesti i brojnih drugih bolesti. 30-dnevni program \u010di\u0161\u0107enja organizma dr \u0160ulca predstavlja mo\u0107no sredstvo koje \u010disti sve nagomilane otrove.<br \/>\nOvaj program tako\u0111e podsti\u010de rad imunog sistema i omogu\u0107ava telu da pobedi svaku bolest. Ukoliko \u017eelite da unapredite svoje zdravlje do krajnjih granica, ovaj program \u0107e vam to omogu\u0107iti.<\/p>\n<p>Za samo 30 dana posta\u0107ete fizi\u010dki, emocionalno i duhovno zdravija osoba.\u201c<\/p>\n<p>&nbsp;<\/p>\n<p>\u2013 dr Ri\u010dard \u0160ulc \u2013<\/p>\n","protected":false},"excerpt":{"rendered":"<p>\u201eModeran \u017eivot izla\u017ee nas hiljadama otrova svakoga dana, od hrane koju jedemo do vazduha koji udi\u0161emo. Visok nivo stresa i<\/p>\n","protected":false},"featured_media":17253,"comment_status":"open","ping_status":"closed","template":"","meta":[],"product_brand":[],"product_cat":[3213],"product_tag":[],"class_list":{"0":"post-17256","1":"product","2":"type-product","3":"status-publish","4":"has-post-thumbnail","6":"product_cat-knjige","7":"pa_autor-dr-ricard-sulc","8":"pa_broj-strana-3419","9":"pa_download-naziv-3421","10":"pa_format-a5-115-x-19-cm","12":"first","13":"instock","14":"purchasable","15":"product-type-simple"},"_links":{"self":[{"href":"https:\/\/www.centarzaprirodnumedicinu.com\/test\/wp-json\/wp\/v2\/product\/17256","targetHints":{"allow":["GET"]}}],"collection":[{"href":"https:\/\/www.centarzaprirodnumedicinu.com\/test\/wp-json\/wp\/v2\/product"}],"about":[{"href":"https:\/\/www.centarzaprirodnumedicinu.com\/test\/wp-json\/wp\/v2\/types\/product"}],"replies":[{"embeddable":true,"href":"https:\/\/www.centarzaprirodnumedicinu.com\/test\/wp-json\/wp\/v2\/comments?post=17256"}],"version-history":[{"count":0,"href":"https:\/\/www.centarzaprirodnumedicinu.com\/test\/wp-json\/wp\/v2\/product\/17256\/revisions"}],"wp:featuredmedia":[{"embeddable":true,"href":"https:\/\/www.centarzaprirodnumedicinu.com\/test\/wp-json\/wp\/v2\/media\/17253"}],"wp:attachment":[{"href":"https:\/\/www.centarzaprirodnumedicinu.com\/test\/wp-json\/wp\/v2\/media?parent=17256"}],"wp:term":[{"taxonomy":"product_brand","embeddable":true,"href":"https:\/\/www.centarzaprirodnumedicinu.com\/test\/wp-json\/wp\/v2\/product_brand?post=17256"},{"taxonomy":"product_cat","embeddable":true,"href":"https:\/\/www.centarzaprirodnumedicinu.com\/test\/wp-json\/wp\/v2\/product_cat?post=17256"},{"taxonomy":"product_tag","embeddable":true,"href":"https:\/\/www.centarzaprirodnumedicinu.com\/test\/wp-json\/wp\/v2\/product_tag?post=17256"}],"curies":[{"name":"wp","href":"https:\/\/api.w.org\/{rel}","templated":true}]}}