{"id":14934,"date":"2022-03-03T20:06:12","date_gmt":"2022-03-03T19:06:12","guid":{"rendered":"https:\/\/centarzaprirodnumedicinu.com\/product\/imuno-1\/"},"modified":"2026-01-23T13:42:35","modified_gmt":"2026-01-23T12:42:35","slug":"imuno-1","status":"publish","type":"product","link":"https:\/\/www.centarzaprirodnumedicinu.com\/test\/p\/biljne-tinkture\/biljne-tinkture-po-receptu-ricarda-sulca\/imuno-1\/","title":{"rendered":"IMUNO #1"},"content":{"rendered":"<p><strong>SASTAV:<\/strong><br \/>\n<strong>\u2013 Koren ehinacee<\/strong>\u00a0(<em>Echinacea purpurea<\/em>)<br \/>\n<strong>\u2013 Ljuta paprika<\/strong>\u00a0(<em>Capsicum annuum<\/em>)<br \/>\n<strong>\u2013 Beli luk<\/strong>\u00a0<em>(Allium sativum)<\/em><\/p>\n<p><strong>KAKO OVA FORMULA DELUJE?<br \/>\n<\/strong>Sva istra\u017eivanja koja su ra\u0111ena na ovoj biljci pokazuju da ehinacea zna\u010dajno stimuli\u0161e imunolo\u0161ki sistem za borbu protiv virusa koji izazivaju prehladu, kao i mnogih drugih\u00a0<strong>mikroorganizama<\/strong>. Ekstrakti\u00a0<strong>korena\u00a0<a href=\"https:\/\/sh.wikipedia.org\/wiki\/Ehinacea\" target=\"_blank\" rel=\"noopener\">ehinacee<\/a><\/strong>\u00a0deluju na viruse gripa, herpes i druge viruse. U poznatom istra\u017eivanju u koje je bilo uklju\u010deno 180 ljudi sa virusom gripe, lekari su uo\u010dili da jedan mililitar ekstrakta korena ehinacee zna\u010dajno smanjuje simptome gripa. U jednoj drugoj studiji ispitanici su pored biljke ehinacee uzimali i\u00a0<strong><a href=\"https:\/\/www.stetoskop.info\/vitamini\/vitamin-c\" target=\"_blank\" rel=\"noopener\">vitamin C<\/a>,<\/strong>\u00a0ova kombinacija je umanjila pojavu prehlade za 86%. Ehinacea tako\u0111e podsti\u010de lu\u010denje Interferona, proteina iz grupe glikoproteina, koje stvaraju \u0107elije imunskog sistema pa je njegova primena veoma zna\u010dajna i kod te\u017eih oboljenja.<\/p>\n<p><strong>ZA\u0160TO TREBA DA IMATE OVU TINKTURU?<br \/>\n<\/strong><strong>Tinktura Imuno #1<\/strong>\u00a0je formula koja deluje na vi\u0161e na\u010dina u va\u0161em organizmu. Najva\u017eniji sastojak formule je svakako koren ehinacee. Ovaj koren u sebi sadr\u017ei lekovite supstance koje pove\u0107avaju broj imunih \u0107elija u va\u0161em organizmu. Imunostimulatorska aktivnost ovoga preparata ogleda se u tri mehanizma: aktiviranju\u00a0<strong>fagocitoze<\/strong>, stimulaciji fibroblasta i poja\u010davanju resiratorne aktivnosti \u0161to dovodi do pove\u0107anja pokretljivosti leukocita. Postoje brojna istra\u017eivanja o efektima korena ehinacee koja ukazuju na to da se imuni sistem ja\u010da u odbrani od patogenih infekcija aktiviranjem neutrofila, makrofaga,\u00a0<strong>leukocita\u00a0<\/strong>i \u0107elija ubica.<\/p>\n","protected":false},"excerpt":{"rendered":"<h4>Biljna tinktura po receptu Ri\u010darda \u0160ulca za ja\u010danje imuniteta<\/h4>\n<p><strong data-start=\"268\" data-end=\"280\">Imuno #1<\/strong>\u00a0je sna\u017ena biljna tinktura po originalnom receptu dr Ri\u010darda \u0160ulca, namenjena ja\u010danju prirodne odbrambene sposobnosti organizma. Kombinacija pa\u017eljivo odabranih lekovitih biljaka u ovoj formuli tradicionalno se koristi za podr\u0161ku imunom sistemu, posebno u periodima pove\u0107anog stresa, iscrpljenosti, \u010destih infekcija, hroni\u010dnih bolesti i tokom oporavka organizma. Tinktura deluje stimulativno na imuni odgovor, poma\u017ee telu da se efikasnije izbori sa spoljnim izazovima i doprinosi op\u0161tem ose\u0107aju vitalnosti i snage.<\/p>\n","protected":false},"featured_media":27501,"comment_status":"open","ping_status":"closed","template":"","meta":[],"product_brand":[],"product_cat":[3610],"product_tag":[3618,3620,3619,3622,3621,3623,3617],"class_list":{"0":"post-14934","1":"product","2":"type-product","3":"status-publish","4":"has-post-thumbnail","6":"product_cat-biljne-tinkture-po-receptu-ricarda-sulca","7":"product_tag-biljne-tinkture-ricarda-sulca","8":"product_tag-ehinacea","9":"product_tag-imunitet","10":"product_tag-ljuta-paprika","11":"product_tag-prirodna-medicina","12":"product_tag-prirodno-lecenje","13":"product_tag-tinkture","14":"pa_cuvanje-na-sobnoj-temperaturi-na-tamnom-mestu","15":"pa_nacin-upotrebe-od-80-kapi-3-puta-dnevno-do-160-kapi-6-puta-dnevno-u-izuzetnim-situacijama-moze-da-se-konzumira-i-do-jedne-supene-kasike-na-svaki-sat-promuckati-pre-upotrebe","16":"pa_period-trajanja-ako-se-uzima-po-80-kapi-3-puta-dnevno-tinktura-moze-trajati-7-dana","17":"pa_period-upotrebe-za-najbolji-preventivni-efekat-tnkturu-uzimati-u-periodu-30-dana-prve-dve-sedmice-se-uzima-bez-pauze-treca-sedmica-je-pauza-i-cetvrte-sedmice-se-opet-uzima-bez-prekida","18":"pa_proizvodnja-centar-za-priridnu-medicinu","19":"pa_zapremina-50-ml","21":"first","22":"instock","23":"purchasable","24":"product-type-simple"},"_links":{"self":[{"href":"https:\/\/www.centarzaprirodnumedicinu.com\/test\/wp-json\/wp\/v2\/product\/14934","targetHints":{"allow":["GET"]}}],"collection":[{"href":"https:\/\/www.centarzaprirodnumedicinu.com\/test\/wp-json\/wp\/v2\/product"}],"about":[{"href":"https:\/\/www.centarzaprirodnumedicinu.com\/test\/wp-json\/wp\/v2\/types\/product"}],"replies":[{"embeddable":true,"href":"https:\/\/www.centarzaprirodnumedicinu.com\/test\/wp-json\/wp\/v2\/comments?post=14934"}],"version-history":[{"count":7,"href":"https:\/\/www.centarzaprirodnumedicinu.com\/test\/wp-json\/wp\/v2\/product\/14934\/revisions"}],"predecessor-version":[{"id":27577,"href":"https:\/\/www.centarzaprirodnumedicinu.com\/test\/wp-json\/wp\/v2\/product\/14934\/revisions\/27577"}],"wp:featuredmedia":[{"embeddable":true,"href":"https:\/\/www.centarzaprirodnumedicinu.com\/test\/wp-json\/wp\/v2\/media\/27501"}],"wp:attachment":[{"href":"https:\/\/www.centarzaprirodnumedicinu.com\/test\/wp-json\/wp\/v2\/media?parent=14934"}],"wp:term":[{"taxonomy":"product_brand","embeddable":true,"href":"https:\/\/www.centarzaprirodnumedicinu.com\/test\/wp-json\/wp\/v2\/product_brand?post=14934"},{"taxonomy":"product_cat","embeddable":true,"href":"https:\/\/www.centarzaprirodnumedicinu.com\/test\/wp-json\/wp\/v2\/product_cat?post=14934"},{"taxonomy":"product_tag","embeddable":true,"href":"https:\/\/www.centarzaprirodnumedicinu.com\/test\/wp-json\/wp\/v2\/product_tag?post=14934"}],"curies":[{"name":"wp","href":"https:\/\/api.w.org\/{rel}","templated":true}]}}