{"id":14926,"date":"2022-03-03T20:06:12","date_gmt":"2022-03-03T19:06:12","guid":{"rendered":"https:\/\/centarzaprirodnumedicinu.com\/product\/vitamin-d3-biljni-ekstrakt-iz-lisajeva-sa-drveta\/"},"modified":"2025-04-07T14:18:36","modified_gmt":"2025-04-07T12:18:36","slug":"vitamin-d3-biljni-ekstrakt-iz-lisajeva-sa-drveta","status":"publish","type":"product","link":"https:\/\/www.centarzaprirodnumedicinu.com\/test\/p\/super-hrana-i-dodaci-u-ishrani\/vitamin-d3-biljni-ekstrakt-iz-lisajeva-sa-drveta\/","title":{"rendered":"Vitamin D3 &#8211; 100% prirodni element u ulju iz kokosa"},"content":{"rendered":"<p>Postoji mnogo konfliktnih saveta o upotrebi vitamina, a insistiranje mnogih &#8222;eksperta&#8220; zdravlja da su dodaci vitamina nepotrebni za organizam je dovelo do toga da mnogi ljudi misle da nedostatak nekog vitamina nije tako velika stvar. Me\u0111utim, kada je u pitanju vitamin D, odr\u017eavanje optimalnih nivoa mo\u017ee zna\u010diti razliku izme\u0111u razvoja bolesti ili ne.<br \/>\n<strong><br \/>\nNa\u0161im telima je potreban vitamin D za odr\u017eavanje odgovaraju\u0107ih nivoa kalcijuma za zdravlje kostiju, za funkcionisanje mi\u0161i\u0107a i za neuronsku komunikaciju. Tako\u0111e je neophodan i za pravilno funkcionisanje na\u0161eg imunolo\u0161kog sistema.<\/strong><\/p>\n<div>Nau\u010dnici su ve\u0107 dugi niz godina znali da su ve\u0107i serumski nivoi vitamina D povezani sa zna\u010dajno ni\u017eim nastankom raka dojke, pankreasa, debelog creva, bubrega, prostate, jajnika i drugih karcinoma, a studije i dalje pokazuju koliko je ovaj vitamin zaista koristan u tom pogledu.<\/div>\n<div><\/div>\n<div>Studija objavljena u &#8222;Analima epidemiologije&#8220; zaklju\u010dila je da podizanje minimalnog nivoa vitamina D u serumu na 40 do 60 ng\/mL mo\u017ee spre\u010diti \u010dak 58.000 novih slu\u010dajeva raka dojke i 49.000 novih slu\u010dajeva kolorektalnog raka u Sjedinjenim Dr\u017eavama i Kanadi svake godine, \u0161to zna\u010di da bi se spre\u010dilo tri \u010detvrtine smrti izazvane ovim vrstama raka. Tako\u0111e ka\u017eu da bi takav unos mogao da smanji stopu smrtnosti slu\u010dajeva kod onih sa rakom prostate, dojke i kolorektalnog poreme\u0107aja.<\/div>\n<div><\/div>\n<div><\/div>\n<div><strong>Autori studije isti\u010du da ne postoje &#8222;nerazumni rizici&#8220; od uzimanja \u010dak i 2.000 IJ (Internacionalnih jedinica) vitamina D3 dnevno ili postizanja preporu\u010denih nivoa, te su pozvali da se nacionalno pove\u0107a znanje o ovome kako bi se unos vitamina D, kao i kalcijuma pove\u0107ao. Naravno, savetuje se samo uzimanje suplemenata biljnog porekla iz razloga \u0161to se neorganski suplementi jako slabo apsorbuju.<\/strong><\/div>\n<div><\/div>\n<div>\n<p>U drugoj studiji koja je uklju\u010divala vi\u0161e od 33.000 japanskih u\u010desnika u dobi od 40 do 69 godina, nakon 16 godina istra\u017eivanja, istra\u017eiva\u010di su otkrili da su u\u010desnici sa vi\u0161im nivoima vitamina D imali 20 posto manji rizik od svih tipova raka u pore\u0111enju sa onima koji su zabele\u017eili najni\u017ei nivo vitamina D. Nalaz je bio istinit \u010dak i nakon \u0161to su obra\u010dunali faktore kao \u0161to su indeks telesne mase, pu\u0161enje i uno\u0161enje alkohola, fizi\u010dka aktivnost i starost. Konkretno, prona\u0161li su vezu izme\u0111u vi\u0161ih nivoa vitamina D i 30 do 50 posto smanjenog rizika od raka jetre, a efekat je naro\u010dito izra\u017een kod mu\u0161karaca.<\/p>\n<p>Jedna studija objavljena u &#8222;Journal of the National Cancer Institute&#8220; koja je pokazala da su vi\u0161i nivoi vitamina D u serumu povezani s manjim rizikom od kolorektalnog karcinoma. Ovaj nalaz je zasnovan na podacima iz 17 prospektivnih studija koje uklju\u010duju vi\u0161e od 12.000 ljudi. Istra\u017eiva\u010di su otkrili da su oni koji su imali nedostatak vitamina D bili 31% podlo\u017eni za razvoj kolorektalnog karcinoma, za razliku od onih koji su imali nivoe vitamina D ve\u0107e od preporu\u010denog.<\/p>\n<p>&nbsp;<\/p>\n<\/div>\n<h4 style=\"text-align: center;\">Dobijanje dovoljnog vitamina D je lak\u0161e nego \u0161to mislite<\/h4>\n<div>\n<p>Uzimaju\u0107i u obzir sposobnost vitamina D da spre\u010di rak, da li treba da istr\u010dite i odmah kupite suplemente? Istina je da mnogi ljudi mogu da dobiju sav vitamin D koji im je potreban jedino ako se odmaraju napolju, dok sun\u010devi zraci osijavaju njihovu ko\u017eu &#8211; pod uslovom da nemaju za\u0161titnu kremu. Mnogi faktori uti\u010du na to koliko dugo je potrebno biti na suncu, uklju\u010duju\u0107i va\u0161u boju ko\u017ee i lokaciju na kojoj se sun\u010date, ali online kalkulatori vam mogu pomo\u0107i da od prilike znate koliko je potrebno da se izla\u017eete suncu.<\/p>\n<p><strong>U proseku, potrebno je da se svakodnevno sun\u010date bar 30 minuta kako biste proizveli doboljnu koli\u010dinu vitamina D. Ovo nije problem tokom letnjih perioda, ukoliko provodie vreme napolju, ali tokom hladnijih perioda je ovo jako veliki problem, zato se zarazne bolesti uglavnom javljaju zimi.<\/strong><\/p>\n<\/div>\n","protected":false},"excerpt":{"rendered":"<p>Pred vama je &#8222;Vitamin D3&#8220; napravljen iz potpuno prirodnih elemenata vi\u0161estruki pobednik 2019\/2020\u00a0 &#8211; Laboratorijski testirano 1000 IU po kapi &#8211; 30 ml (1020 kapi) &#8211; U MCT ulju iz kokosa<\/p>\n<p>&#8211; Visoko dozirano, te\u010dno i proizvedeno u Nema\u010dkoj<\/p>\n<p>\u010cisti vitamin D3 u kokosovom ulju MCT. Na\u0161e kapi vitamina D ne sadr\u017ee arome, boje, stabilizatore, superplastifikatore i naravno GMO, laktozu, gluten i \u017eelatin.<\/p>\n<p>Testirano na vitamin D3, te\u0161ke metale, plesni, E. coli, salmonelu i jo\u0161 mnogo toga. Testirano u nema\u010dkoj laboratoriji sertifikovanoj u skladu sa DIN EN ISO \/ IEC 17025.<\/p>\n<p>&nbsp;<\/p>\n","protected":false},"featured_media":14270,"comment_status":"open","ping_status":"closed","template":"","meta":[],"product_brand":[],"product_cat":[3218],"product_tag":[],"class_list":{"0":"post-14926","1":"product","2":"type-product","3":"status-publish","4":"has-post-thumbnail","6":"product_cat-super-hrana-i-dodaci-u-ishrani","7":"pa_cuvanje-najbolje-cuvati-u-frizideru","8":"pa_zapremina-30ml","10":"first","11":"instock","12":"purchasable","13":"product-type-simple"},"_links":{"self":[{"href":"https:\/\/www.centarzaprirodnumedicinu.com\/test\/wp-json\/wp\/v2\/product\/14926","targetHints":{"allow":["GET"]}}],"collection":[{"href":"https:\/\/www.centarzaprirodnumedicinu.com\/test\/wp-json\/wp\/v2\/product"}],"about":[{"href":"https:\/\/www.centarzaprirodnumedicinu.com\/test\/wp-json\/wp\/v2\/types\/product"}],"replies":[{"embeddable":true,"href":"https:\/\/www.centarzaprirodnumedicinu.com\/test\/wp-json\/wp\/v2\/comments?post=14926"}],"version-history":[{"count":0,"href":"https:\/\/www.centarzaprirodnumedicinu.com\/test\/wp-json\/wp\/v2\/product\/14926\/revisions"}],"wp:featuredmedia":[{"embeddable":true,"href":"https:\/\/www.centarzaprirodnumedicinu.com\/test\/wp-json\/wp\/v2\/media\/14270"}],"wp:attachment":[{"href":"https:\/\/www.centarzaprirodnumedicinu.com\/test\/wp-json\/wp\/v2\/media?parent=14926"}],"wp:term":[{"taxonomy":"product_brand","embeddable":true,"href":"https:\/\/www.centarzaprirodnumedicinu.com\/test\/wp-json\/wp\/v2\/product_brand?post=14926"},{"taxonomy":"product_cat","embeddable":true,"href":"https:\/\/www.centarzaprirodnumedicinu.com\/test\/wp-json\/wp\/v2\/product_cat?post=14926"},{"taxonomy":"product_tag","embeddable":true,"href":"https:\/\/www.centarzaprirodnumedicinu.com\/test\/wp-json\/wp\/v2\/product_tag?post=14926"}],"curies":[{"name":"wp","href":"https:\/\/api.w.org\/{rel}","templated":true}]}}