{"id":14842,"date":"2022-03-03T20:05:39","date_gmt":"2022-03-03T19:05:39","guid":{"rendered":"https:\/\/centarzaprirodnumedicinu.com\/product\/propolis\/"},"modified":"2025-04-07T14:18:40","modified_gmt":"2025-04-07T12:18:40","slug":"propolis","status":"publish","type":"product","link":"https:\/\/www.centarzaprirodnumedicinu.com\/test\/p\/pcelinji-proizvodi\/propolis\/","title":{"rendered":"PROPOLIS"},"content":{"rendered":"<p>NULL<\/p>\n","protected":false},"excerpt":{"rendered":"<p>30% visoko pre\u010di\u0161\u0107eni ekstrakt prirodnog p\u010delinjeg propolisa<\/p>\n","protected":false},"featured_media":19382,"comment_status":"open","ping_status":"closed","template":"","meta":[],"product_brand":[],"product_cat":[3216],"product_tag":[],"class_list":{"0":"post-14842","1":"product","2":"type-product","3":"status-publish","4":"has-post-thumbnail","6":"product_cat-pcelinji-proizvodi","7":"pa_zapremina-20ml","9":"first","10":"instock","11":"purchasable","12":"product-type-simple"},"_links":{"self":[{"href":"https:\/\/www.centarzaprirodnumedicinu.com\/test\/wp-json\/wp\/v2\/product\/14842","targetHints":{"allow":["GET"]}}],"collection":[{"href":"https:\/\/www.centarzaprirodnumedicinu.com\/test\/wp-json\/wp\/v2\/product"}],"about":[{"href":"https:\/\/www.centarzaprirodnumedicinu.com\/test\/wp-json\/wp\/v2\/types\/product"}],"replies":[{"embeddable":true,"href":"https:\/\/www.centarzaprirodnumedicinu.com\/test\/wp-json\/wp\/v2\/comments?post=14842"}],"version-history":[{"count":0,"href":"https:\/\/www.centarzaprirodnumedicinu.com\/test\/wp-json\/wp\/v2\/product\/14842\/revisions"}],"wp:featuredmedia":[{"embeddable":true,"href":"https:\/\/www.centarzaprirodnumedicinu.com\/test\/wp-json\/wp\/v2\/media\/19382"}],"wp:attachment":[{"href":"https:\/\/www.centarzaprirodnumedicinu.com\/test\/wp-json\/wp\/v2\/media?parent=14842"}],"wp:term":[{"taxonomy":"product_brand","embeddable":true,"href":"https:\/\/www.centarzaprirodnumedicinu.com\/test\/wp-json\/wp\/v2\/product_brand?post=14842"},{"taxonomy":"product_cat","embeddable":true,"href":"https:\/\/www.centarzaprirodnumedicinu.com\/test\/wp-json\/wp\/v2\/product_cat?post=14842"},{"taxonomy":"product_tag","embeddable":true,"href":"https:\/\/www.centarzaprirodnumedicinu.com\/test\/wp-json\/wp\/v2\/product_tag?post=14842"}],"curies":[{"name":"wp","href":"https:\/\/api.w.org\/{rel}","templated":true}]}}