{"id":14379,"date":"2022-03-03T20:02:26","date_gmt":"2022-03-03T19:02:26","guid":{"rendered":"https:\/\/centarzaprirodnumedicinu.com\/product\/dodaci-u-ishrani-sportista\/"},"modified":"2022-05-05T12:48:43","modified_gmt":"2022-05-05T10:48:43","slug":"dodaci-u-ishrani-sportista","status":"publish","type":"product","link":"https:\/\/www.centarzaprirodnumedicinu.com\/test\/p\/knjige\/dodaci-u-ishrani-sportista\/","title":{"rendered":"Dodaci u ishrani sportista"},"content":{"rendered":"<p>Priru\u010dnik za pripremanje i upotrebu lekovitog bilja i prirodnih dodataka u ishrani<\/p>\n<p>Priroda predstavlja veliki izvor hranljivih i lekovitih sastojaka koje savremeni \u010dovek veoma malo koristi. Ona je prepuna raznolikog bilja, o kojem se malo zna, a koje ne samo da \u010dini svet lep\u0161im, ve\u0107 predstavlja pravu riznizu razli\u010ditih hranljivih i lekovitih supstanci od kojih mo\u017eemo imati velike koristi.<\/p>\n<p>Ova knjiga na detaljan na\u010din obja\u0161njva kako pripremiti najbolje biljne preparate i dodatke ishrani, kao i njihovo dejstvo na pojedina\u010dne organe u na\u0161em organizmu.<\/p>\n","protected":false},"excerpt":{"rendered":"<p>Priru\u010dnik za pripremanje i upotrebu lekovitog bilja i prirodnih dodataka u ishrani Priroda predstavlja veliki izvor hranljivih i lekovitih sastojaka<\/p>\n","protected":false},"featured_media":13724,"comment_status":"open","ping_status":"open","template":"","meta":[],"product_brand":[],"product_cat":[3213],"product_tag":[],"class_list":{"0":"post-14379","1":"product","2":"type-product","3":"status-publish","4":"has-post-thumbnail","6":"product_cat-knjige","7":"pa_autor-dr-milisav-nikolic","8":"pa_broj-strana-3463","9":"pa_download-naziv-3464","10":"pa_format-skraceni-a5-115-x-19-cm","12":"first","13":"instock","14":"purchasable","15":"product-type-simple"},"_links":{"self":[{"href":"https:\/\/www.centarzaprirodnumedicinu.com\/test\/wp-json\/wp\/v2\/product\/14379","targetHints":{"allow":["GET"]}}],"collection":[{"href":"https:\/\/www.centarzaprirodnumedicinu.com\/test\/wp-json\/wp\/v2\/product"}],"about":[{"href":"https:\/\/www.centarzaprirodnumedicinu.com\/test\/wp-json\/wp\/v2\/types\/product"}],"replies":[{"embeddable":true,"href":"https:\/\/www.centarzaprirodnumedicinu.com\/test\/wp-json\/wp\/v2\/comments?post=14379"}],"version-history":[{"count":0,"href":"https:\/\/www.centarzaprirodnumedicinu.com\/test\/wp-json\/wp\/v2\/product\/14379\/revisions"}],"wp:featuredmedia":[{"embeddable":true,"href":"https:\/\/www.centarzaprirodnumedicinu.com\/test\/wp-json\/wp\/v2\/media\/13724"}],"wp:attachment":[{"href":"https:\/\/www.centarzaprirodnumedicinu.com\/test\/wp-json\/wp\/v2\/media?parent=14379"}],"wp:term":[{"taxonomy":"product_brand","embeddable":true,"href":"https:\/\/www.centarzaprirodnumedicinu.com\/test\/wp-json\/wp\/v2\/product_brand?post=14379"},{"taxonomy":"product_cat","embeddable":true,"href":"https:\/\/www.centarzaprirodnumedicinu.com\/test\/wp-json\/wp\/v2\/product_cat?post=14379"},{"taxonomy":"product_tag","embeddable":true,"href":"https:\/\/www.centarzaprirodnumedicinu.com\/test\/wp-json\/wp\/v2\/product_tag?post=14379"}],"curies":[{"name":"wp","href":"https:\/\/api.w.org\/{rel}","templated":true}]}}