{"id":14377,"date":"2022-03-03T20:02:26","date_gmt":"2022-03-03T19:02:26","guid":{"rendered":"https:\/\/centarzaprirodnumedicinu.com\/product\/vodic-za-prirodan-porodaj\/"},"modified":"2023-12-21T16:00:47","modified_gmt":"2023-12-21T15:00:47","slug":"vodic-za-prirodan-porodaj","status":"publish","type":"product","link":"https:\/\/www.centarzaprirodnumedicinu.com\/test\/p\/knjige\/vodic-za-prirodan-porodaj\/","title":{"rendered":"Vodi\u010d za prirodan poro\u0111aj"},"content":{"rendered":"<div>&#160;\u201eSmatrajte ovo pozivom da nau\u010dite o stvarnim kapacitetima \u017eenskog tela tokom naprezanja i ra\u0111anja. Ne govorim o kratkom sadr\u017eaju trenutnih medicinskih znanja prevedenih sa stru\u010dnog na narodni jezik. Toga mo\u017eete dosta na\u0107i u knji\u017earama. Ono \u0161to podrazumevam pod stvarnim kapacitetima \u017eenskog tela je ono \u0161to su \u017eene zaista do\u017eivele, bilo da je priznato od medicinskih autoriteta ili ne. Ja to najvernije znanje o \u017eenskom telu vidim kao kombinaciju onog najboljeg \u0161to je medicinska nauka pru\u017eala tokom pro\u0161log veka ili i onog \u0161to su \u017eene oduvek mogle nau\u010diti o sebi do kona\u010dnog preme\u0161taja u bolnicu na poro\u0111aj. Svrha ove knjige je da vam pru\u017ei najbolje informacije trenutno dostupne o \u017eenskim kapacitetima pri naprezanju i poro\u0111aju, kao i da vam poka\u017ee kako se ova dva mogu spojiti sa najboljim kori\u0161\u0107enjem moderne porodiljske tehnologije. Moja namera je da Vas ohrabrim i informi\u0161em.<\/p>\n<p>Ovo je va\u0161a \u0161ansa da \u010dujete novo shvatanje starog znanja koje mo\u017eete dodati va\u0161im osnovnim znanjima o ra\u0111anju. Gde god i kako god nameravali da se porodite, va\u0161e iskustvo \u0107e uticati na va\u0161e emocije, va\u0161 um, va\u0161e telo, i va\u0161 duh do kraja va\u0161eg \u017eivota.\u201c<\/p>\n<p>Ina Mej Gaskin, sertifikovana profesionalna babica (selo Farma, Tenesi, SAD)<\/p><\/div>\n<div>&#160;<\/div>\n","protected":false},"excerpt":{"rendered":"<p>&#160;\u201eSmatrajte ovo pozivom da nau\u010dite o stvarnim kapacitetima \u017eenskog tela tokom naprezanja i ra\u0111anja. Ne govorim o kratkom sadr\u017eaju trenutnih<\/p>\n","protected":false},"featured_media":13722,"comment_status":"open","ping_status":"closed","template":"","meta":[],"product_brand":[],"product_cat":[3213],"product_tag":[],"class_list":{"0":"post-14377","1":"product","2":"type-product","3":"status-publish","4":"has-post-thumbnail","6":"product_cat-knjige","7":"pa_autor-ina-mej-gaskin","8":"pa_broj-strana-3469","9":"pa_download-naziv-3472","10":"pa_format-a5-205-x-145-cm","12":"first","13":"outofstock","14":"purchasable","15":"product-type-simple"},"_links":{"self":[{"href":"https:\/\/www.centarzaprirodnumedicinu.com\/test\/wp-json\/wp\/v2\/product\/14377","targetHints":{"allow":["GET"]}}],"collection":[{"href":"https:\/\/www.centarzaprirodnumedicinu.com\/test\/wp-json\/wp\/v2\/product"}],"about":[{"href":"https:\/\/www.centarzaprirodnumedicinu.com\/test\/wp-json\/wp\/v2\/types\/product"}],"replies":[{"embeddable":true,"href":"https:\/\/www.centarzaprirodnumedicinu.com\/test\/wp-json\/wp\/v2\/comments?post=14377"}],"version-history":[{"count":0,"href":"https:\/\/www.centarzaprirodnumedicinu.com\/test\/wp-json\/wp\/v2\/product\/14377\/revisions"}],"wp:featuredmedia":[{"embeddable":true,"href":"https:\/\/www.centarzaprirodnumedicinu.com\/test\/wp-json\/wp\/v2\/media\/13722"}],"wp:attachment":[{"href":"https:\/\/www.centarzaprirodnumedicinu.com\/test\/wp-json\/wp\/v2\/media?parent=14377"}],"wp:term":[{"taxonomy":"product_brand","embeddable":true,"href":"https:\/\/www.centarzaprirodnumedicinu.com\/test\/wp-json\/wp\/v2\/product_brand?post=14377"},{"taxonomy":"product_cat","embeddable":true,"href":"https:\/\/www.centarzaprirodnumedicinu.com\/test\/wp-json\/wp\/v2\/product_cat?post=14377"},{"taxonomy":"product_tag","embeddable":true,"href":"https:\/\/www.centarzaprirodnumedicinu.com\/test\/wp-json\/wp\/v2\/product_tag?post=14377"}],"curies":[{"name":"wp","href":"https:\/\/api.w.org\/{rel}","templated":true}]}}