{"id":14374,"date":"2022-03-03T20:02:26","date_gmt":"2022-03-03T19:02:26","guid":{"rendered":"https:\/\/centarzaprirodnumedicinu.com\/product\/ishrana-za-sportiste\/"},"modified":"2022-05-05T12:48:18","modified_gmt":"2022-05-05T10:48:18","slug":"ishrana-za-sportiste","status":"publish","type":"product","link":"https:\/\/www.centarzaprirodnumedicinu.com\/test\/p\/knjige\/ishrana-za-sportiste\/","title":{"rendered":"Ishrana za sportiste"},"content":{"rendered":"<p><span style=\"color: rgb(78, 78, 78); font-family: \" myriad=\"\" font-size:=\"\" text-align:=\"\">\u201eU sportu, kao i u \u017eivotu, postoje \u201cigra\u010di\u201d i&#160;\u201cposmatra\u010di\u201d. Igra\u010di uvek ostvaruju pozitivan rezultat, pa i onda kada rezultatski&#160;gube na terenu. Sa druge strane, posmatra\u010di uglavnom zavise od drugih \u2013 oni veruju&#160;da su pobedili ako neko za njih pobe\u0111uje,&#160;i od te pobede nemaju veliku korist.&#160;Va\u017eno je znati da je svako od nas stvoren&#160;da bude igra\u010d, i da bude pobednik u \u017eivotu,&#160;bez obzira kojim se poslom bavi\u043e. &#160;Dobro&#160;je biti i igra\u010d i posmatra\u010d, pa se nadahnjivati&#160;pobedama drugih igra\u010da. &#160;Biti samo posmatra\u010d u \u017eivotu je lo\u0161a opcija, jer na taj na\u010din se drugima prepu\u0161ta da aktivno odlu\u010duju o pobedi ili porazu u na\u0161em \u017eivotu. Tako\u0111e,&#160;time se ne ostvaruje smisao i svrha \u010dovekovog postojanja, a bez ostvarenja smisla \u010dovek neminovno pada u depresiju i razo\u010daranje. Smisao \u017eivota je, kao \u0161to \u0107emo&#160;videti, biti igra\u010d \u2013 dobar igra\u010d, i to \u0107e biti&#160;centralno pitanje kojim \u0107emo se baviti u&#160;ovoj knjizi.\u201c<\/span><\/p>\n<p style=\"box-sizing: border-box; margin: 1em 0px; text-align: right; background-image: initial; background-position: initial; background-size: initial; background-repeat: initial; background-attachment: initial; background-origin: initial; background-clip: initial; border: 0px none; padding: 0px; vertical-align: baseline; line-height: 21px; font-size: 14px; color: rgb(78, 78, 78);\" myriad=\"\">Dr Milisav Nikoli\u0107<\/p>\n","protected":false},"excerpt":{"rendered":"<p>\u201eU sportu, kao i u \u017eivotu, postoje \u201cigra\u010di\u201d i&#160;\u201cposmatra\u010di\u201d. Igra\u010di uvek ostvaruju pozitivan rezultat, pa i onda kada rezultatski&#160;gube na<\/p>\n","protected":false},"featured_media":13719,"comment_status":"open","ping_status":"open","template":"","meta":[],"product_brand":[],"product_cat":[3213],"product_tag":[],"class_list":{"0":"post-14374","1":"product","2":"type-product","3":"status-publish","4":"has-post-thumbnail","6":"product_cat-knjige","7":"pa_autor-dr-milisav-nikolic","8":"pa_broj-strana-3463","9":"pa_download-naziv-3464","10":"pa_format-a5-115-x-19-cm","12":"first","13":"instock","14":"purchasable","15":"product-type-simple"},"_links":{"self":[{"href":"https:\/\/www.centarzaprirodnumedicinu.com\/test\/wp-json\/wp\/v2\/product\/14374","targetHints":{"allow":["GET"]}}],"collection":[{"href":"https:\/\/www.centarzaprirodnumedicinu.com\/test\/wp-json\/wp\/v2\/product"}],"about":[{"href":"https:\/\/www.centarzaprirodnumedicinu.com\/test\/wp-json\/wp\/v2\/types\/product"}],"replies":[{"embeddable":true,"href":"https:\/\/www.centarzaprirodnumedicinu.com\/test\/wp-json\/wp\/v2\/comments?post=14374"}],"version-history":[{"count":0,"href":"https:\/\/www.centarzaprirodnumedicinu.com\/test\/wp-json\/wp\/v2\/product\/14374\/revisions"}],"wp:featuredmedia":[{"embeddable":true,"href":"https:\/\/www.centarzaprirodnumedicinu.com\/test\/wp-json\/wp\/v2\/media\/13719"}],"wp:attachment":[{"href":"https:\/\/www.centarzaprirodnumedicinu.com\/test\/wp-json\/wp\/v2\/media?parent=14374"}],"wp:term":[{"taxonomy":"product_brand","embeddable":true,"href":"https:\/\/www.centarzaprirodnumedicinu.com\/test\/wp-json\/wp\/v2\/product_brand?post=14374"},{"taxonomy":"product_cat","embeddable":true,"href":"https:\/\/www.centarzaprirodnumedicinu.com\/test\/wp-json\/wp\/v2\/product_cat?post=14374"},{"taxonomy":"product_tag","embeddable":true,"href":"https:\/\/www.centarzaprirodnumedicinu.com\/test\/wp-json\/wp\/v2\/product_tag?post=14374"}],"curies":[{"name":"wp","href":"https:\/\/api.w.org\/{rel}","templated":true}]}}