{"id":14357,"date":"2022-03-03T20:02:17","date_gmt":"2022-03-03T19:02:17","guid":{"rendered":"https:\/\/centarzaprirodnumedicinu.com\/product\/muska-formula\/"},"modified":"2025-06-08T09:13:57","modified_gmt":"2025-06-08T07:13:57","slug":"muska-formula","status":"publish","type":"product","link":"https:\/\/www.centarzaprirodnumedicinu.com\/test\/p\/biljne-tinkture\/biljne-tinkture-po-receptu-ricarda-sulca\/muska-formula\/","title":{"rendered":"MU\u0160KA FORMULA"},"content":{"rendered":"<p><strong>SASTAV:<\/strong><br \/>\n<strong>&#8211; Koren kineskog \u017een-\u0161ena <\/strong>(<em>Panax ginseng<\/em>)<br \/>\n<strong>&#8211; Koren sibirskog \u017een-\u0161ena<\/strong> (<em>Eleutherococcus senticosus<\/em>)<br \/>\n<strong>&#8211; Bobice testeraste palme<\/strong> (<em>Serenoa repens<\/em>)<br \/>\n<strong>&#8211; Koren sarsaparile<\/strong>\u00a0(<em>Smilax<\/em>)<br \/>\n<strong>&#8211; Plod kole<\/strong>\u00a0(<em>Cola acuminata<\/em>)<br \/>\n<strong>&#8211; Koren \u0111umbira <\/strong>(<em>Zingiber officinale)<\/em><br \/>\n<strong>&#8211; Kardamom<\/strong> (<em>Elettaria cardamomum<\/em>)<\/p>\n<p><strong>KAKO OVA FORMULA DELUJE?<br \/>\n<\/strong>Kombinacija lekovitog bilja u ovoj formuli uti\u010de kako na op\u0161tu snagu i \u017eivotnu energiju tako i na seksualni \u017eivot mu\u0161karca.\u00a0 <strong>Beli i crveni kineski \u017een \u0161en, ameri\u010dki divlji i sibirski \u017een \u0161en<\/strong> se koriste \u0161irom sveta, i jako su cenjene biljke u prirodnoj medicini. Medicinska praksa je utvrdila da \u017een \u0161en ja\u010da organizam i povec\u0301ava otpornost na zamor, povec\u0301ava kapacitet za rad i koncentraciju, ja\u010da \u017eivotne funkcije i regeneri\u0161e oslabljeni organizam. Upravo iz tih razloga \u017een \u0161en je poznat kao <strong>koren \u017eivota<\/strong>, a ova formula se preporu\u010duje \u010dak i \u017eenskim osobama koje imaju oslabljeni organizam ili neku od autoimunih oboljenja. Biljka<a href=\"https:\/\/en.wikipedia.org\/wiki\/Smilax_ornata\" target=\"_blank\" rel=\"noopener\"><strong> Sarsaparila<\/strong><\/a> u ovoj formuli slu\u017ei radi uspostavljanju zdravlja i ravnote\u017ee samog hormonalnog sistema, ona podize op\u0161ti energetski nivo tela, ja\u010dajuci pritom sam mentalni sistem i <strong>libido<\/strong>. Obezbe\u0111uje osve\u017eavaju\u0107i efekat na ceo organizam i zna\u010dajno doprinosi ose\u0107aju mu\u0161kosti. <strong><a href=\"https:\/\/en.wikipedia.org\/wiki\/Serenoa\" target=\"_blank\" rel=\"noopener\">Testerasta palma<\/a><\/strong>je tako\u0111e tu, ona sadr\u017ei veliku koli\u010dinu koncentrovanih slobodnih masnih kiselina, koje su od vitalnog zna\u010daja za <strong>pravilno funkcionisanje prostate<\/strong> jer ona sudeluje zajedno sa mu\u0161kim polnim \u017elezdama i doprinosi re\u0161avanju problema steriliteta i impotencije.<\/p>\n<p><strong>ZA\u0160TO TREBA DA IMATE OVU TINKTURU?<br \/>\n<\/strong>Tinktura &#8222;<strong>Mu\u0161ka formula<\/strong>&#8220; nije namenjena samo mu\u0161karcima koji \u017eele da pobolj\u0161aju rad polnih organa, namenjena je i starijim ljudima. \u017den \u0161en je poznata biljka za ja\u010danje organizma i podizanje ukupne energije i snage tela. Ova formula odli\u010dno <strong>balansira hormone<\/strong>, vra\u0107a raspolo\u017eenje i oslabljenu <strong>\u017eivotnu energiju<\/strong>. Iz tog razloga mogu je koristiti i starije osobe ali \u010dak i \u017eene koje su hroni\u010dno iscrpljene. U te svrhe ovo je najbolja biljna kombinacija u svetu herbalizma do dan danas.<\/p>\n","protected":false},"excerpt":{"rendered":"<h6>Biljna tinktura po receptu Ri\u010darda \u0160ulca za rad mu\u0161kih polnih organa<\/h6>\n<p>Tinktura &#8222;<strong>Mu\u0161ka formula<\/strong>&#8220; je kao &#8222;raketno&#8220; gorivo za mu\u0161karce. Upotreba ove formule je namenjena mu\u0161karcima svih uzrasta, mogu da je koriste ljudi koji samo \u017eele vi\u0161e seksualnog zadovoljstva, pa sve do onih ljudi koji su izgubili svoj seksualni nagon. Ovo je vrlo slo\u017eena formula,\u00a0 sadr\u017ei biljne hemikalije za koje je utvr\u0111eno da stimuli\u0161u mu\u0161ku snagu i energiju, seksualnu \u017eelju, tako\u0111e promovi\u0161u \u010de\u0161c\u0301e i ja\u010de erekcije sa du\u017eim trajanjem a tako\u0111e povec\u0301avaju kvalitet i <strong>proizvodnju sperme<\/strong> kod zdravih mu\u0161karaca.<\/p>\n","protected":false},"featured_media":25527,"comment_status":"open","ping_status":"closed","template":"","meta":[],"product_brand":[],"product_cat":[3610],"product_tag":[3624,3618,3628,3626,3630,3629,3627,3625],"class_list":{"0":"post-14357","1":"product","2":"type-product","3":"status-publish","4":"has-post-thumbnail","6":"product_cat-biljne-tinkture-po-receptu-ricarda-sulca","7":"product_tag-biljne-tinkture","8":"product_tag-biljne-tinkture-ricarda-sulca","9":"product_tag-hormoni","10":"product_tag-plodnost","11":"product_tag-potencija","12":"product_tag-spermatozoidi","13":"product_tag-sterilitet","14":"product_tag-zen-sen","15":"pa_cuvanje-na-tamnom-i-hladnom-mestu","16":"pa_nacin-upotrebe-od-80-kapi-3-puta-dnevno-do-160-kapi-6-puta-dnevno-promuckati-pre-upotrebe","17":"pa_period-trajanja-ako-se-uzima-po-80-kapi-3-puta-dnevno-tinktura-moze-trajati-7-dana","18":"pa_period-upotrebe-za-najbolji-preventivni-efekat-tnkturu-uzimati-najmanje-30-dana-kod-tezih-oboljenja-i-do-90-dana","19":"pa_proizvodnja-centar-za-prirodnu-medicinu","20":"pa_zapremina-50-ml","22":"first","23":"instock","24":"purchasable","25":"product-type-simple"},"_links":{"self":[{"href":"https:\/\/www.centarzaprirodnumedicinu.com\/test\/wp-json\/wp\/v2\/product\/14357","targetHints":{"allow":["GET"]}}],"collection":[{"href":"https:\/\/www.centarzaprirodnumedicinu.com\/test\/wp-json\/wp\/v2\/product"}],"about":[{"href":"https:\/\/www.centarzaprirodnumedicinu.com\/test\/wp-json\/wp\/v2\/types\/product"}],"replies":[{"embeddable":true,"href":"https:\/\/www.centarzaprirodnumedicinu.com\/test\/wp-json\/wp\/v2\/comments?post=14357"}],"version-history":[{"count":2,"href":"https:\/\/www.centarzaprirodnumedicinu.com\/test\/wp-json\/wp\/v2\/product\/14357\/revisions"}],"predecessor-version":[{"id":23255,"href":"https:\/\/www.centarzaprirodnumedicinu.com\/test\/wp-json\/wp\/v2\/product\/14357\/revisions\/23255"}],"wp:featuredmedia":[{"embeddable":true,"href":"https:\/\/www.centarzaprirodnumedicinu.com\/test\/wp-json\/wp\/v2\/media\/25527"}],"wp:attachment":[{"href":"https:\/\/www.centarzaprirodnumedicinu.com\/test\/wp-json\/wp\/v2\/media?parent=14357"}],"wp:term":[{"taxonomy":"product_brand","embeddable":true,"href":"https:\/\/www.centarzaprirodnumedicinu.com\/test\/wp-json\/wp\/v2\/product_brand?post=14357"},{"taxonomy":"product_cat","embeddable":true,"href":"https:\/\/www.centarzaprirodnumedicinu.com\/test\/wp-json\/wp\/v2\/product_cat?post=14357"},{"taxonomy":"product_tag","embeddable":true,"href":"https:\/\/www.centarzaprirodnumedicinu.com\/test\/wp-json\/wp\/v2\/product_tag?post=14357"}],"curies":[{"name":"wp","href":"https:\/\/api.w.org\/{rel}","templated":true}]}}