{"id":14355,"date":"2022-03-03T20:02:17","date_gmt":"2022-03-03T19:02:17","guid":{"rendered":"https:\/\/centarzaprirodnumedicinu.com\/product\/irigator-za-klistiranje\/"},"modified":"2026-03-04T11:49:32","modified_gmt":"2026-03-04T10:49:32","slug":"irigator-za-klistiranje","status":"publish","type":"product","link":"https:\/\/www.centarzaprirodnumedicinu.com\/test\/p\/oprema-i-pomagala\/irigator-za-klistiranje\/","title":{"rendered":"Irigator za klistiranje"},"content":{"rendered":"<p><b>Delovanje:<\/b><\/p>\n<ul>\n<li>Irigator za crevno ili vaginalno \u010di\u0161c\u0301enje koji radi sa pogodnim ure\u0111ajem za \u010di\u0161\u0107enje, omoguc\u0301avajuc\u0301i vam da slobodno reguli\u0161ete snagu mlaza za udobno iskustvo.<\/li>\n<li>\u010cisti strana tela ili ne\u010distoc\u0301e pomoc\u0301u ure\u0111aja koji je jednostavan za upotrebu u va\u0161em domu.<\/li>\n<\/ul>\n<p><b>Sadr\u017ei:<\/b><\/p>\n<ul>\n<li>Mekanu kesu kapaciteta 2L sa graduisanom skalom,<\/li>\n<li>2 rigidna nastavka &#8211; za vaginalnu i analnu irigaciju.<\/li>\n<\/ul>\n<p><b>Na\u010din primene:<\/b><\/p>\n<p>Veoma je jednostavan za kori\u0161c\u0301enje. Samo sledite ovih 6 koraka:<\/p>\n<ul>\n<li>Otvorite posudu.<\/li>\n<li>Zavrnite gumenu cev.<\/li>\n<li>Pove\u017eite ovo sa analnom ili vaginalnom kanilom.<\/li>\n<li>Napunite PVC vrec\u0301icu odabranim rastvorom za \u010di\u0161c\u0301enje.<\/li>\n<li>Odvrnite \u010dep i izvr\u0161ite \u010di\u0161c\u0301enje.<\/li>\n<li>Nakon upotrebe, ne zaboravite da pa\u017eljivo o\u010distite sve instrumente.<\/li>\n<\/ul>\n<p><b>Napomena:<\/b><\/p>\n<ul>\n<li>Pre ponovne upotrebe oprati toplom vodom i sapunom, vode\u0107i ra\u010duna da odvojivi delovi budu povezani.<\/li>\n<li>Mogu\u0107a je hladna sterilizacija.<\/li>\n<li>\u010cuvati dalje od toplote i svetlosti.<\/li>\n<\/ul>\n","protected":false},"excerpt":{"rendered":"<h6>Klistir aparat za vaginalno ili rektalno ispiranje (komplet)<\/h6>\n","protected":false},"featured_media":18784,"comment_status":"open","ping_status":"closed","template":"","meta":[],"product_brand":[],"product_cat":[3788],"product_tag":[],"class_list":{"0":"post-14355","1":"product","2":"type-product","3":"status-publish","4":"has-post-thumbnail","6":"product_cat-oprema-i-pomagala","8":"first","9":"instock","10":"purchasable","11":"product-type-simple"},"_links":{"self":[{"href":"https:\/\/www.centarzaprirodnumedicinu.com\/test\/wp-json\/wp\/v2\/product\/14355","targetHints":{"allow":["GET"]}}],"collection":[{"href":"https:\/\/www.centarzaprirodnumedicinu.com\/test\/wp-json\/wp\/v2\/product"}],"about":[{"href":"https:\/\/www.centarzaprirodnumedicinu.com\/test\/wp-json\/wp\/v2\/types\/product"}],"replies":[{"embeddable":true,"href":"https:\/\/www.centarzaprirodnumedicinu.com\/test\/wp-json\/wp\/v2\/comments?post=14355"}],"version-history":[{"count":1,"href":"https:\/\/www.centarzaprirodnumedicinu.com\/test\/wp-json\/wp\/v2\/product\/14355\/revisions"}],"predecessor-version":[{"id":27863,"href":"https:\/\/www.centarzaprirodnumedicinu.com\/test\/wp-json\/wp\/v2\/product\/14355\/revisions\/27863"}],"wp:featuredmedia":[{"embeddable":true,"href":"https:\/\/www.centarzaprirodnumedicinu.com\/test\/wp-json\/wp\/v2\/media\/18784"}],"wp:attachment":[{"href":"https:\/\/www.centarzaprirodnumedicinu.com\/test\/wp-json\/wp\/v2\/media?parent=14355"}],"wp:term":[{"taxonomy":"product_brand","embeddable":true,"href":"https:\/\/www.centarzaprirodnumedicinu.com\/test\/wp-json\/wp\/v2\/product_brand?post=14355"},{"taxonomy":"product_cat","embeddable":true,"href":"https:\/\/www.centarzaprirodnumedicinu.com\/test\/wp-json\/wp\/v2\/product_cat?post=14355"},{"taxonomy":"product_tag","embeddable":true,"href":"https:\/\/www.centarzaprirodnumedicinu.com\/test\/wp-json\/wp\/v2\/product_tag?post=14355"}],"curies":[{"name":"wp","href":"https:\/\/api.w.org\/{rel}","templated":true}]}}