{"id":14354,"date":"2022-03-03T20:02:17","date_gmt":"2022-03-03T19:02:17","guid":{"rendered":"https:\/\/centarzaprirodnumedicinu.com\/product\/ricinusovo-ulje\/"},"modified":"2025-04-09T17:19:33","modified_gmt":"2025-04-09T15:19:33","slug":"ricinusovo-ulje","status":"publish","type":"product","link":"https:\/\/www.centarzaprirodnumedicinu.com\/test\/p\/sirova-biljna-ulja\/ricinusovo-ulje\/","title":{"rendered":"RICINUSOVO ULjE"},"content":{"rendered":"<p><span style=\"font-size: medium;\"><strong>Konstatacija:<\/strong><\/span> Ricinus communis je ukrasna, lekovita i otrovna biljka iz obitelji mle\u010dika, Euphorbiaceae. Poreklom je iz Isto\u010dne Afrike i Indije, a u tropskim podru\u010djima se ra\u0161irio kao da je autohtona biljka. Uglavnom se u na\u0161im krajevima uzgaja kao ukrasna jednogodi\u0161nja biljka, i ako mu uslovi odgovaraju naraste i preko 2 metra, dok u tropskim krajevima raste kao vi\u0161egodi\u0161nje drvo i naraste \u010dak do 10-12 metara. Postoji mnogo varijateta ricinusa, razlikuju se uglavnom po boji listova, \u010daura sa semenima,veli\u010dine semenki. Ponegde ga nazivaju i Hristova palma, radi lekovitog delovanja ricinusovog ulja za le\u010denje i zaceljivanje rana.<\/p>\n<p>Ricinus cveta od po\u010detka avgusta nadalje, a nakon cvetanja ostaju bodljikave \u010daure koje imaju 3-4 semenke. Seme ricinusa li\u010di na pasulj, navodno ima ukus po orahu a sadr\u017ei opasan otrov rinin, koji je 7 puta otrovniji od otrova kobre. Kod odrasle osobe 4-12 semenki mo\u017ee uzrokovati smrt. Prema Guinessovoj knjizi rekorda 2007 progla\u0161en je najotrovnijom biljkom na svetu \u2013 ali slu\u010dajevi trovanja su retki, a i hrana je nekim pticama. Radi toksi\u010dnosti rinina istra\u017euje se njegov potencijal kao insekticid, a sadr\u017ei i jednu kiselinu koja je prirodni fungicid. U vi\u0161e se\u00a0 navrata koristio kao biolo\u0161ko oru\u017eje, ve\u0107 je bio spremljen za upotrebu od prvog svetskog rata, razvijena je i britansko-ameri\u010dka W-bomba koja sre\u0107om nije bila upotrebljena. Rinin kao biolo\u0161ko oru\u017eje povezuju i s ruskom mafijom.<\/p>\n<p>Najpoznatiji \u201cproizvod\u201d od ricinusa je medicinsko <strong>ricinusovo ulje<\/strong> kao sredstvo za \u010di\u0161\u0107enje probavnog sisteva koje ne sadr\u017ei otrovne supstance \u2013 stoga neka vam ne pada na pamet napraviti \u201cka\u0161u\u201d od semenki ricinusa i koristiti kao ricinusovo ulje \u2013 ponavljamo semenke su jako otrovne.<\/p>\n<p>Ricinusovo medicinsko ulje je tako\u0111e najja\u010de prirodno sredstvo za izvla\u010denje otrova iz organizma,razbijanje tumora i drugih stranih tkiva u organizmu.Kod tumora je vrlo efektivan u kombinaciji sa sitno naseckanim ili izgnje\u010denim belim lukom kada se nanosi ugrejana obloga na konkretno problemati\u010dno mesto.<\/p>\n<p><strong>Oblozi od ricinusovog ulja<\/strong><\/p>\n<p>Hladno ce\u0111eno <strong>ricinusovo ulje<\/strong> znatno \u0107e pobolj\u0161ati <strong>cirkulaciju<\/strong> u limfnim \u017eilama. Koristite ga u obliku <strong>obloga<\/strong>, koje \u0107ete primeniti na podru\u010dju donjeg dijela trbuha. Uzmite pamu\u010dnu krpicu, presavijte je nekoliko puta i na nju nanesite hladno ce\u0161eno ricinusovo ulje. Dobro natopite krpicu i prislonite na ko\u017eu. Oblog ostavitie preko no\u0107i. Ricinusovo ulje\u00a0 \u0107e pobolj\u0161ati cirkulaciju u limfnim \u017eilama i ubla\u017eiti upale.<\/p>\n","protected":false},"excerpt":{"rendered":"<p><strong>Hladnoce\u0111eno ricinusovo ulje za spoljnu upotrebu (obloge)<\/strong><\/p>\n<p>Ulje dobijeno iz ricunusovog semena bogato je ricinolei\u010dnom kiselinom. To je veoma retka masna kiselina, koja ima dokazano antigljivi\u010dno i antibakterijsko dejstvo. U sastav ricinusovog ulja ulaze jo\u0161 i vitamin E, poznati antioksidans, koji \u0161titi ko\u017eu od \u0161tetnih uticaja slobodnih radikala. U prirodnoj medicini posebno nam je zna\u010dajno kod obloga za tretiranje unutra\u0161njih organa!<\/p>\n","protected":false},"featured_media":23309,"comment_status":"open","ping_status":"closed","template":"","meta":[],"product_brand":[],"product_cat":[3227],"product_tag":[],"class_list":{"0":"post-14354","1":"product","2":"type-product","3":"status-publish","4":"has-post-thumbnail","6":"product_cat-sirova-biljna-ulja","8":"first","9":"instock","10":"purchasable","11":"product-type-simple"},"_links":{"self":[{"href":"https:\/\/www.centarzaprirodnumedicinu.com\/test\/wp-json\/wp\/v2\/product\/14354","targetHints":{"allow":["GET"]}}],"collection":[{"href":"https:\/\/www.centarzaprirodnumedicinu.com\/test\/wp-json\/wp\/v2\/product"}],"about":[{"href":"https:\/\/www.centarzaprirodnumedicinu.com\/test\/wp-json\/wp\/v2\/types\/product"}],"replies":[{"embeddable":true,"href":"https:\/\/www.centarzaprirodnumedicinu.com\/test\/wp-json\/wp\/v2\/comments?post=14354"}],"version-history":[{"count":1,"href":"https:\/\/www.centarzaprirodnumedicinu.com\/test\/wp-json\/wp\/v2\/product\/14354\/revisions"}],"predecessor-version":[{"id":23310,"href":"https:\/\/www.centarzaprirodnumedicinu.com\/test\/wp-json\/wp\/v2\/product\/14354\/revisions\/23310"}],"wp:featuredmedia":[{"embeddable":true,"href":"https:\/\/www.centarzaprirodnumedicinu.com\/test\/wp-json\/wp\/v2\/media\/23309"}],"wp:attachment":[{"href":"https:\/\/www.centarzaprirodnumedicinu.com\/test\/wp-json\/wp\/v2\/media?parent=14354"}],"wp:term":[{"taxonomy":"product_brand","embeddable":true,"href":"https:\/\/www.centarzaprirodnumedicinu.com\/test\/wp-json\/wp\/v2\/product_brand?post=14354"},{"taxonomy":"product_cat","embeddable":true,"href":"https:\/\/www.centarzaprirodnumedicinu.com\/test\/wp-json\/wp\/v2\/product_cat?post=14354"},{"taxonomy":"product_tag","embeddable":true,"href":"https:\/\/www.centarzaprirodnumedicinu.com\/test\/wp-json\/wp\/v2\/product_tag?post=14354"}],"curies":[{"name":"wp","href":"https:\/\/api.w.org\/{rel}","templated":true}]}}