{"id":14351,"date":"2022-03-03T20:02:17","date_gmt":"2022-03-03T19:02:17","guid":{"rendered":"https:\/\/centarzaprirodnumedicinu.com\/product\/najbolji-recepti-iz-prirode\/"},"modified":"2023-12-21T16:02:43","modified_gmt":"2023-12-21T15:02:43","slug":"najbolji-recepti-iz-prirode","status":"publish","type":"product","link":"https:\/\/www.centarzaprirodnumedicinu.com\/test\/p\/knjige\/najbolji-recepti-iz-prirode\/","title":{"rendered":"Najbolji recepti iz prirode"},"content":{"rendered":"<p>\u201cJedna izreka ka\u017ee: \u201cDoktori uvek poku\u0161avaju da sa\u010duvaju na\u0161e zdravlje, a kuvari da ga upropaste.\u201d Ovi drugi su \u010desto uspe\u0161niji. Mnogi umiru od bolesti u potpunosti zbog ishrane mesom, dok je pravi uzrok bolesti slabo shva\u0107en od strane njih samih ili nekog drugog. Neki od njih ne ose\u0107aju efekte trenutno, ali to nije dokaz da im to ne \u0161teti.<\/p>\n<p>Po\u0161to je \u010dovek po svojoj anatomiji biljojed i najvi\u0161e mu odgovara neprera\u0111ena biljna hrana, kao i drugim biljojedima u prirodi, ova knjiga se bavi najzdravijim i najukusnijim jelima iz prirode zasnovanim na sirovim biljkama. U\u017eivajte!\u201d<\/p>\n<p>Dr. Jovan \u017divanovi\u0107<\/p>\n","protected":false},"excerpt":{"rendered":"<p>\u201cJedna izreka ka\u017ee: \u201cDoktori uvek poku\u0161avaju da sa\u010duvaju na\u0161e zdravlje, a kuvari da ga upropaste.\u201d Ovi drugi su \u010desto uspe\u0161niji.<\/p>\n","protected":false},"featured_media":13696,"comment_status":"open","ping_status":"closed","template":"","meta":[],"product_brand":[],"product_cat":[3213],"product_tag":[],"class_list":{"0":"post-14351","1":"product","2":"type-product","3":"status-publish","4":"has-post-thumbnail","6":"product_cat-knjige","7":"pa_autor-jovan-zivanovic","8":"pa_broj-strana-3428","9":"pa_download-naziv-3430","11":"first","12":"outofstock","13":"purchasable","14":"product-type-simple"},"_links":{"self":[{"href":"https:\/\/www.centarzaprirodnumedicinu.com\/test\/wp-json\/wp\/v2\/product\/14351","targetHints":{"allow":["GET"]}}],"collection":[{"href":"https:\/\/www.centarzaprirodnumedicinu.com\/test\/wp-json\/wp\/v2\/product"}],"about":[{"href":"https:\/\/www.centarzaprirodnumedicinu.com\/test\/wp-json\/wp\/v2\/types\/product"}],"replies":[{"embeddable":true,"href":"https:\/\/www.centarzaprirodnumedicinu.com\/test\/wp-json\/wp\/v2\/comments?post=14351"}],"version-history":[{"count":0,"href":"https:\/\/www.centarzaprirodnumedicinu.com\/test\/wp-json\/wp\/v2\/product\/14351\/revisions"}],"wp:featuredmedia":[{"embeddable":true,"href":"https:\/\/www.centarzaprirodnumedicinu.com\/test\/wp-json\/wp\/v2\/media\/13696"}],"wp:attachment":[{"href":"https:\/\/www.centarzaprirodnumedicinu.com\/test\/wp-json\/wp\/v2\/media?parent=14351"}],"wp:term":[{"taxonomy":"product_brand","embeddable":true,"href":"https:\/\/www.centarzaprirodnumedicinu.com\/test\/wp-json\/wp\/v2\/product_brand?post=14351"},{"taxonomy":"product_cat","embeddable":true,"href":"https:\/\/www.centarzaprirodnumedicinu.com\/test\/wp-json\/wp\/v2\/product_cat?post=14351"},{"taxonomy":"product_tag","embeddable":true,"href":"https:\/\/www.centarzaprirodnumedicinu.com\/test\/wp-json\/wp\/v2\/product_tag?post=14351"}],"curies":[{"name":"wp","href":"https:\/\/api.w.org\/{rel}","templated":true}]}}