{"id":14350,"date":"2022-03-03T20:02:17","date_gmt":"2022-03-03T19:02:17","guid":{"rendered":"https:\/\/centarzaprirodnumedicinu.com\/product\/5-dnevni-program-ciscenja-bubrega\/"},"modified":"2022-05-10T21:44:50","modified_gmt":"2022-05-10T19:44:50","slug":"5-dnevni-program-ciscenja-bubrega","status":"publish","type":"product","link":"https:\/\/www.centarzaprirodnumedicinu.com\/test\/p\/knjige\/5-dnevni-program-ciscenja-bubrega\/","title":{"rendered":"5-dnevni program \u010di\u0161\u0107enja bubrega"},"content":{"rendered":"<p>\u201cU ovoj knjizi, pove\u0161\u0107u vas na putovanje.<\/p>\n<p>U prvom poglavlju, izlo\u017ei\u0107u vam koliko je stanje postalo lo\u0161e s epidemijom bolesti bubrega i mokra\u0107ne be\u0161ike u Americi.<\/p>\n<p>Zatim, u drugom poglavlju, jednostavno \u0107u objasniti sisteme bubrega, mokra\u0107ne be\u0161ike i celog urinarnog (mokra\u0107nog) trakta, tako da svako mo\u017ee da ih razume.<\/p>\n<p>U tre\u0107em poglavlju, re\u0107i \u0107u vam sve o bolestima bubrega i mokra\u0107ne be\u0161ike, sa mnogo fotografija koje \u0107e vas, nadam se, \u0161okirati i motivisati da pro\u010ditate i \u010detvrto poglavlje, koje obuhvata brojne tehnike prirodnog \u010di\u0161\u0107enja, rutine i programe koje sam razvio u svojoj klinici kako bih vam pomogao da o\u010distite, osna\u017eite i za\u0161titite svoje bubrege i mokra\u0107nu be\u0161iku.\u201d <\/p>\n<p>&#160;<\/p>\n<p style=\"text-align: right;\">&#8211; dr Ri\u010dard \u0160ulc-<\/p>\n","protected":false},"excerpt":{"rendered":"<p>\u201cU ovoj knjizi, pove\u0161\u0107u vas na putovanje. U prvom poglavlju, izlo\u017ei\u0107u vam koliko je stanje postalo lo\u0161e s epidemijom bolesti<\/p>\n","protected":false},"featured_media":13695,"comment_status":"open","ping_status":"closed","template":"","meta":[],"product_brand":[],"product_cat":[3213],"product_tag":[3546],"class_list":{"0":"post-14350","1":"product","2":"type-product","3":"status-publish","4":"has-post-thumbnail","6":"product_cat-knjige","7":"product_tag-fokus","8":"pa_autor-dr-ricard-sulc","9":"pa_broj-strana-3426","10":"pa_download-naziv-3427","11":"pa_format-a5-115-x-19-cm","13":"first","14":"instock","15":"purchasable","16":"product-type-simple"},"_links":{"self":[{"href":"https:\/\/www.centarzaprirodnumedicinu.com\/test\/wp-json\/wp\/v2\/product\/14350","targetHints":{"allow":["GET"]}}],"collection":[{"href":"https:\/\/www.centarzaprirodnumedicinu.com\/test\/wp-json\/wp\/v2\/product"}],"about":[{"href":"https:\/\/www.centarzaprirodnumedicinu.com\/test\/wp-json\/wp\/v2\/types\/product"}],"replies":[{"embeddable":true,"href":"https:\/\/www.centarzaprirodnumedicinu.com\/test\/wp-json\/wp\/v2\/comments?post=14350"}],"version-history":[{"count":0,"href":"https:\/\/www.centarzaprirodnumedicinu.com\/test\/wp-json\/wp\/v2\/product\/14350\/revisions"}],"wp:featuredmedia":[{"embeddable":true,"href":"https:\/\/www.centarzaprirodnumedicinu.com\/test\/wp-json\/wp\/v2\/media\/13695"}],"wp:attachment":[{"href":"https:\/\/www.centarzaprirodnumedicinu.com\/test\/wp-json\/wp\/v2\/media?parent=14350"}],"wp:term":[{"taxonomy":"product_brand","embeddable":true,"href":"https:\/\/www.centarzaprirodnumedicinu.com\/test\/wp-json\/wp\/v2\/product_brand?post=14350"},{"taxonomy":"product_cat","embeddable":true,"href":"https:\/\/www.centarzaprirodnumedicinu.com\/test\/wp-json\/wp\/v2\/product_cat?post=14350"},{"taxonomy":"product_tag","embeddable":true,"href":"https:\/\/www.centarzaprirodnumedicinu.com\/test\/wp-json\/wp\/v2\/product_tag?post=14350"}],"curies":[{"name":"wp","href":"https:\/\/api.w.org\/{rel}","templated":true}]}}