{"id":14349,"date":"2022-03-03T20:02:17","date_gmt":"2022-03-03T19:02:17","guid":{"rendered":"https:\/\/centarzaprirodnumedicinu.com\/product\/5-dnevni-program-ciscenja-jetre\/"},"modified":"2022-05-05T12:48:40","modified_gmt":"2022-05-05T10:48:40","slug":"5-dnevni-program-ciscenja-jetre","status":"publish","type":"product","link":"https:\/\/www.centarzaprirodnumedicinu.com\/test\/p\/knjige\/5-dnevni-program-ciscenja-jetre\/","title":{"rendered":"5-dnevni program \u010di\u0161\u0107enja jetre"},"content":{"rendered":"<p>\u201eDa li znate da mo\u017eete da dodate jo\u0161 10 godina svom \u017eivotu\u2026 jednostavnim \u010di\u0161\u0107enjem organizma tokom nekoliko dana u godini?\u201c<\/p>\n<p>Va\u0161e telo se ne razlikuje mnogo od va\u0161eg auta. Kao i svaka ma\u0161ina, ako \u017eelite da ona dugo traje i da nikada nema probleme u radu, potrebno je odr\u017eavanje. Ako ne primenjujete jednostavne tehnike odr\u017eavanja, va\u0161 auto \u0107e pre vremena da se pokvari i postane neupotrebljiv.<\/p>\n<p>Ve\u0107ina dana\u0161njih medicinskih univerziteta se sla\u017ee da ljudsko telo, ako se adekvatno hrani i dr\u017eava, mo\u017ee da funkcioni\u0161e oko 125 godina. Oni se sla\u017eu da jedini razlog za\u0161to do toga ne dolazi, razlog zbog kojeg ljudi \u017eive 50 godina kra\u0107e, jesu \u017eivotne navike \u2013 vazduh koji udi\u0161emo, te\u010dnost koju pijemo, hrana koju jedemo, i na\u010din na koji \u017eivimo. U ovoj knjizi pokaza\u0107u vam kako \u0107e \u010di\u0161\u0107enje i ja\u010danje va\u0161e jetre i \u017eu\u010di u\u010diniti najve\u0107u pozitivnu promenu u va\u0161em \u017eivotu i stvoriti dobro zdravlje, dugove\u010dnost i vitalnost.<\/p>\n<p>&#8211; Dr Ri\u010dard \u0160ulc &#8211;<\/p>\n","protected":false},"excerpt":{"rendered":"<p>\u201eDa li znate da mo\u017eete da dodate jo\u0161 10 godina svom \u017eivotu\u2026 jednostavnim \u010di\u0161\u0107enjem organizma tokom nekoliko dana u godini?\u201c<\/p>\n","protected":false},"featured_media":13694,"comment_status":"open","ping_status":"open","template":"","meta":[],"product_brand":[],"product_cat":[3213],"product_tag":[],"class_list":{"0":"post-14349","1":"product","2":"type-product","3":"status-publish","4":"has-post-thumbnail","6":"product_cat-knjige","7":"pa_autor-dr-ricard-sulc","8":"pa_broj-strana-3424","9":"pa_download-naziv-3425","10":"pa_format-a5-115-x-19-cm","12":"first","13":"instock","14":"purchasable","15":"product-type-simple"},"_links":{"self":[{"href":"https:\/\/www.centarzaprirodnumedicinu.com\/test\/wp-json\/wp\/v2\/product\/14349","targetHints":{"allow":["GET"]}}],"collection":[{"href":"https:\/\/www.centarzaprirodnumedicinu.com\/test\/wp-json\/wp\/v2\/product"}],"about":[{"href":"https:\/\/www.centarzaprirodnumedicinu.com\/test\/wp-json\/wp\/v2\/types\/product"}],"replies":[{"embeddable":true,"href":"https:\/\/www.centarzaprirodnumedicinu.com\/test\/wp-json\/wp\/v2\/comments?post=14349"}],"version-history":[{"count":0,"href":"https:\/\/www.centarzaprirodnumedicinu.com\/test\/wp-json\/wp\/v2\/product\/14349\/revisions"}],"wp:featuredmedia":[{"embeddable":true,"href":"https:\/\/www.centarzaprirodnumedicinu.com\/test\/wp-json\/wp\/v2\/media\/13694"}],"wp:attachment":[{"href":"https:\/\/www.centarzaprirodnumedicinu.com\/test\/wp-json\/wp\/v2\/media?parent=14349"}],"wp:term":[{"taxonomy":"product_brand","embeddable":true,"href":"https:\/\/www.centarzaprirodnumedicinu.com\/test\/wp-json\/wp\/v2\/product_brand?post=14349"},{"taxonomy":"product_cat","embeddable":true,"href":"https:\/\/www.centarzaprirodnumedicinu.com\/test\/wp-json\/wp\/v2\/product_cat?post=14349"},{"taxonomy":"product_tag","embeddable":true,"href":"https:\/\/www.centarzaprirodnumedicinu.com\/test\/wp-json\/wp\/v2\/product_tag?post=14349"}],"curies":[{"name":"wp","href":"https:\/\/api.w.org\/{rel}","templated":true}]}}