{"id":14348,"date":"2022-03-03T20:02:17","date_gmt":"2022-03-03T19:02:17","guid":{"rendered":"https:\/\/centarzaprirodnumedicinu.com\/product\/5-dnevni-program-ciscenja-creva\/"},"modified":"2022-05-05T12:48:07","modified_gmt":"2022-05-05T10:48:07","slug":"5-dnevni-program-ciscenja-creva","status":"publish","type":"product","link":"https:\/\/www.centarzaprirodnumedicinu.com\/test\/p\/knjige\/5-dnevni-program-ciscenja-creva\/","title":{"rendered":"5-dnevni program \u010di\u0161\u0107enja creva"},"content":{"rendered":"<p>\u201eTokom tri decenije rada u mojoj klinici, pomogao sam desetinama hiljada pacijenata da se izle\u010de kori\u0161\u0107enjem lekovitog bilja i primenom programa prirodnog le\u010denja. Rade\u0107i sa pacijentima nau\u010dio sam da je \u010di\u0161\u0107enje creva uvek prvi korak ka boljem zdravlju, bez obzira koja bolest je u pitanju. Zvu\u010di neverovatno, ali 80% mojih pacijenata je ozdravilo samo nakon 5-dnevnog programa \u010di\u0161\u0107enja creva koji je opisan u ovoj knjizi.<\/p>\n<p>U ovoj knjizi \u0107ete videti da je pravi uzrok ve\u0107ine oboljenja u savremenom svetu zadr\u017eavanje i skladi\u0161tenje otrova u crevima, i njihovo retko izbacivanje. Pokaza\u0107u vam kako \u0107e \u010di\u0161\u0107enje creva uneti najve\u0107u pozitivnu promenu u va\u0161em \u017eivotu i unaprediti va\u0161e zdravlje i vitalnost. Jednostavne tehnike opisane u ovoj knjizi mogu promeniti va\u0161 \u017eivot.\u201c<\/p>\n<p>Kao \u0161to uvek ka\u017eem, malo znanja predstavlja mo\u0107no isceljuju\u0107e oru\u0111e.\u201c <\/p>\n","protected":false},"excerpt":{"rendered":"<p>\u201eTokom tri decenije rada u mojoj klinici, pomogao sam desetinama hiljada pacijenata da se izle\u010de kori\u0161\u0107enjem lekovitog bilja i primenom<\/p>\n","protected":false},"featured_media":13693,"comment_status":"open","ping_status":"open","template":"","meta":[],"product_brand":[],"product_cat":[3213],"product_tag":[],"class_list":{"0":"post-14348","1":"product","2":"type-product","3":"status-publish","4":"has-post-thumbnail","6":"product_cat-knjige","7":"pa_autor-dr-ricard-sulc","8":"pa_broj-strana-3422","9":"pa_download-naziv-3423","10":"pa_format-a5-115-x-19-cm","12":"first","13":"instock","14":"purchasable","15":"product-type-simple"},"_links":{"self":[{"href":"https:\/\/www.centarzaprirodnumedicinu.com\/test\/wp-json\/wp\/v2\/product\/14348","targetHints":{"allow":["GET"]}}],"collection":[{"href":"https:\/\/www.centarzaprirodnumedicinu.com\/test\/wp-json\/wp\/v2\/product"}],"about":[{"href":"https:\/\/www.centarzaprirodnumedicinu.com\/test\/wp-json\/wp\/v2\/types\/product"}],"replies":[{"embeddable":true,"href":"https:\/\/www.centarzaprirodnumedicinu.com\/test\/wp-json\/wp\/v2\/comments?post=14348"}],"version-history":[{"count":0,"href":"https:\/\/www.centarzaprirodnumedicinu.com\/test\/wp-json\/wp\/v2\/product\/14348\/revisions"}],"wp:featuredmedia":[{"embeddable":true,"href":"https:\/\/www.centarzaprirodnumedicinu.com\/test\/wp-json\/wp\/v2\/media\/13693"}],"wp:attachment":[{"href":"https:\/\/www.centarzaprirodnumedicinu.com\/test\/wp-json\/wp\/v2\/media?parent=14348"}],"wp:term":[{"taxonomy":"product_brand","embeddable":true,"href":"https:\/\/www.centarzaprirodnumedicinu.com\/test\/wp-json\/wp\/v2\/product_brand?post=14348"},{"taxonomy":"product_cat","embeddable":true,"href":"https:\/\/www.centarzaprirodnumedicinu.com\/test\/wp-json\/wp\/v2\/product_cat?post=14348"},{"taxonomy":"product_tag","embeddable":true,"href":"https:\/\/www.centarzaprirodnumedicinu.com\/test\/wp-json\/wp\/v2\/product_tag?post=14348"}],"curies":[{"name":"wp","href":"https:\/\/api.w.org\/{rel}","templated":true}]}}