{"id":14341,"date":"2022-03-03T20:02:08","date_gmt":"2022-03-03T19:02:08","guid":{"rendered":"https:\/\/centarzaprirodnumedicinu.com\/product\/super-hrana-energy\/"},"modified":"2024-10-16T16:26:23","modified_gmt":"2024-10-16T14:26:23","slug":"super-hrana-energy","status":"publish","type":"product","link":"https:\/\/www.centarzaprirodnumedicinu.com\/test\/p\/super-hrana-i-dodaci-u-ishrani\/super-hrana-energy\/","title":{"rendered":"Super hrana ENERGY"},"content":{"rendered":"<p>Ako ste <strong>vegeterijanac<\/strong>, ili \u010duvar va\u0161eg zdravlja ili mozda neko ko tra\u017ei samo najbolje kada dodje do proteina bez ikakvih \u0161tetnih i opasnih sinteti\u010dkih hemikalija, aditiva, zasladjiva\u010da i lo\u0161ih sastojaka koji se pojavljuju u 90 % svih komercijalnih proizvoda.<\/p>\n<p>Ukoliko tra\u017eite ne\u0161to od \u010dega ne\u0107ete ose\u0107ati nadutost, stoma\u010dne bolove, gasove i mu\u010dninu, onda je <strong>Super hrana ENERGY<\/strong> proizvod koji \u0107e vam staviti osmeh na va\u0161e lice, a u isto vreme \u0107ete pove\u0107avati mi\u0161i\u0107nu masu.<\/p>\n<p><strong> Karakteristike Super hrane ENERGY:<\/strong><\/p>\n<p>&#8211;\u00a0\u00a0\u00a0\u00a0\u00a0\u00a0\u00a0\u00a0\u00a0 Svi sastojci su sirovi<br \/>\n&#8211;\u00a0\u00a0\u00a0\u00a0\u00a0\u00a0\u00a0\u00a0\u00a0 Lako se apsorbuju<br \/>\n&#8211;\u00a0\u00a0\u00a0\u00a0\u00a0\u00a0\u00a0\u00a0\u00a0 Sadr\u017ee svih 8 esencijalnih amino kiselina<br \/>\n&#8211;\u00a0\u00a0\u00a0\u00a0\u00a0\u00a0\u00a0\u00a0\u00a0 Bez rastvara\u010da,GMO, zra\u010denja,ve\u0161ta\u010dkih aroma, ve\u0161ta\u010dkih konzervansa i ve\u0161ta\u010dkih boja.<br \/>\n&#8211;\u00a0\u00a0\u00a0\u00a0\u00a0\u00a0\u00a0\u00a0\u00a0 Ne sadr\u017ei \u017eivotinjske proizvode,mle\u010dne proizvode, jaja, \u0161e\u0107ere.<br \/>\n&#8211;\u00a0\u00a0\u00a0\u00a0\u00a0\u00a0\u00a0\u00a0\u00a0 Odli\u010dan izvor energije<br \/>\n&#8211;\u00a0\u00a0\u00a0\u00a0\u00a0\u00a0\u00a0\u00a0\u00a0 Bez holesterola<br \/>\n&#8211;\u00a0\u00a0\u00a0\u00a0\u00a0\u00a0\u00a0\u00a0\u00a0 Ubrzava metabolizam i sagoreva masti dok izgradjuje mi\u0161i\u0107nu masu<br \/>\n&#8211;\u00a0\u00a0\u00a0\u00a0\u00a0\u00a0\u00a0\u00a0\u00a0 Promovi\u0161e zdrave funkcije bubrega i jetre<br \/>\n&#8211;\u00a0\u00a0\u00a0\u00a0\u00a0\u00a0\u00a0\u00a0\u00a0 Antialergijska hrana<br \/>\n&#8211;\u00a0\u00a0\u00a0\u00a0\u00a0\u00a0\u00a0\u00a0\u00a0 Pobolj\u0161ava mentalnu jasno\u0107u<br \/>\n&#8211;\u00a0\u00a0\u00a0\u00a0\u00a0\u00a0\u00a0\u00a0\u00a0 Odlican izvor kalcijuma, magnezijuma i gvo\u017edja<br \/>\n&#8211;\u00a0\u00a0\u00a0\u00a0\u00a0\u00a0\u00a0\u00a0\u00a0 Sadr\u017ei Omega masne kiseline koje smanjuju upale, pobolj\u0161ava bolju funkciju ko\u017ee kao i njen izgled, podsti\u010de bolju funkciju i razvoj mozga.<\/p>\n<p><strong> Super hrana je napravljena za ljude koji vode ra\u010duna o svom zdravlju,za one koji ho\u0107e da pove\u0107aju svoju mi\u0161i\u0107nu masu, izgube kila\u017eu, i pove\u0107aju sportska dostignu\u0107a.<\/strong><\/p>\n","protected":false},"excerpt":{"rendered":"<p>U potpunosti zamenjuje obrok i pove\u0107ava mi\u0161i\u0107nu masu.<\/p>\n","protected":false},"featured_media":13686,"comment_status":"open","ping_status":"closed","template":"","meta":[],"product_brand":[],"product_cat":[3218],"product_tag":[],"class_list":{"0":"post-14341","1":"product","2":"type-product","3":"status-publish","4":"has-post-thumbnail","6":"product_cat-super-hrana-i-dodaci-u-ishrani","7":"pa_cuvanje-na-sobnoj-temperaturi","8":"pa_proizvodnja-centar-za-prirodnu-medicinu","10":"first","11":"instock","12":"purchasable","13":"product-type-simple"},"_links":{"self":[{"href":"https:\/\/www.centarzaprirodnumedicinu.com\/test\/wp-json\/wp\/v2\/product\/14341","targetHints":{"allow":["GET"]}}],"collection":[{"href":"https:\/\/www.centarzaprirodnumedicinu.com\/test\/wp-json\/wp\/v2\/product"}],"about":[{"href":"https:\/\/www.centarzaprirodnumedicinu.com\/test\/wp-json\/wp\/v2\/types\/product"}],"replies":[{"embeddable":true,"href":"https:\/\/www.centarzaprirodnumedicinu.com\/test\/wp-json\/wp\/v2\/comments?post=14341"}],"version-history":[{"count":0,"href":"https:\/\/www.centarzaprirodnumedicinu.com\/test\/wp-json\/wp\/v2\/product\/14341\/revisions"}],"wp:featuredmedia":[{"embeddable":true,"href":"https:\/\/www.centarzaprirodnumedicinu.com\/test\/wp-json\/wp\/v2\/media\/13686"}],"wp:attachment":[{"href":"https:\/\/www.centarzaprirodnumedicinu.com\/test\/wp-json\/wp\/v2\/media?parent=14341"}],"wp:term":[{"taxonomy":"product_brand","embeddable":true,"href":"https:\/\/www.centarzaprirodnumedicinu.com\/test\/wp-json\/wp\/v2\/product_brand?post=14341"},{"taxonomy":"product_cat","embeddable":true,"href":"https:\/\/www.centarzaprirodnumedicinu.com\/test\/wp-json\/wp\/v2\/product_cat?post=14341"},{"taxonomy":"product_tag","embeddable":true,"href":"https:\/\/www.centarzaprirodnumedicinu.com\/test\/wp-json\/wp\/v2\/product_tag?post=14341"}],"curies":[{"name":"wp","href":"https:\/\/api.w.org\/{rel}","templated":true}]}}