{"id":14340,"date":"2022-03-03T20:02:08","date_gmt":"2022-03-03T19:02:08","guid":{"rendered":"https:\/\/centarzaprirodnumedicinu.com\/product\/imuno-2\/"},"modified":"2025-06-02T18:34:56","modified_gmt":"2025-06-02T16:34:56","slug":"imuno-2","status":"publish","type":"product","link":"https:\/\/www.centarzaprirodnumedicinu.com\/test\/p\/biljne-tinkture\/biljne-tinkture-po-receptu-ricarda-sulca\/imuno-2\/","title":{"rendered":"IMUNO #2"},"content":{"rendered":"<p><strong>SASTAV:<\/strong><br \/>\n<strong>\u2013 Beli luk<\/strong>\u00a0(<em>Allium sativum<\/em>)<br \/>\n<strong>\u2013 Crni luk <\/strong>(<em>Allium cepa<\/em>)<strong><br \/>\n\u2013 Ren <\/strong>(<em>Armoracia rusticana<\/em>)<strong><br \/>\n\u2013 Ljuta paprila <\/strong>(<em>Capsicum annuum<\/em>)<strong><br \/>\n\u2013 Koren \u0111umbira<\/strong>\u00a0(<em>zingiber officinale)<\/em><\/p>\n<p><strong>KAKO OVA FORMULA DELUJE?<br \/>\n<\/strong>Sokovi rena, \u0111umbira i crnog luka prvo \u0161to urade jeste da dopiru do va\u0161ih sinusa i plu\u0107a. Veoma brzo \u0107e po\u010deti reakcije <strong>izbacivanja sekreta<\/strong> kroz nos i usta. To \u0107e biti prvi korak u spre\u010davanju daljeg \u0161irenja infekcije u va\u0161em organizmu. Kombinacija belog i crnog luka deluju kao odli\u010dan tandem u borbi protiv mikrootganizama, te \u0107e se brzo izboriti sa bakterijama u va\u0161em organizmu. U isto vreme kombinacija \u0111umbira i ljute paprike oja\u010da\u0107e va\u0161u <strong>cirkulaciju<\/strong> i telo \u0107e pre\u0107i u &#8222;borbeni&#8220; re\u017eim rada, ljuta paprika \u0107e pokretati osnovnu cirkulaciju u krvnim sudovima a \u0111umbir \u0107e pokrenuti mikrocirkulaciju na nivou svake \u0107elije.\u00a0 Na kraju i samo <strong>organsko jabukovo sirc\u0301e<\/strong> sadr\u017ei sve \u0161to sadr\u017ee i same divlje jabuke, smanji\u0107e upalu i o\u010disti\u0107e va\u0161e krvne sudove.<\/p>\n<p><strong>ZA\u0160TO TREBA DA IMATE OVAJ TONIK?<br \/>\n<\/strong>Ovo je biljni tonik sa skoro neograni\u010denom listom na\u010dina upotrebe, mo\u017ee pomo\u0107i kod obi\u010dne <a href=\"https:\/\/sr.m.wikipedia.org\/sr-ec\/%D0%9F%D1%80%D0%B5%D1%85%D0%BB%D0%B0%D0%B4%D0%B0\" target=\"_blank\" rel=\"noopener\"><strong>prehlade<\/strong> <\/a>pa sve do ozbiljnijih zdravstvenih problema.\u00a0 Mo\u017eete ga koristiti kao dodatak u salatama a mo\u017ee biti i sastavni deo va\u0161ih napitaka za <strong>ja\u010danje organizma<\/strong>. Ne mo\u017eemo izba\u0107i susrete sa ljudima koji imaju virus, grip ili neku prehladu ali ono \u0161to sigurno mo\u017eemo a to je da izbegnemo da njihove bolesti pre\u0111u na nas.<\/p>\n","protected":false},"excerpt":{"rendered":"<h6>Biljni tonik po receptu Ri\u010darda \u0160ulca za ja\u010danje imuniteta<\/h6>\n<p>Skoro da nema bolje formule od ovog tonika kada trebate brze reakcije <strong>imunog sistema<\/strong>. Ova formula je naro\u010dito efikasna kod <strong>prehlada<\/strong> i bla\u017eih oblika pada imunog sistema, tada deluje skoro trenutno. Kombinacija belog i crnog luka, rena, \u0111umbira i ljute paprike delova\u0107e na va\u0161e telo poput &#8222;<strong>raketnog goriva<\/strong>&#8222;.<\/p>\n","protected":false},"featured_media":25463,"comment_status":"open","ping_status":"closed","template":"","meta":[],"product_brand":[],"product_cat":[3610],"product_tag":[3634,3624,3618,3633,3619,3635,3622,3636,3632,3631],"class_list":{"0":"post-14340","1":"product","2":"type-product","3":"status-publish","4":"has-post-thumbnail","6":"product_cat-biljne-tinkture-po-receptu-ricarda-sulca","7":"product_tag-beli-luk","8":"product_tag-biljne-tinkture","9":"product_tag-biljne-tinkture-ricarda-sulca","10":"product_tag-crni-luk","11":"product_tag-imunitet","12":"product_tag-jabukovo-sirce","13":"product_tag-ljuta-paprika","14":"product_tag-prehlada","15":"product_tag-ren","16":"product_tag-djumbir","17":"pa_cuvanje-na-sobnoj-temperaturi-na-tamnom-mestu","18":"pa_nacin-upotrebe-od-jedne-cajne-kasicice-3-puta-dnevno-do-jedne-supene-kasike-8-puta-dnevno-kod-ozbiljnijih-problema-konzumirati-na-svakih-30-minuta-po-jednu-supenu-kasiku-promuckati-pre-upotrebe","19":"pa_period-trajanja-ako-se-uzima-po-jedna-supena-kasika-3-puta-dnevno-tinktura-moze-trajati-7-dana","20":"pa_period-upotrebe-za-najbolji-preventivni-efekat-tnkturu-uzimati-7-14-dana-kod-tezih-oboljenja-30-90-dana","21":"pa_proizvodnja-centar-za-prirodnu-medicinu","22":"pa_zapremina-100-ml","24":"first","25":"instock","26":"purchasable","27":"product-type-simple"},"_links":{"self":[{"href":"https:\/\/www.centarzaprirodnumedicinu.com\/test\/wp-json\/wp\/v2\/product\/14340","targetHints":{"allow":["GET"]}}],"collection":[{"href":"https:\/\/www.centarzaprirodnumedicinu.com\/test\/wp-json\/wp\/v2\/product"}],"about":[{"href":"https:\/\/www.centarzaprirodnumedicinu.com\/test\/wp-json\/wp\/v2\/types\/product"}],"replies":[{"embeddable":true,"href":"https:\/\/www.centarzaprirodnumedicinu.com\/test\/wp-json\/wp\/v2\/comments?post=14340"}],"version-history":[{"count":1,"href":"https:\/\/www.centarzaprirodnumedicinu.com\/test\/wp-json\/wp\/v2\/product\/14340\/revisions"}],"predecessor-version":[{"id":25464,"href":"https:\/\/www.centarzaprirodnumedicinu.com\/test\/wp-json\/wp\/v2\/product\/14340\/revisions\/25464"}],"wp:featuredmedia":[{"embeddable":true,"href":"https:\/\/www.centarzaprirodnumedicinu.com\/test\/wp-json\/wp\/v2\/media\/25463"}],"wp:attachment":[{"href":"https:\/\/www.centarzaprirodnumedicinu.com\/test\/wp-json\/wp\/v2\/media?parent=14340"}],"wp:term":[{"taxonomy":"product_brand","embeddable":true,"href":"https:\/\/www.centarzaprirodnumedicinu.com\/test\/wp-json\/wp\/v2\/product_brand?post=14340"},{"taxonomy":"product_cat","embeddable":true,"href":"https:\/\/www.centarzaprirodnumedicinu.com\/test\/wp-json\/wp\/v2\/product_cat?post=14340"},{"taxonomy":"product_tag","embeddable":true,"href":"https:\/\/www.centarzaprirodnumedicinu.com\/test\/wp-json\/wp\/v2\/product_tag?post=14340"}],"curies":[{"name":"wp","href":"https:\/\/api.w.org\/{rel}","templated":true}]}}