{"id":14338,"date":"2022-03-03T20:02:08","date_gmt":"2022-03-03T19:02:08","guid":{"rendered":"https:\/\/centarzaprirodnumedicinu.com\/product\/cirkulacija\/"},"modified":"2025-06-02T20:55:32","modified_gmt":"2025-06-02T18:55:32","slug":"cirkulacija","status":"publish","type":"product","link":"https:\/\/www.centarzaprirodnumedicinu.com\/test\/p\/biljne-tinkture\/biljne-tinkture-po-receptu-ricarda-sulca\/cirkulacija\/","title":{"rendered":"CIRKULACIJA"},"content":{"rendered":"<p><strong>SASTAV:<\/strong><br \/>\n<strong>\u2013 Ljuta, \u010dili paprika\u00a0 <\/strong><em>(Capsicum annuum)<\/em><\/p>\n<p><strong>KAKO OVA FORMULA DELUJE?<br \/>\n<\/strong>Ve\u0107 smo u opisu spomenuli da u osnovi svih bolesti le\u017ei slaba cirkulacija, te se zaklju\u010dak name\u0107e da prvo \u0161to moramo uraditi da bi izle\u010dili neku bolest a to je <strong>pobolj\u0161ati cirkulaciju<\/strong>. \u010cak \u0161ta vi\u0161e ovaj postupak je va\u017eniji i do postupka ja\u010danja imunog sistema. Jer koju god biljku da uzmete za imuni sistem budite sigurni da od toga ne\u0107ete imati nekih koristi jer usled slabe cirkulacije ta supstanca ne\u0107e sti\u0107i tamo gde je potrebna u odgovaraju\u0107oj meri. Da bi re\u0161ili ovaj problem koristimo ljute, \u010dili papri\u010dice koje u sebi sadr\u017ee <a href=\"https:\/\/sr.m.wikipedia.org\/sr-ec\/%D0%9A%D0%B0%D0%BF%D1%81%D0%B0%D0%B8%D1%86%D0%B8%D0%BD\" target=\"_blank\" rel=\"noopener\"><strong>kapsaicin<\/strong><\/a>, fitohemikaliju koja gotovo trenutno pokre\u0107e krv i ja\u010da cirkulaciju. Istog trenutka se telo pokre\u0107e, kiseonik se kre\u0107e kroz organizam i va\u0161 mozak, srce radi stabilnije i uravnote\u017eenije, \u0107elije ubrzavaju metaboli\u010dke procese a time i proces izle\u010denja se ubrzava. Problemi sa padom energije, <strong>glavoboljom<\/strong>, lo\u0161om cirkulacijom skoro da odmah bivaju suzbijeni.<\/p>\n<p><strong>ZA\u0160TO TREBA DA IMATE OVU TINKTURU?<br \/>\n<\/strong>Tinktura &#8222;<strong>Cirkulacija<\/strong>&#8220; se ne koristi samo kod hroni\u010dnih bolesti, ne, ona se koristi preventivno i najbolje ju je tako primenjivati u svakodnevnom \u017eivotu dok jo\u0161 nemate nikakvih te\u017eih simproma bolesti. Ali tako\u0111e to je formula koja svaka ku\u0107a treba da ima za hitne slu\u010dajeve, to je prva pomo\u0107 kod mo\u017edanog udara, sr\u010danog napada, pada pristiska, migrene itd. Bilo je situacija gde je ova formula <strong>zaustavila sr\u010dani napad<\/strong> u trenutku dok je on trajao.<\/p>\n<p><span style=\"font-style: inherit; font-weight: inherit;\"><strong>UPOZORENjE:<\/strong> Ovaj proizvod sadr\u017ei izuzetno ljutu papriku. Ukoliko uzmete koli\u010dinu koja vam iritira \u017eeludac (\u0161tucanje, pe\u010denje i sl.), popijte 2-3 dl \u010diste vode. Ne dirajte osetljive delove tela nakon upotrebe ove biljne formule. Operite ruke posle rukovanja ovim proizvodom!<\/span><\/p>\n","protected":false},"excerpt":{"rendered":"<h6>Biljna tinktura po receptu Ri\u010darda \u0160ulca za pobolj\u0161anje cirkulacije<\/h6>\n<p>Tinktura &#8222;Cirkulacija&#8220; je najkorisnija formula u prirodnom le\u010denju, nema tog oboljenja koje nije propra\u0107eno slabom cirkulacijom. Na kraju krajeva svaka bolest zapo\u010dinje nekim zapu\u0161enjem u krvnim sudovima i oslabljenom cirkulacijom, usled \u010dega se u organe i \u0107elije doprema siroma\u0161an procenat <strong>nutrijenata<\/strong>, <strong>kiseonika<\/strong> i <strong>hranjivih supstanci<\/strong> \u010dime \u0107elije po\u010dinju da slabe, to je po\u010detak svake bolesti. Slabu cirkulaciju mo\u017ee izazvati nedovoljna fizi\u010dka aktivnost, poreme\u0107aj hormona ili stras, tako da ova formula treba da do\u0111e kao dodatak uz svaku drugu formulu, bilo da imate problema sa <strong>stolicom<\/strong> ili <strong>masnom jetrom<\/strong>, dobra cirkulacija je neizostavan deo u svim procesima prirodnog le\u010denja,<\/p>\n","protected":false},"featured_media":25467,"comment_status":"open","ping_status":"closed","template":"","meta":[],"product_brand":[],"product_cat":[3610],"product_tag":[3624,3618,3637,3622],"class_list":{"0":"post-14338","1":"product","2":"type-product","3":"status-publish","4":"has-post-thumbnail","6":"product_cat-biljne-tinkture-po-receptu-ricarda-sulca","7":"product_tag-biljne-tinkture","8":"product_tag-biljne-tinkture-ricarda-sulca","9":"product_tag-cirkulacija","10":"product_tag-ljuta-paprika","11":"pa_cuvanje-na-sobnoj-temperaturi-na-tamnom-mestu","12":"pa_nacin-upotrebe-od-80-kapi-3-puta-dnevno-do-160-kapi-6-puta-dnevno-u-izuzetnim-situacijama-moze-da-se-konzumira-i-do-jedne-supene-kasike-na-svaki-sat-promuckati-pre-upotrebe","13":"pa_period-trajanja-ako-se-uzima-po-80-kapi-3-puta-dnevno-tinktura-moze-trajati-7-dana","14":"pa_period-upotrebe-za-najbolji-preventivni-efekat-tnkturu-uzimati-7-14-dana-kod-tezih-oboljenja-30-90-dana","15":"pa_proizvodnja-centar-za-prirodnu-medicinu","16":"pa_zapremina-50-ml","18":"first","19":"instock","20":"purchasable","21":"product-type-simple"},"_links":{"self":[{"href":"https:\/\/www.centarzaprirodnumedicinu.com\/test\/wp-json\/wp\/v2\/product\/14338","targetHints":{"allow":["GET"]}}],"collection":[{"href":"https:\/\/www.centarzaprirodnumedicinu.com\/test\/wp-json\/wp\/v2\/product"}],"about":[{"href":"https:\/\/www.centarzaprirodnumedicinu.com\/test\/wp-json\/wp\/v2\/types\/product"}],"replies":[{"embeddable":true,"href":"https:\/\/www.centarzaprirodnumedicinu.com\/test\/wp-json\/wp\/v2\/comments?post=14338"}],"version-history":[{"count":1,"href":"https:\/\/www.centarzaprirodnumedicinu.com\/test\/wp-json\/wp\/v2\/product\/14338\/revisions"}],"predecessor-version":[{"id":23221,"href":"https:\/\/www.centarzaprirodnumedicinu.com\/test\/wp-json\/wp\/v2\/product\/14338\/revisions\/23221"}],"wp:featuredmedia":[{"embeddable":true,"href":"https:\/\/www.centarzaprirodnumedicinu.com\/test\/wp-json\/wp\/v2\/media\/25467"}],"wp:attachment":[{"href":"https:\/\/www.centarzaprirodnumedicinu.com\/test\/wp-json\/wp\/v2\/media?parent=14338"}],"wp:term":[{"taxonomy":"product_brand","embeddable":true,"href":"https:\/\/www.centarzaprirodnumedicinu.com\/test\/wp-json\/wp\/v2\/product_brand?post=14338"},{"taxonomy":"product_cat","embeddable":true,"href":"https:\/\/www.centarzaprirodnumedicinu.com\/test\/wp-json\/wp\/v2\/product_cat?post=14338"},{"taxonomy":"product_tag","embeddable":true,"href":"https:\/\/www.centarzaprirodnumedicinu.com\/test\/wp-json\/wp\/v2\/product_tag?post=14338"}],"curies":[{"name":"wp","href":"https:\/\/api.w.org\/{rel}","templated":true}]}}