{"id":14337,"date":"2022-03-03T20:02:08","date_gmt":"2022-03-03T19:02:08","guid":{"rendered":"https:\/\/centarzaprirodnumedicinu.com\/product\/antibiotik\/"},"modified":"2025-06-02T18:24:13","modified_gmt":"2025-06-02T16:24:13","slug":"antibiotik","status":"publish","type":"product","link":"https:\/\/www.centarzaprirodnumedicinu.com\/test\/p\/biljne-tinkture\/biljne-tinkture-po-receptu-ricarda-sulca\/antibiotik\/","title":{"rendered":"ANTIBIOTIK"},"content":{"rendered":"<p><strong>SASTAV:<\/strong><br \/>\n<strong>\u2013 Beli luk<\/strong>\u00a0(<em>allium sativum<\/em>)<br \/>\n<strong>\u2013 Koren \u0111umbira<\/strong> (<em>zingiber officinale)<\/em><\/p>\n<p style=\"text-align: left;\"><strong>KAKO OVA FORMULA DELUJE?<br \/>\n<\/strong><strong>Beli luk<\/strong>\u00a0ja\u010da imunitet, predstavlja prirodni antibiotik, sni\u017eava krvni pritisak, sni\u017eava nivo holesterola, <strong>sni\u017eava \u0161e\u0107er u krvi<\/strong>. Pored svega navedenog\u00a0beli luk nas u prili\u010dnoj meri \u0161tititi od spontanog <strong>zgru\u0161avanja krvi<\/strong>, jer ne samo \u0161to krvne plo\u010dice \u010dini<strong> manje lepljivim<\/strong>, \u010dime se usporava formiranje krvnih ugru\u0161aka, nego i rastvara krvne ugru\u0161ke koji su se prethodno po\u010deli stvarati. <strong>\u0110umbir <\/strong>ubla\u017eava dejstvo soka od belog luka, olak\u0161ava varenje i <strong>pobolj\u0161ava cirkulaciju<\/strong>.<\/p>\n<p><strong>ZA\u0160TO TREBA DA IMATE OVU TINKTURU?<br \/>\n<\/strong><span style=\"font-style: inherit;\">Aktivno deluje protiv parazita, virusa, bakterija, gljivica, \u010disti\u00a0jetru.<span style=\"font-weight: inherit; font-style: inherit;\">\u00a0<\/span><strong>Beli<\/strong><\/span><strong>\u00a0luk<\/strong>, glavni sastojak ove tinkture, izuzetan je u borbi protiv <strong>virusa<\/strong> i <strong>bakterija<\/strong>, najja\u010di je prirodni <strong>antibiotik<\/strong>.\u00a0<span style=\"font-style: inherit; font-weight: inherit;\">S<\/span>elektivno uni\u0161tava sve \u0161to je \u0161tetno i strano u organizmu \u010doveka, ne uni\u0161tavaju\u0107i pri tom dobro\u0107udne <strong>bakterije<\/strong> koje su od vitalnog zna\u010daja za pravilno funkcionisanje \u010dovekovog\u00a0<span style=\"font-style: inherit; font-weight: inherit;\">organizma. \u010cisti<\/span>\u00a0od svih <strong>nagomilanih toksina<\/strong> zbog toga je neizostavan elemenat prilikom procesa prirodnog le\u010denja.<\/p>\n","protected":false},"excerpt":{"rendered":"<h6>Biljna tinktura po receptu Ri\u010darda \u0160ulca sa antibakterijskim dejstvom<\/h6>\n<p>Tinktura &#8222;<strong>Antibiotik<\/strong>&#8220; spada u set od prvih 5 osnovnih tinktura za <strong>detoksikaciju<\/strong> organizma. Pored formule imuno, cirkulacija, detoks, jetra i bubrezi ova formula je slede\u0107a na listi neophodnih da bi se pravilno detoksikovao i oja\u010dao organizam. <strong>Beli luk ima preko 80 aktivnih sumpornih jedinjenja<\/strong> i to ga \u010dini nepobedivim prirodnim antibiotikom sa brzim delovanjem. Pored prve pomo\u0107i kod \u010di\u0161\u0107enja krvi, razbijanja triglicerida, holesterola itd, ova formula ima blagotvoran u\u010dinak na <strong>povi\u0161en krvni pritisak<\/strong> i prisustvo <strong>parazita<\/strong> u organizmu.<\/p>\n","protected":false},"featured_media":25462,"comment_status":"open","ping_status":"closed","template":"","meta":[],"product_brand":[],"product_cat":[3610],"product_tag":[3674,3675,3634,3624,3618,3673,3631],"class_list":{"0":"post-14337","1":"product","2":"type-product","3":"status-publish","4":"has-post-thumbnail","6":"product_cat-biljne-tinkture-po-receptu-ricarda-sulca","7":"product_tag-antibiotik","8":"product_tag-bakterije","9":"product_tag-beli-luk","10":"product_tag-biljne-tinkture","11":"product_tag-biljne-tinkture-ricarda-sulca","12":"product_tag-upala","13":"product_tag-djumbir","14":"pa_cuvanje-na-sobnoj-temperaturi-na-tamnom-mestu","15":"pa_nacin-upotrebe-od-80-kapi-3-puta-dnevno-do-160-kapi-6-puta-dnevno-u-izuzetnim-situacijama-moze-da-se-konzumira-i-do-jedne-supene-kasike-na-svaki-sat-promuckati-pre-upotrebe","16":"pa_period-trajanja-ako-se-uzima-po-80-kapi-3-puta-dnevno-tinktura-moze-trajati-7-dana","17":"pa_period-upotrebe-za-najbolji-preventivni-efekat-tnkturu-uzimati-7-14-dana-kod-tezih-oboljenja-30-90-dana","18":"pa_proizvodnja-centar-za-priridnu-medicinu","19":"pa_zapremina-50-ml","21":"first","22":"instock","23":"purchasable","24":"product-type-simple"},"_links":{"self":[{"href":"https:\/\/www.centarzaprirodnumedicinu.com\/test\/wp-json\/wp\/v2\/product\/14337","targetHints":{"allow":["GET"]}}],"collection":[{"href":"https:\/\/www.centarzaprirodnumedicinu.com\/test\/wp-json\/wp\/v2\/product"}],"about":[{"href":"https:\/\/www.centarzaprirodnumedicinu.com\/test\/wp-json\/wp\/v2\/types\/product"}],"replies":[{"embeddable":true,"href":"https:\/\/www.centarzaprirodnumedicinu.com\/test\/wp-json\/wp\/v2\/comments?post=14337"}],"version-history":[{"count":3,"href":"https:\/\/www.centarzaprirodnumedicinu.com\/test\/wp-json\/wp\/v2\/product\/14337\/revisions"}],"predecessor-version":[{"id":23234,"href":"https:\/\/www.centarzaprirodnumedicinu.com\/test\/wp-json\/wp\/v2\/product\/14337\/revisions\/23234"}],"wp:featuredmedia":[{"embeddable":true,"href":"https:\/\/www.centarzaprirodnumedicinu.com\/test\/wp-json\/wp\/v2\/media\/25462"}],"wp:attachment":[{"href":"https:\/\/www.centarzaprirodnumedicinu.com\/test\/wp-json\/wp\/v2\/media?parent=14337"}],"wp:term":[{"taxonomy":"product_brand","embeddable":true,"href":"https:\/\/www.centarzaprirodnumedicinu.com\/test\/wp-json\/wp\/v2\/product_brand?post=14337"},{"taxonomy":"product_cat","embeddable":true,"href":"https:\/\/www.centarzaprirodnumedicinu.com\/test\/wp-json\/wp\/v2\/product_cat?post=14337"},{"taxonomy":"product_tag","embeddable":true,"href":"https:\/\/www.centarzaprirodnumedicinu.com\/test\/wp-json\/wp\/v2\/product_tag?post=14337"}],"curies":[{"name":"wp","href":"https:\/\/api.w.org\/{rel}","templated":true}]}}