{"id":14336,"date":"2022-03-03T20:02:08","date_gmt":"2022-03-03T19:02:08","guid":{"rendered":"https:\/\/centarzaprirodnumedicinu.com\/product\/jetra-zuc\/"},"modified":"2025-06-02T22:04:43","modified_gmt":"2025-06-02T20:04:43","slug":"jetra-zuc","status":"publish","type":"product","link":"https:\/\/www.centarzaprirodnumedicinu.com\/test\/p\/biljne-tinkture\/biljne-tinkture-po-receptu-ricarda-sulca\/jetra-zuc\/","title":{"rendered":"JETRA &#8211; \u017dU\u010c"},"content":{"rendered":"<p><strong>SASTAV:<br \/>\n\u2013 Gujino seme<\/strong> (<em>Silybum marianum<\/em>)<strong><br \/>\n\u2013 Koren masla\u010dka <\/strong>(<em>Taraxacum officinale<\/em>)\u00a0<strong><br \/>\n\u2013 Koren mahonije <\/strong>(<em>Mahonia aquifolium<\/em>)\u00a0<strong><br \/>\n\u2013 Koren Lincure <\/strong>(<em>Gentiana lutea<\/em>)\u00a0<strong><br \/>\n\u2013 List pelina <\/strong>(<em>Artemisia absinthium<\/em>)<strong><br \/>\n\u2013 Ljuske crnog oraha <\/strong>(<em>Juglans nigra<\/em>)<strong><br \/>\n\u2013 Koren \u0111umbira <\/strong>(<em>Zingiber officinale<\/em>)<strong><br \/>\n\u2013 Beli luk <\/strong>(<em>Allium sativum<\/em>)\u00a0<strong><br \/>\n\u2013 Seme komora\u010da<\/strong> (<em>Foeniculum vulgare<\/em>)\u00a0<strong><br \/>\n\u2013 List arti\u010doke<\/strong> (<em>Cynara scolymus<\/em>)<\/p>\n<p><strong>KAKO OVA FORMULA DELUJE?<br \/>\n<\/strong>Kombinacija bilja u ovoj formuli su poznate po svojoj sposobnosti da \u0161tite, stimuli\u0161u i \u010diste jetru i \u017eu\u010dnu kesu. <strong>Sikavica<\/strong> ima fito hemikalije koje se vezuju za \u0107elije jetre i obla\u017eu ih, na taj na\u010din poma\u017eu jetri u procesu le\u010denja. <strong>Lincura, list pelina i koren masla\u010dka<\/strong> su klasi\u010dne gorke toni\u010dne biljke za jetru, kao \u0161to smo spomenuli njihov gorak ukus jo\u0161 dok se formula nalazi u ustima stimuli\u0161e rad jetre. \u0110umbir, komora\u010d i atri\u010doka su biljke koje stimuli\u0161u varenje i tako\u0111e stimuli\u0161e jetru da proizvede vi\u0161e \u017eu\u010di, na taj na\u010din se podsti\u010de i \u010di\u0161\u0107enje jetre i \u010di\u0161\u0107enje same \u017eu\u010di. <strong>Crni orah, pelin i beli luk<\/strong> su jaki \u010dista\u010di koji elimini\u0161u mikroorganizme i parazite iz jetre.<\/p>\n<p><strong>ZA\u0160TO TREBA DA IMATE OVU TINKTURU?<br \/>\n<\/strong>Mnogi lekari smatraju da pre nego \u0161to neka osoba dobije rak, skoro uvek je pre toga jetra bila slaba i nije uspla da obavlja funkciju <strong>detoksikacije organizma<\/strong>. Zato se jetra \u010desto naziva &#8222;<strong>prva linija odbrane od bolesti<\/strong>&#8222;.\u00a0 Ako \u017eivite bilo gde na ovoj planeti, va\u0161a jetra je napadnuta, o\u0161tec\u0301ena i mo\u017eda je \u010dak i bolesna. Jedina va\u0161a odbrana je jaka i zdrava jetra. A najbolji na\u010din da se odr\u017ei jaka i zdrava jetra je da je <strong>redovno o\u010distite<\/strong>.<\/p>\n","protected":false},"excerpt":{"rendered":"<h6>Biljna tinktura po receptu Ri\u010darda \u0160ulca za jetru i \u017eu\u010dnu kesu<\/h6>\n<p>Bolesti jetre su sve u\u010destalije, jedan od razloga je taj \u0161to hrana koju jedemo nije \u017eiva hrana ve\u0107 je oboga\u0107ena ve\u0161ta\u010dkim bojama i <strong>zasla\u0111iva\u010dima<\/strong>, dok na\u0161a jetra tra\u017ei gorke namirnice. <strong>Gor\u010dina<\/strong> je ta koja jo\u0161 u ustima pokre\u0107e \u010di\u0161\u0107enje i regeneraciju jetre. U prirodi preovladavaju gorki ukusi, tinktura &#8222;<strong>Jetra<\/strong>&#8220; sadr\u017ei kombinaciju odabranog gorkog i lekovitog bilja koje \u0107e pokrenuti jetru na <strong>detoksikaciju<\/strong> i <strong>regeneraciju<\/strong> jo\u0161 danas.<\/p>\n","protected":false},"featured_media":25474,"comment_status":"open","ping_status":"closed","template":"","meta":[],"product_brand":[],"product_cat":[3610],"product_tag":[3730,3634,3624,3618,3729,3639,3725,3723,3697,3727,3643,3726,3728,3724,3631],"class_list":{"0":"post-14336","1":"product","2":"type-product","3":"status-publish","4":"has-post-thumbnail","6":"product_cat-biljne-tinkture-po-receptu-ricarda-sulca","7":"product_tag-articoka","8":"product_tag-beli-luk","9":"product_tag-biljne-tinkture","10":"product_tag-biljne-tinkture-ricarda-sulca","11":"product_tag-crni-orah","12":"product_tag-detoksikacija","13":"product_tag-gujno-seme","14":"product_tag-jetra","15":"product_tag-komorac","16":"product_tag-lincura","17":"product_tag-mahonija","18":"product_tag-maslacak","19":"product_tag-pelin","20":"product_tag-zucna-kesa","21":"product_tag-djumbir","22":"pa_cuvanje-na-sobnoj-temperaturi-na-tamnom-mestu","23":"pa_nacin-upotrebe-od-80-kapi-3-puta-dnevno-do-160-kapi-6-puta-dnevno-promuckati-pre-upotrebe","24":"pa_period-trajanja-ako-se-uzima-po-80-kapi-3-puta-dnevno-tinktura-moze-trajati-7-dana","25":"pa_period-upotrebe-za-najbolji-preventivni-efekat-tnkturu-uzimati-14-30-dana-kod-tezih-oboljenja-30-90-dana","26":"pa_proizvodnja-centar-za-priridnu-medicinu","27":"pa_zapremina-50-ml","29":"first","30":"instock","31":"purchasable","32":"product-type-simple"},"_links":{"self":[{"href":"https:\/\/www.centarzaprirodnumedicinu.com\/test\/wp-json\/wp\/v2\/product\/14336","targetHints":{"allow":["GET"]}}],"collection":[{"href":"https:\/\/www.centarzaprirodnumedicinu.com\/test\/wp-json\/wp\/v2\/product"}],"about":[{"href":"https:\/\/www.centarzaprirodnumedicinu.com\/test\/wp-json\/wp\/v2\/types\/product"}],"replies":[{"embeddable":true,"href":"https:\/\/www.centarzaprirodnumedicinu.com\/test\/wp-json\/wp\/v2\/comments?post=14336"}],"version-history":[{"count":1,"href":"https:\/\/www.centarzaprirodnumedicinu.com\/test\/wp-json\/wp\/v2\/product\/14336\/revisions"}],"predecessor-version":[{"id":23244,"href":"https:\/\/www.centarzaprirodnumedicinu.com\/test\/wp-json\/wp\/v2\/product\/14336\/revisions\/23244"}],"wp:featuredmedia":[{"embeddable":true,"href":"https:\/\/www.centarzaprirodnumedicinu.com\/test\/wp-json\/wp\/v2\/media\/25474"}],"wp:attachment":[{"href":"https:\/\/www.centarzaprirodnumedicinu.com\/test\/wp-json\/wp\/v2\/media?parent=14336"}],"wp:term":[{"taxonomy":"product_brand","embeddable":true,"href":"https:\/\/www.centarzaprirodnumedicinu.com\/test\/wp-json\/wp\/v2\/product_brand?post=14336"},{"taxonomy":"product_cat","embeddable":true,"href":"https:\/\/www.centarzaprirodnumedicinu.com\/test\/wp-json\/wp\/v2\/product_cat?post=14336"},{"taxonomy":"product_tag","embeddable":true,"href":"https:\/\/www.centarzaprirodnumedicinu.com\/test\/wp-json\/wp\/v2\/product_tag?post=14336"}],"curies":[{"name":"wp","href":"https:\/\/api.w.org\/{rel}","templated":true}]}}