{"id":14335,"date":"2022-03-03T20:02:08","date_gmt":"2022-03-03T19:02:08","guid":{"rendered":"https:\/\/centarzaprirodnumedicinu.com\/product\/bubrezi-besika\/"},"modified":"2025-06-02T22:05:54","modified_gmt":"2025-06-02T20:05:54","slug":"bubrezi-besika","status":"publish","type":"product","link":"https:\/\/www.centarzaprirodnumedicinu.com\/test\/p\/biljne-tinkture\/biljne-tinkture-po-receptu-ricarda-sulca\/bubrezi-besika\/","title":{"rendered":"BUBREZI &#8211; BE\u0160IKA"},"content":{"rendered":"<p><strong>SASTAV:<\/strong><br \/>\n<strong>\u2013 Koren \u0111umbira\u00a0<\/strong>(<em>Zingiber officinale<\/em>)<br \/>\n<strong>\u2013 List Uve<\/strong> (<em>Arctostaphylos uva-ursi<\/em>)<br \/>\n<strong>\u2013 Bobice kleke<\/strong> (<em>Juniperus communis<\/em>)<br \/>\n<strong>\u2013 Rastavi\u0107<\/strong> (<em>Equisetum arvense<\/em>)<br \/>\n<strong>\u2013 Koren \u010di\u010dka<\/strong>\u00a0(<em>Arctium lappa<\/em>)<br \/>\n<strong>\u2013 Kukuruzna svila<\/strong> (<em>Zea mays L. (Poaceae)<\/em>)<br \/>\n<strong>\u2013 Koren per\u0161una<\/strong> (<em>Petroselinum crispum<\/em>)<\/p>\n<p><strong>KAKO OVA FORMULA DELUJE?<br \/>\n<\/strong>Biljke u ovoj formuli deluju kao slo\u017ean tandem za regeneraciju bubrega i podsticaj izlu\u010divanja lo\u0161ih stvari iz na\u0161eg organizma kroz njih. List uve sadr\u017ei poznate fitohemikalije, kao \u0161to su: isparljiva ulja, arbutin, kvercetin, jabu\u010dnu i galsku kiselinu. <strong>Arbutin<\/strong> je zadu\u017een za o\u010duvanje zdravog i \u010distog urinarnog trakta. <strong>Kvercetin<\/strong> \u0161titi kapilare u sistemu filtriranja bubrega.<strong>\u00a0Jabu\u010dna i galska kiselina<\/strong> (iste koje nalazimo u jabukama i jabukovom sir\u0107etu) sjajno uti\u010du na\u00a0 bubrege i zdravlje be\u0161ike. Bobice kleke, kukuruzna svila, rastavi\u0107, \u010di\u010dak i per\u0161un sadr\u017ee fitohemikalije koje su <a href=\"https:\/\/sr.wikipedia.org\/sr-ec\/%D0%94%D0%B8%D1%83%D1%80%D0%B5%D1%82%D0%B8%D0%BA\" target=\"_blank\" rel=\"noopener\"><strong>diuretici<\/strong><\/a>, oni su zadu\u017eeni za o\u010duvanje \u010diste i zdrave sredine u okviru urinarnog trakta.<\/p>\n<p><strong>ZA\u0160TO TREBATE DA IMATE OVU TINKTURU?<br \/>\n<\/strong>Svaki organ u va\u0161em telu ZAVISI od zdravlja i snage va\u0161ih bubrega. U stvari, sve c\u0301elije u va\u0161em telu trebaju unos hrane i eliminaciju otpada napolje, i one trebaju va\u0161e bubrege da urade to! <strong>Za\u010depljeni i spori<\/strong> bubrezi uti\u010du na svaki sistem u va\u0161em organizmu, jer va\u0161i bubrezi predstavljaju klju\u010dni deo dopremanja neophodnih <strong>vitamina<\/strong> i <strong>kiseonika<\/strong> u va\u0161e c\u0301elije i izbacivanja <strong>toksina<\/strong> van organizma. Ako \u017eelite da ostanete zdravi, odr\u017eati va\u0161e bubrege u dobrom radnom stanju je od su\u0161tinskog zna\u010daja.<\/p>\n","protected":false},"excerpt":{"rendered":"<h6>Biljna tinktura po receptu Ri\u010darda \u0160ulca za pobolj\u0161anje rada bubrega i be\u0161ike<\/h6>\n<p>Tinktura &#8222;Bubrezi-be\u0161ika&#8220; ima vi\u0161e funkcija u unapre\u0111enju zdravlja: \u200b\u200bdobar i brz protok urina, eliminaciju i otapanje naslaga kalcijuma. Bilje u ovoj tinkturi kao \u0161to su <strong>uva, kleka,\u00a0 rastavi\u0107, per\u0161un, &#8230; <\/strong>su kori\u0161\u0107eni u prirodnom le\u010denju kao dobri diuretici i \u010dista\u010di organizma. Diuretici su ti koji stimuli\u0161u zdrave bubrege da izlu\u010duju urin, oni vr\u0161e prirodnu <strong>dezinfekciju bubrega i be\u0161ike<\/strong>.\u00a0 Ako ste uhvatili sebe da ne pijete dovoljno te\u010dnosti, da imate <strong>peckanje<\/strong> pri mokrenju, <strong>bol<\/strong> u predelu bubrega onda je ova formula <strong>prva pomo\u0107<\/strong> za vas.<\/p>\n","protected":false},"featured_media":25475,"comment_status":"open","ping_status":"closed","template":"","meta":[],"product_brand":[],"product_cat":[3610],"product_tag":[3670,3624,3618,3669,3644,3664,3665,3662,3672,3671,3673,3663,3631],"class_list":{"0":"post-14335","1":"product","2":"type-product","3":"status-publish","4":"has-post-thumbnail","6":"product_cat-biljne-tinkture-po-receptu-ricarda-sulca","7":"product_tag-besika","8":"product_tag-biljne-tinkture","9":"product_tag-biljne-tinkture-ricarda-sulca","10":"product_tag-bubrezi","11":"product_tag-cicak","12":"product_tag-kleka","13":"product_tag-kukuruzna-svila","14":"product_tag-mokracni-kanali","15":"product_tag-persun","16":"product_tag-rastavic","17":"product_tag-upala","18":"product_tag-uva","19":"product_tag-djumbir","20":"pa_cuvanje-na-sobnoj-temperaturi-na-tamnom-mestu","21":"pa_nacin-upotrebe-od-80-kapi-3-puta-dnevno-do-160-kapi-6-puta-dnevno-promuckati-pre-upotrebe","22":"pa_period-trajanja-ako-se-uzima-po-80-kapi-3-puta-dnevno-tinktura-moze-trajati-7-dana","23":"pa_period-upotrebe-za-najbolji-preventivni-efekat-tnkturu-uzimati-14-30-dana-kod-tezih-oboljenja-30-90-dana","24":"pa_proizvodnja-centar-za-prirodnu-medicinu","25":"pa_zapremina-50-ml","27":"first","28":"instock","29":"purchasable","30":"product-type-simple"},"_links":{"self":[{"href":"https:\/\/www.centarzaprirodnumedicinu.com\/test\/wp-json\/wp\/v2\/product\/14335","targetHints":{"allow":["GET"]}}],"collection":[{"href":"https:\/\/www.centarzaprirodnumedicinu.com\/test\/wp-json\/wp\/v2\/product"}],"about":[{"href":"https:\/\/www.centarzaprirodnumedicinu.com\/test\/wp-json\/wp\/v2\/types\/product"}],"replies":[{"embeddable":true,"href":"https:\/\/www.centarzaprirodnumedicinu.com\/test\/wp-json\/wp\/v2\/comments?post=14335"}],"version-history":[{"count":1,"href":"https:\/\/www.centarzaprirodnumedicinu.com\/test\/wp-json\/wp\/v2\/product\/14335\/revisions"}],"predecessor-version":[{"id":23249,"href":"https:\/\/www.centarzaprirodnumedicinu.com\/test\/wp-json\/wp\/v2\/product\/14335\/revisions\/23249"}],"wp:featuredmedia":[{"embeddable":true,"href":"https:\/\/www.centarzaprirodnumedicinu.com\/test\/wp-json\/wp\/v2\/media\/25475"}],"wp:attachment":[{"href":"https:\/\/www.centarzaprirodnumedicinu.com\/test\/wp-json\/wp\/v2\/media?parent=14335"}],"wp:term":[{"taxonomy":"product_brand","embeddable":true,"href":"https:\/\/www.centarzaprirodnumedicinu.com\/test\/wp-json\/wp\/v2\/product_brand?post=14335"},{"taxonomy":"product_cat","embeddable":true,"href":"https:\/\/www.centarzaprirodnumedicinu.com\/test\/wp-json\/wp\/v2\/product_cat?post=14335"},{"taxonomy":"product_tag","embeddable":true,"href":"https:\/\/www.centarzaprirodnumedicinu.com\/test\/wp-json\/wp\/v2\/product_tag?post=14335"}],"curies":[{"name":"wp","href":"https:\/\/api.w.org\/{rel}","templated":true}]}}