{"id":14334,"date":"2022-03-03T20:02:08","date_gmt":"2022-03-03T19:02:08","guid":{"rendered":"https:\/\/centarzaprirodnumedicinu.com\/product\/detoks\/"},"modified":"2025-06-02T20:57:17","modified_gmt":"2025-06-02T18:57:17","slug":"detoks","status":"publish","type":"product","link":"https:\/\/www.centarzaprirodnumedicinu.com\/test\/p\/biljne-tinkture\/biljne-tinkture-po-receptu-ricarda-sulca\/detoks\/","title":{"rendered":"DETOKS"},"content":{"rendered":"<p><strong>SASTAV:<\/strong><br \/>\n<strong>\u2013 Sve\u017ei cvetovi Crvene deteline <\/strong>(<em>Trifolium pratense<\/em>)<br \/>\n<strong>\u2013 \u010caparal <\/strong>(<em><span class=\"LrzXr kno-fv wHYlTd z8gr9e\">Larrea tridentata<\/span><\/em>)<br \/>\n<strong>\u2013 Koren mahonije<\/strong> (<em>Mahonia aquifolium<\/em>)<br \/>\n<strong>\u2013 Koren \u010di\u010dka<\/strong> (<em>Arctium lappa<\/em>)<br \/>\n<strong>\u2013 Koren \u0161tavelja <\/strong>(<em>Rumex\u00a0crispus<\/em>)<br \/>\n<strong>\u2013 Koren vinobojke <\/strong>(<em>Phytolacca decandra<\/em>)<br \/>\n<strong>\u2013 Kanadski ljuti\u0107 <\/strong>(<em>Hydrastis canadensis<\/em>)<br \/>\n<strong>\u2013 Sve\u017ei beli luk <\/strong>(<em>Allium sativum<\/em>)<br \/>\n<strong>\u2013 Lobelia list i seme <\/strong>(<em>Lobelia inflata<\/em>)<br \/>\n<strong>\u2013 Ljuta, \u010dili paprika\u00a0\u00a0<\/strong><em>(Capsicum annuum)<\/em><\/p>\n<p><strong>KAKO OVA FORMULA DELUJE?<br \/>\n<\/strong>U svetu prirodne medicine ova formula se smatra veoma moc\u0301na za \u010di\u0161\u0107enje organizma, koja otklanja nagomilane toksine i otrove iz krvi, telesnih masti i c\u0301elija. Biljke iz ove formule se koriste u biljnim medicinskim klinikama \u0161irom sveta za \u010di\u0161\u0107enje nagomilanih toksina i otrova iz tela, i postale su poznate po svojoj efikasnosti. <strong>\u010caparal<\/strong> je posebna biljka iz ove formule i sadr\u017ei <strong>nordihidrogvajaretinsku kiselinu<\/strong>, ova kiselina je navedena kao antioksidant sa terapijskom kategorijom antineoplasti\u010dkog-agensa koji spre\u010dava razvoj, rast i \u0161irenje malignih c\u0301elija.<\/p>\n<p><strong>ZA\u0160TO TREBA DA IMATE OVU FORMULU?<br \/>\n<\/strong>Ova formula je nastala na temelju \u010duvene Hoksejeve formule i formule <a href=\"https:\/\/en.wikipedia.org\/wiki\/John_Christopher_(herbalist)\" target=\"_blank\" rel=\"noopener\"><strong>dr D\u017eona Kristoferera<\/strong><\/a> od crvene deteline, formula je toliko bila efikasna da su oba travara u to vreme hap\u0161ena u vi\u0161e navrata zbog njih. Danas imamo tu privilegiju i sre\u0107u da smo do\u0161li do recepta ove formule i mo\u017eemo da je imamo kod svojih ku\u0107a.<\/p>\n","protected":false},"excerpt":{"rendered":"<h6>Biljna tinktura po receptu Ri\u010darda \u0160ulca za detoksikaciju organizma<\/h6>\n<p>Detoksikacija ili \u010di\u0161\u0107enje organizma je slo\u017een proces koji obuhvata bukvalno na hiljade procesa koje na\u0161e telo treba da uradi. U stvari to je proces koji na\u0161e telo svakodnevno i obavlja, me\u0111utim usled savremenog na\u010dina \u017eivota koji \u017eivimo ovaj proces je daleko sporiji nego \u0161to bi trebao da bude i kao posledica javljaju se razna oboljenja. Tinktura &#8222;<strong>Detox<\/strong>&#8220; vam poma\u017ee da ubrzate ove procese i da nadomestite va\u0161em organizmu ono \u0161to mu na\u010din \u017eivota svakodnevno oduzima. Ako imate <strong>gustu krv<\/strong>,<strong> visok pritisak<\/strong>, nagomilane <strong>toksine<\/strong> od hrane i pi\u0107a u crevima i jetri ili <strong>rak<\/strong> ova formula \u0107e vam biti dobar saveznik.<\/p>\n","protected":false},"featured_media":25469,"comment_status":"open","ping_status":"closed","template":"","meta":[],"product_brand":[],"product_cat":[3610],"product_tag":[3634,3624,3618,3642,3644,3640,3641,3639,3638,3622,3647,3648,3643,3645,3646],"class_list":{"0":"post-14334","1":"product","2":"type-product","3":"status-publish","4":"has-post-thumbnail","6":"product_cat-biljne-tinkture-po-receptu-ricarda-sulca","7":"product_tag-beli-luk","8":"product_tag-biljne-tinkture","9":"product_tag-biljne-tinkture-ricarda-sulca","10":"product_tag-caparal","11":"product_tag-cicak","12":"product_tag-ciscenje-krvi","13":"product_tag-crvena-detelina","14":"product_tag-detoksikacija","15":"product_tag-detox","16":"product_tag-ljuta-paprika","17":"product_tag-ljutic","18":"product_tag-lobelija","19":"product_tag-mahonija","20":"product_tag-stavelj","21":"product_tag-vinobojka","22":"pa_cuvanje-na-sobnoj-temperaturi-na-tamnom-mestu","23":"pa_nacin-upotrebe-od-80-kapi-3-puta-dnevno-do-160-kapi-6-puta-dnevno-promuckati-pre-upotrebe","24":"pa_period-trajanja-ako-se-uzima-po-80-kapi-3-puta-dnevno-tinktura-moze-trajati-7-dana","25":"pa_period-upotrebe-za-najbolji-preventivni-efekat-tnkturu-uzimati-14-30-dana-kod-tezih-oboljenja-30-90-dana","26":"pa_proizvodnja-centar-za-prirodnu-medicinu","27":"pa_zapremina-50-ml","29":"first","30":"instock","31":"purchasable","32":"product-type-simple"},"_links":{"self":[{"href":"https:\/\/www.centarzaprirodnumedicinu.com\/test\/wp-json\/wp\/v2\/product\/14334","targetHints":{"allow":["GET"]}}],"collection":[{"href":"https:\/\/www.centarzaprirodnumedicinu.com\/test\/wp-json\/wp\/v2\/product"}],"about":[{"href":"https:\/\/www.centarzaprirodnumedicinu.com\/test\/wp-json\/wp\/v2\/types\/product"}],"replies":[{"embeddable":true,"href":"https:\/\/www.centarzaprirodnumedicinu.com\/test\/wp-json\/wp\/v2\/comments?post=14334"}],"version-history":[{"count":1,"href":"https:\/\/www.centarzaprirodnumedicinu.com\/test\/wp-json\/wp\/v2\/product\/14334\/revisions"}],"predecessor-version":[{"id":23223,"href":"https:\/\/www.centarzaprirodnumedicinu.com\/test\/wp-json\/wp\/v2\/product\/14334\/revisions\/23223"}],"wp:featuredmedia":[{"embeddable":true,"href":"https:\/\/www.centarzaprirodnumedicinu.com\/test\/wp-json\/wp\/v2\/media\/25469"}],"wp:attachment":[{"href":"https:\/\/www.centarzaprirodnumedicinu.com\/test\/wp-json\/wp\/v2\/media?parent=14334"}],"wp:term":[{"taxonomy":"product_brand","embeddable":true,"href":"https:\/\/www.centarzaprirodnumedicinu.com\/test\/wp-json\/wp\/v2\/product_brand?post=14334"},{"taxonomy":"product_cat","embeddable":true,"href":"https:\/\/www.centarzaprirodnumedicinu.com\/test\/wp-json\/wp\/v2\/product_cat?post=14334"},{"taxonomy":"product_tag","embeddable":true,"href":"https:\/\/www.centarzaprirodnumedicinu.com\/test\/wp-json\/wp\/v2\/product_tag?post=14334"}],"curies":[{"name":"wp","href":"https:\/\/api.w.org\/{rel}","templated":true}]}}