{"id":14331,"date":"2022-03-03T20:02:08","date_gmt":"2022-03-03T19:02:08","guid":{"rendered":"https:\/\/centarzaprirodnumedicinu.com\/product\/pluca\/"},"modified":"2025-06-02T22:06:41","modified_gmt":"2025-06-02T20:06:41","slug":"pluca","status":"publish","type":"product","link":"https:\/\/www.centarzaprirodnumedicinu.com\/test\/p\/biljne-tinkture\/biljne-tinkture-po-receptu-ricarda-sulca\/pluca\/","title":{"rendered":"PLU\u0106A"},"content":{"rendered":"<p><strong>SASTAV:<br \/>\n<\/strong><strong>\u2013 Koren omana<\/strong> (<em>Inula helenium<\/em>)<br \/>\n<strong>\u2013 List podbela<\/strong> (<em>Tussilago farfara<\/em>)<br \/>\n<strong>\u2013 List o\u010dajnice<\/strong> (<em>Marrubium vulgare<\/em>)<br \/>\n<strong>\u2013 Koren sladi\u0107a<\/strong> (<em>Glycyrrhiza glabra<\/em>)<br \/>\n<strong>\u2013 Plod kole<\/strong> (<em>Cola acuminata<\/em>)<br \/>\n<strong>\u2013 Zrno kafe<\/strong> (<em>Coffea<\/em>)<br \/>\n<strong>\u2013 Kora divlje tre\u0161nje <\/strong>(<em>Prunus avium<\/em>)<br \/>\n<strong>\u2013 Maj\u010dina du\u0161ica<\/strong> (<em>Thymus serpyllum<\/em>)<br \/>\n<strong>\u2013 Seme komora\u010da <\/strong>(<em>Foeniculum vulgare<\/em>)<strong><br \/>\n\u2013 List nane<\/strong> (<em>Mentha<\/em>)<\/p>\n<p><strong>KAKO OVA FORMULA DELUJE?<br \/>\n<\/strong>Biljna formula &#8222;<strong>Plu\u0107a<\/strong>&#8220; \u010dini dve glavne stvari u va\u0161em organizmu koje c\u0301e vam pomoc\u0301i. Prvo, ona vam poma\u017ee da <strong>udahnete vi\u0161e vazduha<\/strong> podsti\u010du\u0107i sam <strong>proces disanja<\/strong>. Drugo, u ovoj formuli su dodate biljke koje <strong>podsti\u010du ka\u0161ljanje<\/strong>! To je zato \u0161to je potrebno da ka\u0161ljete da bi vam bilo bolje! Osim toga, ako potiskujete va\u0161 ka\u0161alj, to c\u0301e samo u\u010diniti da celo mu\u010dno iskustvo traje mnogo du\u017ee. Biljna formula &#8222;<strong>Plu\u0107a<\/strong>&#8220; c\u0301e tako\u0111e pomoc\u0301i va\u0161em telu u samoodbrani, ne oslanjajuc\u0301i se na <strong>hemikalije<\/strong>, daju\u0107i rezultate u samo nekoliko dana, umesto za nekoliko nedelja ili meseci. <strong>Lobelija<\/strong> je biljka koja \u0107e pokrenuti <strong>iska\u0161ljavanje<\/strong>, ako se u va\u0161im plu\u0107ima nalazi sekret ili lepljiva masa sluzi sve \u0107e to <strong>iza\u0107i napolje<\/strong>. <strong>Oman <\/strong>u ovoj tinkturi deluje <strong>protivupalno<\/strong>, Sekretoliticki &#8211; poma\u017ee i pospe\u0161uje izbacivanje \u0161lajma i smiruje kasalj, deluje protiv parazita, antisepticno i antibakteriski i protiv gljivica, stimuli\u0161e varenje. <strong>Podbel <\/strong>je jo\u0161 jedna biljka u ovoj tinkturi koja <strong>podsti\u010de izbacivanje sluzi<\/strong>, ta\u010dnije on stimuli\u0161e mikroskopske dla\u010dice koje izbacuju sekret iz <strong>vazdu\u0161astih prostora<\/strong>. Ova biljka spre\u010dava telo da proizvodi agens za aktiviranje proteina koji pokre\u0107e <strong>spazam bronhija<\/strong> \u0161to izaziva napad astme. <strong>Maj\u010dina du\u0161ica<\/strong> ima <strong>antisepti\u010dno<\/strong> dejstvo, efikasana je biljka protiv spazma u bronhijama, razvodnjava <strong>sluz<\/strong>\u00a0u plu\u0107ima i poma\u017ee pri njegovom izbacivanju. Zato se sa uspehom primenjuje protiv\u00a0<strong>ka\u0161lja<\/strong> kod dece., osim toga, uspe\u0161no deluje i protiv <strong>parazita<\/strong>.<\/p>\n","protected":false},"excerpt":{"rendered":"<h6>Biljna tinktura po receptu Ri\u010darda \u0160ulca za unapre\u0111enje rada plu\u0107a<\/h6>\n<p>Na\u0161a plu\u0107a su kostantno izlo\u017eena razli\u010ditim hemikalijama koje nas postepeno ubijaju i <strong>skra\u0107uju nam \u017eivot<\/strong>. Bilo da ste <strong>pu\u0161a\u010d<\/strong> ili ne, bilo da \u017eivite u gradu ili selu svi smo okru\u017eeni lo\u0161im gasovima i <strong>hemikalijama<\/strong>, niko nije za\u0161ti\u0107en, infekcije plu\u0107a danas su \u010desta pojava. Tokom bilo koje <strong>infekcije pluc\u0301a<\/strong> prvo prestanite sa konzumiranjem cigareta i svih mle\u010dnih proizvoda, oni su poznati po tome \u0161to zapu\u0161avaju pluc\u0301a i sinuse, po\u010dnite da pijete \u0161to vi\u0161e vode i koristite tinkturu za plu\u0107a sve dok vam ne bude bolje. Ako ste pu\u0161a\u010d obavezno dodajte i tinkturu &#8222;<strong>Imuno #2<\/strong>&#8220; i tinkturu &#8222;<strong>Lobelija<\/strong>&#8222;. <strong>O\u010distite va\u0161a plu\u0107a i produ\u017eite sebi \u017eivot<\/strong>!<\/p>\n","protected":false},"featured_media":25476,"comment_status":"open","ping_status":"closed","template":"","meta":[],"product_brand":[],"product_cat":[3610],"product_tag":[3742,3624,3618,3741,3743,3747,3739,3697,3652,3649,3746,3744,3740,3745,3654],"class_list":{"0":"post-14331","1":"product","2":"type-product","3":"status-publish","4":"has-post-thumbnail","6":"product_cat-biljne-tinkture-po-receptu-ricarda-sulca","7":"product_tag-astma","8":"product_tag-biljne-tinkture","9":"product_tag-biljne-tinkture-ricarda-sulca","10":"product_tag-bronhije","11":"product_tag-disanje","12":"product_tag-kafa","13":"product_tag-kola","14":"product_tag-komorac","15":"product_tag-majcina-dusica","16":"product_tag-nana","17":"product_tag-ocajnica","18":"product_tag-oman","19":"product_tag-pluca","20":"product_tag-podbel","21":"product_tag-sladic","22":"pa_cuvanje-na-sobnoj-temperaturi-na-tamnom-mestu","23":"pa_nacin-upotrebe-od-80-kapi-3-puta-dnevno-do-160-kapi-6-puta-dnevno-u-izuzetnim-situacijama-moze-da-se-konzumira-i-do-jedne-supene-kasike-na-svaki-sat-promuckati-pre-upotrebe","24":"pa_period-trajanja-ako-se-uzima-po-80-kapi-3-puta-dnevno-tinktura-moze-trajati-7-dana","25":"pa_period-upotrebe-za-najbolji-preventivni-efekat-tnkturu-uzimati-14-30-dana-kod-tezih-oboljenja-30-90-dana","26":"pa_proizvodnja-centar-za-prirodnu-medicinu","27":"pa_zapremina-50-ml","29":"first","30":"instock","31":"purchasable","32":"product-type-simple"},"_links":{"self":[{"href":"https:\/\/www.centarzaprirodnumedicinu.com\/test\/wp-json\/wp\/v2\/product\/14331","targetHints":{"allow":["GET"]}}],"collection":[{"href":"https:\/\/www.centarzaprirodnumedicinu.com\/test\/wp-json\/wp\/v2\/product"}],"about":[{"href":"https:\/\/www.centarzaprirodnumedicinu.com\/test\/wp-json\/wp\/v2\/types\/product"}],"replies":[{"embeddable":true,"href":"https:\/\/www.centarzaprirodnumedicinu.com\/test\/wp-json\/wp\/v2\/comments?post=14331"}],"version-history":[{"count":1,"href":"https:\/\/www.centarzaprirodnumedicinu.com\/test\/wp-json\/wp\/v2\/product\/14331\/revisions"}],"predecessor-version":[{"id":23260,"href":"https:\/\/www.centarzaprirodnumedicinu.com\/test\/wp-json\/wp\/v2\/product\/14331\/revisions\/23260"}],"wp:featuredmedia":[{"embeddable":true,"href":"https:\/\/www.centarzaprirodnumedicinu.com\/test\/wp-json\/wp\/v2\/media\/25476"}],"wp:attachment":[{"href":"https:\/\/www.centarzaprirodnumedicinu.com\/test\/wp-json\/wp\/v2\/media?parent=14331"}],"wp:term":[{"taxonomy":"product_brand","embeddable":true,"href":"https:\/\/www.centarzaprirodnumedicinu.com\/test\/wp-json\/wp\/v2\/product_brand?post=14331"},{"taxonomy":"product_cat","embeddable":true,"href":"https:\/\/www.centarzaprirodnumedicinu.com\/test\/wp-json\/wp\/v2\/product_cat?post=14331"},{"taxonomy":"product_tag","embeddable":true,"href":"https:\/\/www.centarzaprirodnumedicinu.com\/test\/wp-json\/wp\/v2\/product_tag?post=14331"}],"curies":[{"name":"wp","href":"https:\/\/api.w.org\/{rel}","templated":true}]}}