{"id":14328,"date":"2022-03-03T20:02:08","date_gmt":"2022-03-03T19:02:08","guid":{"rendered":"https:\/\/centarzaprirodnumedicinu.com\/product\/nervi-1\/"},"modified":"2025-06-08T09:40:25","modified_gmt":"2025-06-08T07:40:25","slug":"nervi-1","status":"publish","type":"product","link":"https:\/\/www.centarzaprirodnumedicinu.com\/test\/p\/biljne-tinkture\/biljne-tinkture-po-receptu-ricarda-sulca\/nervi-1\/","title":{"rendered":"NERVI #1"},"content":{"rendered":"<p><strong>SASTAV:<br \/>\n<\/strong><strong>\u2013 Divlji ruzmarin\u00a0<\/strong>\u00a0(<em>Inula helenium<\/em>)<br \/>\n<strong>\u2013 Plava stani\u0107arka<\/strong> (<em>Caulophyllum thalictroides<\/em>)<strong><br \/>\n\u2013 <\/strong><strong>Lobelija list i seme<\/strong> (<em>Lobelia inflata<\/em>)\u00a0<strong><br \/>\n\u2013 <\/strong><strong>Plava vrbena<\/strong> (<em>Verbena hastata<\/em>)\u00a0<strong><br \/>\n\u2013 <\/strong><strong>Kapica<\/strong> (<em>Scutellaria lateriflora<\/em>)<\/p>\n<p><strong>KAKO OVA FORMULA DELUJE?<br \/>\n<\/strong>Biljka<strong> divlji ruzmarin<\/strong> (black chohosh) je u svetu prirodne medicine poznati prirodni lek za mozak i ki\u010dmenu mo\u017edinu, pa su mozak, ki\u010dmena mo\u017edina (centralno nervni sistem) pod direktnim uticajem ove biljke. Tako da ova biljka na nervni sistem ne deluje direktno ve\u0107 preko kimene mo\u017edine, \u0161to je slo\u017eeniji i temeljniji proces. Druga biljka je<strong> plava stani\u0107arka,<\/strong> ona deluje protiv <strong>gr\u010deva<\/strong>, <strong>epilepsije<\/strong>, histerije, depresije, nervoze i drugih nervnih oboljenja, pa je sjajna kombinacija sa divljim ruzmarinom u ovoj formuli.<strong>\u00a0Lobelija<\/strong> je dobila ime po svom izuzetno lekovitom jedinjenju \u201e<strong>lobelin<\/strong>\u201c koje ima \u0161iroku primenu u prirodnom oporavku. Ova biljka se vrlo \u010desto koristi za <strong>olak\u0161avanje disanja<\/strong>, u smirivanju gr\u010deva, i opu\u0161tanje mi\u0161i\u010da i nervnog sistema. Slede\u0107a biljka u ovoj formuli jeste <strong>kapica,<\/strong> ona je jedna od odli\u010dnih nervno stimulativnih biljaka igra veoma va\u017enu ulogu u stimulisanju i obnovi o\u0161te\u0107enih nerava na taj na\u010din \u0161to pobolj\u0161ava komunikaciju me\u0111u nervnim \u0107elijama. I na kraju <strong>plava verbena, <\/strong>to je sjajna biljka koja se veoma uspe\u0161no koristi kod <strong>nesanice<\/strong>, <strong>nervoze<\/strong>, <strong>napetost<\/strong> i <strong>stresa<\/strong>. Ima posebno dejstvo kod <strong>depresije<\/strong>.<\/p>\n","protected":false},"excerpt":{"rendered":"<h6>Biljna tinktura po receptu Ri\u010darda \u0160ulca za regeneraciju i umirenje nerava<\/h6>\n<p>Biljna formula &#8222;<strong>Nervi #1<\/strong>&#8220; se koristi kod svih nervnih i <strong>autoimunih<\/strong> oboljenja. Istovremeno ima dvostruko dejstvo stimuli\u0161uci rad i <strong>obnovu nerava<\/strong>, a s druge strane umiruje nerve.\u00a0U kombinaciji sa biljnom formulom &#8222;<strong>Mozak<\/strong>&#8220; (koja poboljsava protok i dotok krvi i kiseonika do mozga) i formulom &#8222;<strong>Nervi #2<\/strong>&#8220; (<em>koja stimuli\u0161e rad nervnog sistema<\/em>) daje odli\u010dne rezultate kod obolelih od \u0161loga, <strong>multiple skleroze<\/strong>, <strong>mijastenije<\/strong>, <strong>parkinsonove bolesti<\/strong> i ostalih neuromi\u0161i\u0107nih oboljenja.<\/p>\n","protected":false},"featured_media":25528,"comment_status":"open","ping_status":"closed","template":"","meta":[],"product_brand":[],"product_cat":[3610],"product_tag":[3624,3618,3751,3719,3722,3648,3749,3718,3750,3752,3720,3721,3748,3691],"class_list":{"0":"post-14328","1":"product","2":"type-product","3":"status-publish","4":"has-post-thumbnail","6":"product_cat-biljne-tinkture-po-receptu-ricarda-sulca","7":"product_tag-biljne-tinkture","8":"product_tag-biljne-tinkture-ricarda-sulca","9":"product_tag-depresija","10":"product_tag-divlji-ruzmarin","11":"product_tag-kapica","12":"product_tag-lobelija","13":"product_tag-multiple-skleroza","14":"product_tag-nervi","15":"product_tag-nervoza","16":"product_tag-nesanica","17":"product_tag-plava-stanicarka","18":"product_tag-plava-verbena","19":"product_tag-slog","20":"product_tag-stres","21":"pa_cuvanje-na-sobnoj-temperaturi-na-tamnom-mestu","22":"pa_nacin-upotrebe-od-80-kapi-3-puta-dnevno-do-160-kapi-6-puta-dnevno-u-izuzetnim-situacijama-moze-da-se-konzumira-i-do-jedne-supene-kasike-na-svaki-sat-promuckati-pre-upotrebe","23":"pa_period-trajanja-ako-se-uzima-po-80-kapi-3-puta-dnevno-tinktura-moze-trajati-7-dana","24":"pa_period-upotrebe-za-najbolji-preventivni-efekat-tnkturu-uzimati-14-30-dana-kod-tezih-oboljenja-30-90-dana","25":"pa_proizvodnja-centar-za-prirodnu-medicinu","26":"pa_zapremina-50-ml","28":"first","29":"instock","30":"purchasable","31":"product-type-simple"},"_links":{"self":[{"href":"https:\/\/www.centarzaprirodnumedicinu.com\/test\/wp-json\/wp\/v2\/product\/14328","targetHints":{"allow":["GET"]}}],"collection":[{"href":"https:\/\/www.centarzaprirodnumedicinu.com\/test\/wp-json\/wp\/v2\/product"}],"about":[{"href":"https:\/\/www.centarzaprirodnumedicinu.com\/test\/wp-json\/wp\/v2\/types\/product"}],"replies":[{"embeddable":true,"href":"https:\/\/www.centarzaprirodnumedicinu.com\/test\/wp-json\/wp\/v2\/comments?post=14328"}],"version-history":[{"count":1,"href":"https:\/\/www.centarzaprirodnumedicinu.com\/test\/wp-json\/wp\/v2\/product\/14328\/revisions"}],"predecessor-version":[{"id":23267,"href":"https:\/\/www.centarzaprirodnumedicinu.com\/test\/wp-json\/wp\/v2\/product\/14328\/revisions\/23267"}],"wp:featuredmedia":[{"embeddable":true,"href":"https:\/\/www.centarzaprirodnumedicinu.com\/test\/wp-json\/wp\/v2\/media\/25528"}],"wp:attachment":[{"href":"https:\/\/www.centarzaprirodnumedicinu.com\/test\/wp-json\/wp\/v2\/media?parent=14328"}],"wp:term":[{"taxonomy":"product_brand","embeddable":true,"href":"https:\/\/www.centarzaprirodnumedicinu.com\/test\/wp-json\/wp\/v2\/product_brand?post=14328"},{"taxonomy":"product_cat","embeddable":true,"href":"https:\/\/www.centarzaprirodnumedicinu.com\/test\/wp-json\/wp\/v2\/product_cat?post=14328"},{"taxonomy":"product_tag","embeddable":true,"href":"https:\/\/www.centarzaprirodnumedicinu.com\/test\/wp-json\/wp\/v2\/product_tag?post=14328"}],"curies":[{"name":"wp","href":"https:\/\/api.w.org\/{rel}","templated":true}]}}