{"id":14327,"date":"2022-03-03T20:02:08","date_gmt":"2022-03-03T19:02:08","guid":{"rendered":"https:\/\/centarzaprirodnumedicinu.com\/product\/nervi-2\/"},"modified":"2025-06-08T09:41:08","modified_gmt":"2025-06-08T07:41:08","slug":"nervi-2","status":"publish","type":"product","link":"https:\/\/www.centarzaprirodnumedicinu.com\/test\/p\/biljne-tinkture\/biljne-tinkture-po-receptu-ricarda-sulca\/nervi-2\/","title":{"rendered":"NERVI #2"},"content":{"rendered":"<p><strong>SASTAV:<br \/>\n<\/strong><strong>\u2013\u00a0<\/strong><strong>Kapica<\/strong>\u00a0(<em>Scutellaria lateriflora<\/em>)<br \/>\n<strong>\u2013 Mle\u010dni ovas<\/strong> (<em>Avena sativa<\/em>)<br \/>\n<strong>\u2013 Cvet kantariona<\/strong> (<em>Hypericum perforatum<\/em>)<br \/>\n<strong>\u2013 Seme celera<\/strong> (<em>Apium graveolens<\/em>)<br \/>\n<strong>\u2013 Zrno kafe<\/strong> (<em>Coffea<\/em>)<br \/>\n<strong>\u2013 Cvet lavande<\/strong> (<em>Lavandula angustifolia<\/em>)<br \/>\n<strong>\u2013 Plod kole<\/strong> (<em>Cola acuminata<\/em>)<br \/>\n<strong>\u2013\u00a0<\/strong><strong>Lobelija list i seme<\/strong>\u00a0(<em>Lobelia inflata<\/em>)<\/p>\n<p><strong>KAKO OVA FORMULA DELUJE?<br \/>\n<\/strong><strong>Kapica<\/strong> je jedna od odli\u010dnih nervnih stimulatora. Ona je klju\u010dna biljka u stimulisanju i obnovi o\u0161te\u0107enih nerava iz razloga \u0161to pobolj\u0161ava komunikaciju izme\u0111u nervnih \u0107elija. <strong>Ovas<\/strong> je biljka koja je poznata po sposobnosti <strong>regeneracije<\/strong> celog organizma, on stimuli\u0161e nerve, ishranjuje jetru, poma\u017ee kod sni\u017eenja \u0161e\u0107era u krvi. Veoma je bogat vitaminima iz <strong>B grupe<\/strong> koji deluju na nervne i mo\u017edane funkcije, upravo iz tog razloga se koristi u ovoj formuli. <strong>Kantarion<\/strong> je biljka \u010dije delovanje je tako da se svrstava kao antidepresiv me\u0111u biljkama. U prirodnoj medicini se koristi za <strong>opu\u0161tanje tela<\/strong> i le\u010denje nesanice i nervne napetosti. Sadr\u017ei mnoga aktivna jedinjenja me\u0111u kojima i <strong>valerijansku kiselinu<\/strong>, holin i glikozide. <strong>Ruzmarin<\/strong> je biljka koja sadr\u017ei eteri\u010dna ulja, smolu i tanin koji pobolj\u0161avaju krvotok. \u0160ire\u0107i krvne sudove br\u017ee dovodi hranljive materije do mozga i reguli\u0161e krvni pritisak. <strong>Kafa<\/strong> sadr\u017ei <strong>kofein<\/strong>, koji ima zadatak da razbudi i stimuli\u0161e uspavane nerve \u0161to je od velike va\u017enosti kod neuromi\u0161i\u0107nih oboljenja. <strong>Lavanda<\/strong> je biljka koja ima odli\u010dna <strong>umiruju\u0107a svojstva<\/strong>, odli\u010dno deluje na psihu i stanja poput nesanice, depresije i anksioznosti.<\/p>\n","protected":false},"excerpt":{"rendered":"<h6>Biljna tinktura po receptu Ri\u010darda \u0160ulca za stimulaciju i ja\u010danje nerava<\/h6>\n<p>Biljna formula &#8222;<strong>Nervi #2<\/strong>&#8220; \u0107e ubrzati <strong>protok nervnih impulsa<\/strong> kroz va\u0161 nervni sistem, ona \u0107e ga <strong>probuditi<\/strong>, <strong>aktivirati<\/strong> i <strong>napuniti<\/strong> energijom. Ova formula stimuli\u0161e i obnavlja o\u0161te\u0107ene nerve, naro\u010dito je poma\u017ee u slu\u010dajevima <strong>multiple skleroze<\/strong>, <strong>epilepsije<\/strong>, <strong>parkinsonove bolesti<\/strong>, <strong>mi\u0161i\u0107ne distrofije<\/strong>, <strong>mijastenije<\/strong> i drugih neuromi\u0161i\u0107nih oboljenja. U koliko su va\u0161i nervi uspavani i neaktivni ovo je prava formula za vas. Poseban efekat daje ako se koristi zajedno sa formulom &#8222;<strong>Nervi #1<\/strong>&#8222;.<\/p>\n","protected":false},"featured_media":25529,"comment_status":"open","ping_status":"closed","template":"","meta":[],"product_brand":[],"product_cat":[3610],"product_tag":[3624,3618,3755,3747,3754,3722,3739,3648,3749,3718,3753],"class_list":{"0":"post-14327","1":"product","2":"type-product","3":"status-publish","4":"has-post-thumbnail","6":"product_cat-biljne-tinkture-po-receptu-ricarda-sulca","7":"product_tag-biljne-tinkture","8":"product_tag-biljne-tinkture-ricarda-sulca","9":"product_tag-celer","10":"product_tag-kafa","11":"product_tag-kantarion","12":"product_tag-kapica","13":"product_tag-kola","14":"product_tag-lobelija","15":"product_tag-multiple-skleroza","16":"product_tag-nervi","17":"product_tag-ovas","18":"pa_cuvanje-na-sobnoj-temperaturi-na-tamnom-mestu","19":"pa_nacin-upotrebe-od-80-kapi-3-puta-dnevno-do-160-kapi-6-puta-dnevno-promuckati-pre-upotrebe","20":"pa_period-trajanja-ako-se-uzima-po-80-kapi-3-puta-dnevno-tinktura-moze-trajati-7-dana","21":"pa_period-upotrebe-za-najbolji-preventivni-efekat-tnkturu-uzimati-14-30-dana-kod-tezih-oboljenja-30-90-dana","22":"pa_proizvodnja-centar-za-prirodnu-medicinu","23":"pa_zapremina-50-ml","25":"first","26":"instock","27":"purchasable","28":"product-type-simple"},"_links":{"self":[{"href":"https:\/\/www.centarzaprirodnumedicinu.com\/test\/wp-json\/wp\/v2\/product\/14327","targetHints":{"allow":["GET"]}}],"collection":[{"href":"https:\/\/www.centarzaprirodnumedicinu.com\/test\/wp-json\/wp\/v2\/product"}],"about":[{"href":"https:\/\/www.centarzaprirodnumedicinu.com\/test\/wp-json\/wp\/v2\/types\/product"}],"replies":[{"embeddable":true,"href":"https:\/\/www.centarzaprirodnumedicinu.com\/test\/wp-json\/wp\/v2\/comments?post=14327"}],"version-history":[{"count":1,"href":"https:\/\/www.centarzaprirodnumedicinu.com\/test\/wp-json\/wp\/v2\/product\/14327\/revisions"}],"predecessor-version":[{"id":23269,"href":"https:\/\/www.centarzaprirodnumedicinu.com\/test\/wp-json\/wp\/v2\/product\/14327\/revisions\/23269"}],"wp:featuredmedia":[{"embeddable":true,"href":"https:\/\/www.centarzaprirodnumedicinu.com\/test\/wp-json\/wp\/v2\/media\/25529"}],"wp:attachment":[{"href":"https:\/\/www.centarzaprirodnumedicinu.com\/test\/wp-json\/wp\/v2\/media?parent=14327"}],"wp:term":[{"taxonomy":"product_brand","embeddable":true,"href":"https:\/\/www.centarzaprirodnumedicinu.com\/test\/wp-json\/wp\/v2\/product_brand?post=14327"},{"taxonomy":"product_cat","embeddable":true,"href":"https:\/\/www.centarzaprirodnumedicinu.com\/test\/wp-json\/wp\/v2\/product_cat?post=14327"},{"taxonomy":"product_tag","embeddable":true,"href":"https:\/\/www.centarzaprirodnumedicinu.com\/test\/wp-json\/wp\/v2\/product_tag?post=14327"}],"curies":[{"name":"wp","href":"https:\/\/api.w.org\/{rel}","templated":true}]}}