{"id":14326,"date":"2022-03-03T20:02:08","date_gmt":"2022-03-03T19:02:08","guid":{"rendered":"https:\/\/centarzaprirodnumedicinu.com\/product\/mozak\/"},"modified":"2025-06-08T10:21:26","modified_gmt":"2025-06-08T08:21:26","slug":"mozak","status":"publish","type":"product","link":"https:\/\/www.centarzaprirodnumedicinu.com\/test\/p\/biljne-tinkture\/biljne-tinkture-po-receptu-ricarda-sulca\/mozak\/","title":{"rendered":"MOZAK"},"content":{"rendered":"<p><strong>SASTAV:<br \/>\n&#8211; Llist ginka<\/strong> <em>(Gingko biloba)<\/em><br \/>\n<strong>&#8211; Ruzmarin<\/strong> <em>(Rosmarinus officinalisor)<\/em><br \/>\n<strong>&#8211; Gotu kola<\/strong> <em>(Centella asiatica)<\/em><br \/>\n<strong>&#8211; Ljuta paprika<\/strong> <em>(Capsicum annuum)<\/em><br \/>\n<strong>&#8211; Koren i\u0111irota<\/strong> <em>(Acorus calamus)<br \/>\n<strong>&#8211; <\/strong><\/em><strong>Plod kole<\/strong><em> (Cola acuminata)<\/em><\/p>\n<p><strong>KAKO OVA FORMULA DELUJE?<br \/>\nGinko biloba<\/strong> povec\u0301ava dotok krvi i kiseonika u mozak. Klini\u010dki je dokazano da <strong>potpoma\u017ee zdravlje mozga<\/strong>. On \u010dak povec\u0301ava sposobnost <strong>pamc\u0301enja<\/strong>, poma\u017ee u slu\u010daju demencije, daje osec\u0301aj fizi\u010dkog i emocionalnog blagostanja, pobolj\u0161ava <strong>zdrav sluh<\/strong> i vid i jo\u0161 mnogo, mnogo toga. Ginko je sna\u017ena i efikasna pomoc\u0301 zdravoj <strong>cirkulaciji<\/strong>, pozitivnom <strong>mentalnom<\/strong> stavu i re\u0161ava mnoge probleme vezane za slabu cirkulaciju. Ginko je 100 puta efikasniji kada se pome\u0161a sa <strong>ljutom paprikom<\/strong>! Ljuta paprika <strong>povec\u0301ava protok krvi u glavu<\/strong> br\u017ee i efikasnije od bilo koje druge poznate biljke. To je razlog za\u0161to, kada je uzmete, va\u0161e lice pocrveni. Glavni uzrok \u017ealbi obolelih je naj\u010de\u0161\u0107e povezan sa slabom cirkulacijom u obolelom delu tela, blokiraju\u0107i ga da dobija sve \u0161to mu je potrebno (hrana, kiseonik, voda..) od ostalog dela tela. Kada je ovo podru\u010dje blokirano, odvojeno, zatvoreno, zdravstveni problemi se uvek sele u taj deo tela. <strong>Ljuta paprika razbija ovu blokadu<\/strong> i vra\u0107a \u017eivot celom telu. <strong>Ginko biloba<\/strong> se koristi vekovima unazad i daje dobre rezultate, ali ovi rezultati nisu ni pribli\u017eni onima koji se dobijaju kada se pome\u0161a sa ljutom paprikom i ostalim biljkama iz ove formule. Tek tada mo\u017eete da iskusite pravu lekovitu mo\u0107 Ginko bilobe i \u0161ta ovo \u010dudo od biljke mo\u017ee da uradi za va\u0161 mozak.<\/p>\n<p><strong>ZA\u0160TO TREBA DA IMATE OVU TINKTURU?<br \/>\n<\/strong>Mozak, kao i bilo koji drugi organ, treba da usvoji hranu, a zatim da elimini\u0161e otpad. Kada je mozak ne mo\u017ee da obavi ove osnovne funkcije, ta blokada dovodi do <strong>nagomilavanja otpada<\/strong>, <strong>toksina<\/strong>, <strong>mulja<\/strong>, <strong>sluzi<\/strong>, <strong>plaka<\/strong>, kako god \u017eelite da je zovete, i izaziva da va\u0161 mozak biva <strong>zapu\u0161en<\/strong>, \u0161to onda mo\u017ee da dovede do hiljadu bolesti, od <a href=\"https:\/\/www.stetoskop.info\/bolesti-nervnog-sistema-neurologija\/alchajmerova-bolest-najcesci-oblik-demencije\" target=\"_blank\" rel=\"noopener\"><strong>Alchajmerove bolesti<\/strong><\/a>, prerane demencije, senilnosti, o\u010dnog i slu\u0161nog poremec\u0301aja do paralize. <strong>Alchajmerova bolest c\u0301e pogoditi vi\u0161e od 14 miliona stanovnika SAD-a<\/strong> u narednoj deceniji.<\/p>\n","protected":false},"excerpt":{"rendered":"<h6>Biljna tinktura po receptu Ri\u010darda \u0160ulca za pobolj\u0161anje rada mo\u017edanih funkcija<\/h6>\n<p>Kad mislimo na na\u0161 mozak ne mislimo samo na skup sivih \u0107elija ispod na\u0161e glave, ne nego mislimo na sve ono \u0161to mi zapravo jesmo. Sve ono \u0161to smo mi je spakovano unutra &#8211; <strong>celi na\u0161 \u017eivot<\/strong> (<strong>na\u0161a se\u0107anja<\/strong>, <strong>na\u0161e navike<\/strong>, <strong>na\u0161a razmi\u0161ljanja<\/strong>, <strong>na\u0161a verovanja<\/strong>, <strong>na\u0161e emocije,<\/strong> itd). U zavisnosti od toga kakve su sve te stvari koje sa\u010dinjavaju na\u0161 \u017eivot onakav je na\u0161 mozak u celini. S toga ni\u0161ta vi\u0161e ne mo\u017ee povrediti rad na\u0161ih sivih \u0107elija i razboleti na\u0161 mozak od stresa i neurednog na\u010dina \u017eivota, iz tog razloga ni\u0161ta bolje ne uti\u010de na njega kao \u0161to uti\u010de dobro <strong>raspolo\u017eenje<\/strong>, <strong>pozitivnost<\/strong> i <strong>lekovito bilje<\/strong> u ovoj formuli.<\/p>\n","protected":false},"featured_media":25533,"comment_status":"open","ping_status":"closed","template":"","meta":[],"product_brand":[],"product_cat":[3610],"product_tag":[3732,3624,3618,3637,3733,3735,3737,3738,3739,3622,3731,3736,3734],"class_list":{"0":"post-14326","1":"product","2":"type-product","3":"status-publish","4":"has-post-thumbnail","6":"product_cat-biljne-tinkture-po-receptu-ricarda-sulca","7":"product_tag-alchajmerova-bolest","8":"product_tag-biljne-tinkture","9":"product_tag-biljne-tinkture-ricarda-sulca","10":"product_tag-cirkulacija","11":"product_tag-demencija","12":"product_tag-ginko","13":"product_tag-gotu-kola","14":"product_tag-idjirot","15":"product_tag-kola","16":"product_tag-ljuta-paprika","17":"product_tag-mozak","18":"product_tag-ruzmarin","19":"product_tag-zaboravnost","20":"pa_cuvanje-na-tamnom-i-hladnom-mestu","21":"pa_nacin-upotrebe-od-80-kapi-3-puta-dnevno-do-160-kapi-6-puta-dnevno-promuckati-pre-upotrebe","22":"pa_period-trajanja-ako-se-uzima-po-80-kapi-3-puta-dnevno-tinktura-moze-trajati-7-dana","23":"pa_period-upotrebe-za-najbolji-preventivni-efekat-tnkturu-uzimati-najmanje-30-dana-kod-tezih-oboljenja-i-do-90-dana","24":"pa_proizvodnja-centar-za-prirodnu-medicinu","25":"pa_zapremina-50-ml","27":"first","28":"instock","29":"purchasable","30":"product-type-simple"},"_links":{"self":[{"href":"https:\/\/www.centarzaprirodnumedicinu.com\/test\/wp-json\/wp\/v2\/product\/14326","targetHints":{"allow":["GET"]}}],"collection":[{"href":"https:\/\/www.centarzaprirodnumedicinu.com\/test\/wp-json\/wp\/v2\/product"}],"about":[{"href":"https:\/\/www.centarzaprirodnumedicinu.com\/test\/wp-json\/wp\/v2\/types\/product"}],"replies":[{"embeddable":true,"href":"https:\/\/www.centarzaprirodnumedicinu.com\/test\/wp-json\/wp\/v2\/comments?post=14326"}],"version-history":[{"count":1,"href":"https:\/\/www.centarzaprirodnumedicinu.com\/test\/wp-json\/wp\/v2\/product\/14326\/revisions"}],"predecessor-version":[{"id":23271,"href":"https:\/\/www.centarzaprirodnumedicinu.com\/test\/wp-json\/wp\/v2\/product\/14326\/revisions\/23271"}],"wp:featuredmedia":[{"embeddable":true,"href":"https:\/\/www.centarzaprirodnumedicinu.com\/test\/wp-json\/wp\/v2\/media\/25533"}],"wp:attachment":[{"href":"https:\/\/www.centarzaprirodnumedicinu.com\/test\/wp-json\/wp\/v2\/media?parent=14326"}],"wp:term":[{"taxonomy":"product_brand","embeddable":true,"href":"https:\/\/www.centarzaprirodnumedicinu.com\/test\/wp-json\/wp\/v2\/product_brand?post=14326"},{"taxonomy":"product_cat","embeddable":true,"href":"https:\/\/www.centarzaprirodnumedicinu.com\/test\/wp-json\/wp\/v2\/product_cat?post=14326"},{"taxonomy":"product_tag","embeddable":true,"href":"https:\/\/www.centarzaprirodnumedicinu.com\/test\/wp-json\/wp\/v2\/product_tag?post=14326"}],"curies":[{"name":"wp","href":"https:\/\/api.w.org\/{rel}","templated":true}]}}