{"id":14325,"date":"2022-03-03T20:02:08","date_gmt":"2022-03-03T19:02:08","guid":{"rendered":"https:\/\/centarzaprirodnumedicinu.com\/product\/oci\/"},"modified":"2025-06-03T09:32:43","modified_gmt":"2025-06-03T07:32:43","slug":"oci","status":"publish","type":"product","link":"https:\/\/www.centarzaprirodnumedicinu.com\/test\/p\/biljne-tinkture\/biljne-tinkture-po-receptu-ricarda-sulca\/oci\/","title":{"rendered":"O\u010cI"},"content":{"rendered":"<p><strong>SASTAV:<\/strong><br \/>\n<strong>&#8211;<\/strong> <strong>Vidac<\/strong> (<em>Euphrasia rostkoviana<\/em>)<br \/>\n&#8211; <strong>Cvet divizme<\/strong> (<em>Verbascum phlomoides<\/em>)<br \/>\n<strong>&#8211; List maline<\/strong> (<em>Rubus idaeus<\/em>)<br \/>\n<strong>&#8211; Seme komora\u010da<\/strong> (<em>Foeniculum vulgare<\/em>)<br \/>\n<strong>&#8211; Ljuta paprika<\/strong> (<em>Capsicum annuum<\/em>)<\/p>\n<p><strong>KAKO OVA FORMULA DELUJE?<br \/>\nVidac<\/strong> poma\u017ee u le\u010denju <strong>konjuktivitisa<\/strong>, <strong>bistri ro\u017enja\u010du<\/strong> i <strong>pobolj\u0161ava vid<\/strong>, <strong>reguli\u0161e o\u010dni pritisak<\/strong>, uklanja \u010dmi\u010dak. Zaustavlja i <strong>suzenje o\u010diju<\/strong> izazvano polenskom groznicom ili kijavicom, a tako\u0111e i uklanja simptome <strong>glaukoma<\/strong>.\u00a0<strong>Komora\u010d<\/strong> ima dugu primenu kroz istoriju kao sredstvo za <strong>umirivanje o\u010diju<\/strong>. <strong>Divizma<\/strong> je veoma umirujuc\u0301a za osetljive sluzoko\u017ee. <strong>List maline<\/strong> je blagi <strong>adstrigent<\/strong> (<em>sredstvo koje ste\u017ee<\/em>).\u00a0<strong>Ljuta paprika<\/strong> u ovoj formuli <strong>pro\u010di\u0161\u0107ava o\u010di<\/strong> tako brzo i mo\u0107no, da \u0107e jedno ispiranje o\u010diju pro\u010distiti va\u0161e o\u010di bolje nego da ispirate o\u010di tokom nekoliko meseci uz pomo\u0107 bilo kakvog drugog bilja za ispiranje.\u00a0Sve ove biljke koje rade zajedno garantuju vam \u010distije, jasnije i zdravije o\u010di.<\/p>\n<p><strong>ZA\u0160TO TREBA DA IMATE OVU TINKTURU?<br \/>\n<\/strong>Formula &#8222;<strong>O\u010di<\/strong>&#8220; se zasniva na klasi\u010dnim biljkama za ispiranje o\u010diju koje se koriste bukvalno vekovima u tu svrhu. Ona je izuzetno korisna za \u010di\u0161c\u0301enje oko osetljivih oblasti kao o\u010diju, unutar sinusnih \u0161upljina i osetljivih sluzoko\u017enih zona. Poma\u017ee kod <strong>katarakte<\/strong>, <strong>glaukoma<\/strong>, <strong>zamagljenog vida<\/strong> i dugih oboljenja oka. Da bi se postigli zadovoljavaju\u0107i rezultati savetuje sa promena re\u017eima ishrane, \u0161to vi\u0161e u <strong>korist sirove biljne hrane<\/strong>, pove\u0107an unos <strong>\u010diste vode<\/strong>, fizi\u010dka aktivnost (kao i tinkture &#8222;<strong>Mozak<\/strong>&#8220; i &#8222;<strong>Nervi #1<\/strong>&#8220; u pojedinim slu\u010dajevima) i ostale navike dobrog na\u010dina \u017eivota.<\/p>\n<p><strong>NA\u010cIN UPOTREBE<br \/>\n<\/strong>Krenuti sa dozom od <strong>2 kapi<\/strong> te\u010dnog ekstrakta koji se ukapa u \u010da\u0161icu zapremine <strong>0,3 dl<\/strong>, zatim se dolije <strong>mlaka destilovana voda<\/strong> (mo\u017ee i izvorska), da rastvor zauzima pola \u010da\u0161ice. Rastvor dobro prome\u0161ati. Potom sagnite glavu prema dole i prislonite \u010da\u0161icu sa rastvorom \u010dvrsto na o\u010dnu duplju. <strong>Oko neka bude otvoreno<\/strong>, a glava zajedno sa \u010da\u0161icom prislonjenom na o\u010dnu dupljiu se zabaci unazad, tako da otvoreno oko \u201epliva\u201c u rastvoru. Da bi rastvor \u0161to bolje dopro u sve delove oka izvode se kru\u017eni pokreti okom 10 sekundi ili vi\u0161e. <strong>Ispiranje vr\u0161iti 3-6 puta dnevno<\/strong> u zavisnosti od intenziteta akutne odnosno hroni\u010dne faze oboljenja.<\/p>\n<p>Kada se oko privikne na ja\u010dinu ove doze, odmah pove\u0107ajte broj kapi na 3,4,5 ,10 i vi\u0161e&#8230; Ukoliko vam rastvor curi na obodima \u010da\u0161ice kada zabacite glavu, pre postavljanja \u010da\u0161ice na o\u010dnu duplju, vrh \u010da\u0161e umotajte u salvetu i na taj na\u010din vi\u0161ak rastvora \u0107e se zadr\u017eati na njoj. U koliko smatrate da je ovaj vid ispiranja nezgodan za vas, mo\u017eete da koristiti kapaljku i da iz \u010da\u0161ice uzimate rastvor i ukapavate u oko. Ovakav vid ispiranja je tako\u0111e efikasan, ali bi trebao da se radi barem 10-ak minuta, da bi dovoljna koli\u010dina rastvora doprla u sve delove oka.<\/p>\n","protected":false},"excerpt":{"rendered":"<h6>Biljna tinktura po receptu Ri\u010darda \u0160ulca za pobolj\u0161anje vida<\/h6>\n<p>Zamagljen i <strong>zami\u0107en<\/strong> vid, <strong>glavobolje<\/strong>, problem sa <strong>fokusiranjem<\/strong>, lo\u0161 vid na daljinu i razne o\u010dne bolesti sve vi\u0161e su prisutne me\u0111u nama. Najve\u0107i uzrok lo\u0161eg vida jetse zatvoreni prostor, gledanje predmeta iz blizine. Sve vi\u0161e vremena provodimo u zatvorenom prostoru uz TV i telefon i na taj na\u010din na\u0161 o\u010dni mi\u0161i\u0107 sve vi\u0161e <strong>slabi<\/strong>, tako da nije u stanju da dobro fokusira sliku, tada se javlja i gubitak vida kao i niz drugih poreme\u0107aja. Usled zatvorenog, <strong>neprirodnog prostora<\/strong> koje negativno uti\u010de zdravlje na\u0161ih o\u010diju lo\u0161a hrana i lo\u0161 na\u010din \u017eivota su propratni elementi. Ova tinktura \u0107e vam pomo\u0107i da ubla\u017eite ili otklonite simptome lo\u0161eg vida a da bi se otklonio i njihov uzrok i spre\u010dio ponovni nastanak problema <strong>potrebno je malo i va\u0161eg truda<\/strong>.<\/p>\n","protected":false},"featured_media":25480,"comment_status":"open","ping_status":"closed","template":"","meta":[],"product_brand":[],"product_cat":[3610],"product_tag":[3624,3618,3704,3701,3702,3697,3700,3622,3705,3698,3699,3703],"class_list":{"0":"post-14325","1":"product","2":"type-product","3":"status-publish","4":"has-post-thumbnail","6":"product_cat-biljne-tinkture-po-receptu-ricarda-sulca","7":"product_tag-biljne-tinkture","8":"product_tag-biljne-tinkture-ricarda-sulca","9":"product_tag-divizma","10":"product_tag-glaukom","11":"product_tag-katarakta","12":"product_tag-komorac","13":"product_tag-konjuktivitis","14":"product_tag-ljuta-paprika","15":"product_tag-malina","16":"product_tag-oci","17":"product_tag-vid","18":"product_tag-vidac","19":"pa_cuvanje-na-sobnoj-temperaturi-na-tamnom-mestu","20":"pa_period-trajanja-u-zavisnoti-od-koriscenja-tinktura-moze-potrajati-i-do-30-dana","21":"pa_period-upotrebe-za-najbolji-preventivni-efekat-tnkturu-uzimati-14-30-dana-kod-tezih-oboljenja-30-90-dana","22":"pa_proizvodnja-centar-za-prirodnu-medicinu","23":"pa_zapremina-50-ml","25":"first","26":"instock","27":"purchasable","28":"product-type-simple"},"_links":{"self":[{"href":"https:\/\/www.centarzaprirodnumedicinu.com\/test\/wp-json\/wp\/v2\/product\/14325","targetHints":{"allow":["GET"]}}],"collection":[{"href":"https:\/\/www.centarzaprirodnumedicinu.com\/test\/wp-json\/wp\/v2\/product"}],"about":[{"href":"https:\/\/www.centarzaprirodnumedicinu.com\/test\/wp-json\/wp\/v2\/types\/product"}],"replies":[{"embeddable":true,"href":"https:\/\/www.centarzaprirodnumedicinu.com\/test\/wp-json\/wp\/v2\/comments?post=14325"}],"version-history":[{"count":1,"href":"https:\/\/www.centarzaprirodnumedicinu.com\/test\/wp-json\/wp\/v2\/product\/14325\/revisions"}],"predecessor-version":[{"id":23273,"href":"https:\/\/www.centarzaprirodnumedicinu.com\/test\/wp-json\/wp\/v2\/product\/14325\/revisions\/23273"}],"wp:featuredmedia":[{"embeddable":true,"href":"https:\/\/www.centarzaprirodnumedicinu.com\/test\/wp-json\/wp\/v2\/media\/25480"}],"wp:attachment":[{"href":"https:\/\/www.centarzaprirodnumedicinu.com\/test\/wp-json\/wp\/v2\/media?parent=14325"}],"wp:term":[{"taxonomy":"product_brand","embeddable":true,"href":"https:\/\/www.centarzaprirodnumedicinu.com\/test\/wp-json\/wp\/v2\/product_brand?post=14325"},{"taxonomy":"product_cat","embeddable":true,"href":"https:\/\/www.centarzaprirodnumedicinu.com\/test\/wp-json\/wp\/v2\/product_cat?post=14325"},{"taxonomy":"product_tag","embeddable":true,"href":"https:\/\/www.centarzaprirodnumedicinu.com\/test\/wp-json\/wp\/v2\/product_tag?post=14325"}],"curies":[{"name":"wp","href":"https:\/\/api.w.org\/{rel}","templated":true}]}}