{"id":14323,"date":"2022-03-03T20:02:08","date_gmt":"2022-03-03T19:02:08","guid":{"rendered":"https:\/\/centarzaprirodnumedicinu.com\/product\/usta\/"},"modified":"2025-06-03T09:32:00","modified_gmt":"2025-06-03T07:32:00","slug":"usta","status":"publish","type":"product","link":"https:\/\/www.centarzaprirodnumedicinu.com\/test\/p\/biljne-tinkture\/biljne-tinkture-po-receptu-ricarda-sulca\/usta\/","title":{"rendered":"USTA"},"content":{"rendered":"<p><strong>SASTAV:<br \/>\n<\/strong><strong>&#8211; Koren Ehinacee <\/strong>(<em>Echinacea purpurea<\/em>)<strong><br \/>\n&#8211; List nane<\/strong> (<em>Mentha<\/em>)<strong><br \/>\n&#8211; Eteri\u010dno ulje nane <\/strong>(<em>Mentha<\/em>)<strong><br \/>\n&#8211; Eteri\u010dno ulje \u010dajnog drveta<\/strong> (<em>Melaleuca alternifolia<\/em>)<strong><br \/>\n&#8211; Kora cimeta<\/strong> (<em>Cinnamomum verum<\/em>)<strong><br \/>\n&#8211; Maj\u010dina du\u0161ica<\/strong> (<em>Thymus serpyllum<\/em>)<strong><br \/>\n&#8211; Karanfili\u0107<\/strong> (<em>Syzygium aromaticum<\/em>)<strong><br \/>\n&#8211; Koren sladi\u0107a<\/strong> (<em>Glycyrrhiza glabra<\/em>)<strong><br \/>\n&#8211; Sve\u017ei beli luk<\/strong> (A<em>llium sativum<\/em>)<strong><br \/>\n&#8211; Mirika<\/strong> (<em>Myrica cerifera<\/em>)<strong><br \/>\n&#8211; Ljuta paprika<\/strong> (<em>Capsicum annuum<\/em>)<strong><br \/>\n<\/strong><\/p>\n<p><strong>KAKO OVA FORMULA RADI<\/strong><br \/>\n<strong>Va\u0161i zubi:<\/strong>\u00a0Ispiranjem zuba biljnom formulom &#8222;Usta&#8220; (pogotovo posle obroka) ne samo da uklanjate zaglavljene \u010destice hrane, nego i otklanjate stariju trulu hranu, ubijate klice i bakterije, uni\u0161tavate infekciju i uklanjate \u0161tetne <strong>kiseline<\/strong> i <strong>gnoj<\/strong>.<br \/>\n<strong>Va\u0161e desni:<\/strong> Biljna formula &#8222;<strong>Usta<\/strong>&#8220; sadr\u017ei biljke koje su opore i koje c\u0301e zapravo<strong> zategniti desni<\/strong>, \u0161to \u0107e ih u\u010diniti zdravijim i ja\u010dim, i boljim u za\u0161titi va\u0161ih zuba.<br \/>\n<strong>Va\u0161 jezik:<\/strong> Kada ispirate va\u0161a usta sa biljnom formulom &#8222;Usta&#8220;, ona prodire u pukotine va\u0161eg jezika i ubija milione bakterija koje uzrokuju<strong> lo\u0161 zadah<\/strong>.<br \/>\n<strong>Va\u0161i krajnici:<\/strong> Biljna formula &#8222;<strong>Usta<\/strong>&#8220; je moc\u0301no sredstvo za <strong>dezinfekciju<\/strong> cele usne duplje, uklju\u010dujuc\u0301i i dezinfekciju <strong>krajnika<\/strong>. Svakodnevno ispiranje sa ovom formulom c\u0301e uni\u0161titi \u0161tetne <strong>bakterije<\/strong>, <strong>gljivice<\/strong> i viruse.<\/p>\n<p><strong>ZA\u0160TO TREBA DA IMATE OVU TINKTURU?<br \/>\n<\/strong>Odr\u017eavaju\u0107i va\u0161a usta <strong>\u010distim<\/strong> i <strong>zdravim<\/strong> tako\u0111e odr\u017eavate i zdravlje celokupnog organizma! To nije povezano sa odr\u017eavanjem dobrog izgleda va\u0161ih <strong>zuba<\/strong>. Vi\u0161ak <strong>bakterija<\/strong> i plaka u ustima su povezani sa povec\u0301anim rizikom od<strong> sr\u010danih i mo\u017edanih udara<\/strong>, kao i pluc\u0301nih <strong>infekcija<\/strong> i <strong>upala<\/strong> pluc\u0301a. Koristite biljnu formulu &#8222;<strong>Usta<\/strong>&#8220; 30 dana za redom, i primetic\u0301ete veliki napredak i razliku u zdravlju va\u0161ih desni!<\/p>\n","protected":false},"excerpt":{"rendered":"<h6><strong>Biljna tinktura po receptu Ri\u010darda \u0160ulca za dezinfekciju usta i ja\u010danje desni<\/strong><\/h6>\n<p>Za najbolje rezultate koristite biljnu formulu &#8222;<strong>Usta<\/strong>&#8220; posle pranja zuba, \u010di\u0161\u0107enja koncem i kori\u0161\u0107enja struga\u010da jezika. Promu\u0107kajte sadr\u017eaj bo\u010dice pre upotrebe. Potom ukapajte ili jednostavno sipajte (ukoliko uklonite kapalicu) biljnu formulu u omanju \u0161olju ili \u010da\u0161u. Dodajte supenu ka\u0161iku u \u0161olju (oko 7-8ml). Nagnite \u0161olju sa formulom u usta, potom cedite i usisavajte te\u010dnost energi\u010dno izme\u0111u va\u0161ih zuba (sa obe strane), nakon toga <strong>grgoljite<\/strong>, a nakon toga ispljunite formulu. Ne gutajte. (<em>Ovo je \u010dist biljni proizvod koji vam ne\u0107e na\u0161koditi ukoliko ga i progutate, za razliku od drugih te\u010dnosti za ispiranje usta, ali kada se proguta ova doza mo\u017ee da prouzrokuje blago uznemiravanje \u017eeluca, pa je preporu\u010dljivo da se ispljune<\/em>).<\/p>\n","protected":false},"featured_media":25479,"comment_status":"open","ping_status":"closed","template":"","meta":[],"product_brand":[],"product_cat":[3610],"product_tag":[3634,3624,3618,3650,3651,3656,3658,3620,3653,3622,3652,3655,3649,3654,3657],"class_list":{"0":"post-14323","1":"product","2":"type-product","3":"status-publish","4":"has-post-thumbnail","6":"product_cat-biljne-tinkture-po-receptu-ricarda-sulca","7":"product_tag-beli-luk","8":"product_tag-biljne-tinkture","9":"product_tag-biljne-tinkture-ricarda-sulca","10":"product_tag-cajno-drvo","11":"product_tag-cimet","12":"product_tag-desni","13":"product_tag-dezinfekcija","14":"product_tag-ehinacea","15":"product_tag-karanfilic","16":"product_tag-ljuta-paprika","17":"product_tag-majcina-dusica","18":"product_tag-mirika","19":"product_tag-nana","20":"product_tag-sladic","21":"product_tag-zubi","22":"pa_cuvanje-na-tamnom-i-hladnom-mestu","23":"pa_nacin-upotrebe-jednu-kasiku-tinkture-za-usta-sipati-u-omanju-solju-ili-casu-nagnite-solju-sa-formulom-u-usta-potom-cedite-i-usisavajte-tecnost-energicno-izmedju-vasih-zuba-sa-obe-strane","24":"pa_period-trajanja-ako-se-uzima-po-jedna-supena-kasika-jednom-na-dan-tinktura-moze-trajati-7-dana","25":"pa_period-upotrebe-za-najbolji-preventivni-efekat-tnkturu-uzimati-7-14-dana-kod-tezih-oboljenja-30-90-dana","26":"pa_proizvodnja-centar-za-prirodnu-medicinu","27":"pa_zapremina-50-ml","29":"first","30":"instock","31":"purchasable","32":"product-type-simple"},"_links":{"self":[{"href":"https:\/\/www.centarzaprirodnumedicinu.com\/test\/wp-json\/wp\/v2\/product\/14323","targetHints":{"allow":["GET"]}}],"collection":[{"href":"https:\/\/www.centarzaprirodnumedicinu.com\/test\/wp-json\/wp\/v2\/product"}],"about":[{"href":"https:\/\/www.centarzaprirodnumedicinu.com\/test\/wp-json\/wp\/v2\/types\/product"}],"replies":[{"embeddable":true,"href":"https:\/\/www.centarzaprirodnumedicinu.com\/test\/wp-json\/wp\/v2\/comments?post=14323"}],"version-history":[{"count":1,"href":"https:\/\/www.centarzaprirodnumedicinu.com\/test\/wp-json\/wp\/v2\/product\/14323\/revisions"}],"predecessor-version":[{"id":23275,"href":"https:\/\/www.centarzaprirodnumedicinu.com\/test\/wp-json\/wp\/v2\/product\/14323\/revisions\/23275"}],"wp:featuredmedia":[{"embeddable":true,"href":"https:\/\/www.centarzaprirodnumedicinu.com\/test\/wp-json\/wp\/v2\/media\/25479"}],"wp:attachment":[{"href":"https:\/\/www.centarzaprirodnumedicinu.com\/test\/wp-json\/wp\/v2\/media?parent=14323"}],"wp:term":[{"taxonomy":"product_brand","embeddable":true,"href":"https:\/\/www.centarzaprirodnumedicinu.com\/test\/wp-json\/wp\/v2\/product_brand?post=14323"},{"taxonomy":"product_cat","embeddable":true,"href":"https:\/\/www.centarzaprirodnumedicinu.com\/test\/wp-json\/wp\/v2\/product_cat?post=14323"},{"taxonomy":"product_tag","embeddable":true,"href":"https:\/\/www.centarzaprirodnumedicinu.com\/test\/wp-json\/wp\/v2\/product_tag?post=14323"}],"curies":[{"name":"wp","href":"https:\/\/api.w.org\/{rel}","templated":true}]}}