{"id":14321,"date":"2022-03-03T20:01:58","date_gmt":"2022-03-03T19:01:58","guid":{"rendered":"https:\/\/centarzaprirodnumedicinu.com\/product\/zenska-formula\/"},"modified":"2025-06-08T09:12:52","modified_gmt":"2025-06-08T07:12:52","slug":"zenska-formula","status":"publish","type":"product","link":"https:\/\/www.centarzaprirodnumedicinu.com\/test\/p\/biljne-tinkture\/biljne-tinkture-po-receptu-ricarda-sulca\/zenska-formula\/","title":{"rendered":"\u017dENSKA FORMULA"},"content":{"rendered":"<p><strong>SASTAV:<br \/>\n<\/strong><strong>\u2013 Koren kineske an\u0111elike \u00a0<\/strong>(<em>Angelica sinensis<\/em>)<br \/>\n<strong>\u2013 Bobice konopljike<\/strong> (<em>Vitex agnus-castus<\/em>)<br \/>\n<strong>\u2013 Koren divljeg jama<\/strong> (<em>Dioscorea villosa<\/em>)<br \/>\n<strong>\u2013 List damijane<\/strong> (<em>Turnera diffusa<\/em>)<br \/>\n<strong>\u2013 Koren sladi\u0107a<\/strong> (<em>Glycyrrhiza glabra<\/em>)<br \/>\n<strong>\u2013 Hmelj<\/strong> (<em>Humulus lupulus<\/em>)<\/p>\n<p><strong>KAKO OVA FORMULA DELUJE?<br \/>\n\u017denska formula<\/strong> je sa\u010dinjena od kombinacije biljka koje deluju vi\u0161estruko, obuhvataju\u0107i tako \u0161irok spektar <strong>\u017eenskih polnih problema<\/strong>. Od <strong>neujedna\u010denog mese\u010dnog ciklusa<\/strong>, <strong>bolnih menstruacija<\/strong>, prevremene <strong>menopauze<\/strong> do problema sa <strong>za\u010de\u0107em<\/strong>. <strong>Divlji jam<\/strong> je ju\u017enoameri\u010dka biljka, u prirodnom le\u010denju je veoma cenjena zbog svoje sposobnosti ujedna\u010davanja i<strong> balansiranja hormona<\/strong>. \u010cak se koristio i u farmaceutskoj industriji za proizvodnju progesterona. <strong>Konopljika<\/strong> se u prirodnom le\u010denju koristi za tretiranje svih \u017eenskih problema, <strong>od PMS-a do menopauze<\/strong>. Konopljika poma\u017ee organizmu da uspostavi ravnote\u017eu izme\u0111u <strong>estrogena<\/strong> i <strong>progesterona<\/strong> time \u0161to stimuli\u0161e proizvodnju <strong>progesterona<\/strong>. Ako se uzima kontinuirano tokom nekoliko meseci, zna\u010dajno smanjenjuje simptoma PMS-a. Konopljika deluje na hipotalamus i <strong>hipofizu<\/strong>, male \u017elezde u mozgu koje kao dirigenti reguli\u0161u sve ostale hormone u organizmu. Indirektno uti\u010de na pove\u0107anje <strong>stvaranja progesterona<\/strong> i na taj na\u010din vr\u0161i normalizaciju nivoa <strong>prolaktina<\/strong>. <strong>Kineska an\u0111elika<\/strong> je biljka koja va\u017ei za najprodavaniju biljaku na svetu. Vrlo je efektivna kod hipogalakcije (<em>smanjeno lu\u010denje mleka kod dojilja<\/em>), poma\u017ee kod raznih vidova menstrualnih problema i bolova. \u0410n\u0111elika je jedna od najstarijih lekovitih biljaka u prirodnoj medicini koja do dan danas nije izgubila na vrednosti.<\/p>\n<p><strong>ZA\u0160TO TREBA DA IMATE OVU TINKTURU?<br \/>\n<\/strong>Od ujedna\u010denog i redovnog mese\u010dnog ciklusa zavisi\u0107e mnogo toga u va\u0161em fizi\u010dkom ali i <strong>emocionalnom<\/strong> zdravlju. Da bi \u017eena bila zdrava i raspolo\u017eena potrebno je da ima <strong>uravnote\u017eeni rad polnih hormona<\/strong>. Ova tinktura \u0107e vam pomo\u0107i u tome. Ako nemate redovne menstruacije, ili \u017eelite da pobolj\u0161ate <strong>plodnost<\/strong> na prirodan na\u010din ili pak ose\u0107ate da hormoni kao da &#8222;divljaju&#8220;\u00a0 va\u0161im telom pa ste preosetljivi onda je ova formula pravi blagoslov za vas!<\/p>\n","protected":false},"excerpt":{"rendered":"<h6>Biljna formula po receptu Ri\u010darda \u0160ulca za pobolj\u0161anje rada \u017eenskih polnih organa<\/h6>\n<p>&#8222;<strong>\u017denska Formula<\/strong>&#8220; je \u017eenski balansiraju\u0107i biljni tonik koji sadr\u017ei opu\u0161taju\u0107e i dijureti\u010dko bilje. u toku predmenstrualnog sindroma ali i <strong>menopauze<\/strong>, osetljivost \u017eena postaje povec\u0301ana &#8211; ponekad do ta\u010dke eksplozivnosti i normalno tada svakodnevni \u017eivotni poslovi postaju dodatno optere\u0107enje. Formula sadr\u017ei opu\u0161taju\u0107e i antispazmati\u010dne biljke koje dodaju ovoj formuli osloba\u0111aju\u0107i efekat od preosetljivosti ali tako\u0111e i biljke koje pove\u0107avaju <strong>plodnost \u017eena<\/strong> i pove\u0107avaju \u0161ansku za <strong>prirodno za\u010de\u0107e<\/strong> tako \u0161to <strong>hormone dovode u ravnote\u017eu<\/strong>. Za najbolje rezultate, koristite jednu bocu &#8222;\u017denske rormule&#8220; svakog meseca, najmanje tokom tri meseca za redom.<\/p>\n","protected":false},"featured_media":25526,"comment_status":"open","ping_status":"closed","template":"","meta":[],"product_brand":[],"product_cat":[3610],"product_tag":[3624,3618,3714,3711,3710,3715,3628,3713,3712,3707,3706,3709,3654,3708],"class_list":{"0":"post-14321","1":"product","2":"type-product","3":"status-publish","4":"has-post-thumbnail","6":"product_cat-biljne-tinkture-po-receptu-ricarda-sulca","7":"product_tag-biljne-tinkture","8":"product_tag-biljne-tinkture-ricarda-sulca","9":"product_tag-damiana","10":"product_tag-divlji-jam","11":"product_tag-estrogen","12":"product_tag-hmelj","13":"product_tag-hormoni","14":"product_tag-kineska-andjelika","15":"product_tag-konopljika","16":"product_tag-menopauza","17":"product_tag-mesecni-ciklus","18":"product_tag-progesteron","19":"product_tag-sladic","20":"product_tag-zacece","21":"pa_cuvanje-na-sobnoj-temperaturi-na-tamnom-mestu","22":"pa_nacin-upotrebe-od-80-kapi-3-puta-dnevno-do-160-kapi-6-puta-dnevno-promuckati-pre-upotrebe","23":"pa_period-trajanja-ako-se-uzima-po-80-kapi-3-puta-dnevno-tinktura-moze-trajati-7-dana","24":"pa_period-upotrebe-za-najbolji-preventivni-efekat-tnkturu-uzimati-najmanje-30-dana-kod-tezih-oboljenja-i-do-90-dana","25":"pa_proizvodnja-centar-za-prirodnu-medicinu","26":"pa_zapremina-50-ml","28":"first","29":"instock","30":"purchasable","31":"product-type-simple"},"_links":{"self":[{"href":"https:\/\/www.centarzaprirodnumedicinu.com\/test\/wp-json\/wp\/v2\/product\/14321","targetHints":{"allow":["GET"]}}],"collection":[{"href":"https:\/\/www.centarzaprirodnumedicinu.com\/test\/wp-json\/wp\/v2\/product"}],"about":[{"href":"https:\/\/www.centarzaprirodnumedicinu.com\/test\/wp-json\/wp\/v2\/types\/product"}],"replies":[{"embeddable":true,"href":"https:\/\/www.centarzaprirodnumedicinu.com\/test\/wp-json\/wp\/v2\/comments?post=14321"}],"version-history":[{"count":2,"href":"https:\/\/www.centarzaprirodnumedicinu.com\/test\/wp-json\/wp\/v2\/product\/14321\/revisions"}],"predecessor-version":[{"id":23258,"href":"https:\/\/www.centarzaprirodnumedicinu.com\/test\/wp-json\/wp\/v2\/product\/14321\/revisions\/23258"}],"wp:featuredmedia":[{"embeddable":true,"href":"https:\/\/www.centarzaprirodnumedicinu.com\/test\/wp-json\/wp\/v2\/media\/25526"}],"wp:attachment":[{"href":"https:\/\/www.centarzaprirodnumedicinu.com\/test\/wp-json\/wp\/v2\/media?parent=14321"}],"wp:term":[{"taxonomy":"product_brand","embeddable":true,"href":"https:\/\/www.centarzaprirodnumedicinu.com\/test\/wp-json\/wp\/v2\/product_brand?post=14321"},{"taxonomy":"product_cat","embeddable":true,"href":"https:\/\/www.centarzaprirodnumedicinu.com\/test\/wp-json\/wp\/v2\/product_cat?post=14321"},{"taxonomy":"product_tag","embeddable":true,"href":"https:\/\/www.centarzaprirodnumedicinu.com\/test\/wp-json\/wp\/v2\/product_tag?post=14321"}],"curies":[{"name":"wp","href":"https:\/\/api.w.org\/{rel}","templated":true}]}}