{"id":14316,"date":"2022-03-03T20:01:58","date_gmt":"2022-03-03T19:01:58","guid":{"rendered":"https:\/\/centarzaprirodnumedicinu.com\/product\/creva-2\/"},"modified":"2026-02-04T00:32:40","modified_gmt":"2026-02-03T23:32:40","slug":"creva-2","status":"publish","type":"product","link":"https:\/\/www.centarzaprirodnumedicinu.com\/test\/p\/biljne-formule\/creva-2\/","title":{"rendered":"CREVA #2 &#8211; prah"},"content":{"rendered":"<p><strong>SASTAV:<\/strong><br \/>\n<strong>&#8211; Psilijum<\/strong> \u2013 seme i ljuspice indijske bokvice <em>(Plantago psyllium)<\/em><br \/>\n<strong>&#8211; Pektin iz jabuke<\/strong><br \/>\n<strong>&#8211; Seme lana<\/strong> <em>(Linum usitatissimum)<\/em><br \/>\n<strong>&#8211; Bentonit glina<\/strong><br \/>\n<strong>&#8211; Aktivni ugalj<\/strong><br \/>\n<strong>&#8211; Beli slez<\/strong> <em>(Althaea officinalis)<\/em><br \/>\n<strong>&#8211; Seme komora\u010da<\/strong> <em>(Foeniculum vulgare)<br \/>\n<\/em><strong>&#8211; Nana<\/strong><em><strong>\u00a0<\/strong>(Mentha x piperita)<\/em><\/p>\n<p><strong>KAKO OVA FORMULA DELUJE?<\/strong><br \/>\nFormula Creva#2 sadr\u017ei tri najmoc\u0301nija i najefikasnija poznata apsorbera i neutralizatora: glinu, drveni ugalj i pektin.\u00a0Bentonit glina\u00a0c\u0301e apsorbovati i do 40 puta ve\u0107u te\u017einu crevnih fekalnih materija i otpada, od sopstvene te\u017eine. Ona tako\u0111e gu\u0161i i izvla\u010di sve vrste crevnih parazita.\u00a0Aktivirani ugalj\u00a0je najja\u010de sredstvo za upijanje svih poznatih toksina i otrova. On c\u0301e apsorbovati i u\u010diniti bezopasnim <strong>vi\u0161e od 3.000 poznatih ostataka lekova, pesticida, insekticida i skoro sve poznate \u0161tetne hemikalije<\/strong>. To je razlog za\u0161to je aktivni ugalj sastojak u skoro svakom filteru za vodu dana\u0161njice.\u00a0Pektin iz jabuke\u00a0izvla\u010di brojne \u0161tetne materije iz va\u0161ih creva, a posebno te\u0161ke metale kao \u0161to su \u017eiva i olovo, i kancerogene radioaktivne materijale.<\/p>\n<p>Dodatak\u00a0belog sleza, semena psilijuma i lana, \u010dini formulu lepljivom. Lepljiva u ovom slu\u010daju zna\u010di da sva voda i biljke mogu da stoje u crevima, natapaju unutra\u0161nje zidove debelog creva, omek\u0161avaju i razbijaju stari, osu\u0161eni i o\u010dvrsnuli fekalni otpad koji je mo\u017eda bio u vama godinama.<\/p>\n<p><strong>ZA\u0160TO TREBA DA IMATE OVU FORMULU?<\/strong><br \/>\nPod pretpostavkom da vec\u0301 koristite Formulu Creva #1, i imate normalna pra\u017enjenja creva, sada je vreme da &#8222;otkinete&#8220; i izbacite gomilu starih, toksi\u010dnih ostataka koje ste sakupljali i \u010duvali godinama. Formula Creva \u00a0#2 je sna\u017ean pre\u010dista\u010d i crevni vakum koji c\u0301e izvuc\u0301i stare skorele fekalne materije i sluz sa zidova va\u0161eg debelog creva i iz svake divertikule. Ova formula je tako\u0111e prekrasno, umirujuc\u0301e sredstvo za sluznice celog crevnog trakta, a posebno za sluznice u debelom crevu. Ovo je va\u017ena formula za svakoga ko ima <strong>iritabilna creva, gr\u010deve debelog creva, kolitis, kronovu bolest, divertikulitis, dijareju ili bilo koju bolest koja uzrokuje \u017earenje, pe\u010denje, iritirana creva ili krvarenje iz creva<\/strong>. Ovo je odli\u010dan lek za trovanje hranom, jer c\u0301e apsorbovati \u0161tetne bakterije i otrove.<\/p>\n<p>Mnogi na\u0161i korisnici su \u0161okirani koli\u010dinom otpada koji su uklonili koristec\u0301i ovu formulu. Vec\u0301ina ljudi ne shvataja koliko dodatnog fekalnog otpada oni nose u sebi. <strong>Formula Creva #2 c\u0301e ubiti i ukloniti parazite<\/strong>. Jedan korisnik je eliminisao pantlji\u010daru du\u017eine nekoliko metara, a ve\u0107i broj korisnika je eliminisao sve vrste crevnih parazita.\u00a0Formula Creva #1 i formula Creva #2 \u010dine\u00a0<strong>7-ODNEVNI PROGRAM \u010cI\u0160\u0106ENJA CREVA<\/strong>, i mi predla\u017eemo da svako najmanje dva puta godi\u0161nje (ili vi\u0161e puta &#8211; ako postoji istorija bilo kakvog zatvora ili neke druge crevne bolesti) uradi program \u010di\u0161\u0107enja creva.<\/p>\n<p><strong>NA\u010cIN UPOTREBE<\/strong><br \/>\nUzimati 3-6 puta dnevno po 1\/2 &#8211; 1 kafenu ka\u0161i\u010dicu formule sa sokom ili vodom i nakon toga popiti 2 dl vode.<\/p>\n<p><strong>Program \u010di\u0161\u0107enja creva (uklju\u010duje i formulu\u00a0Creva #1)<br \/>\n<\/strong>Prvo jutro programa \u010di\u0161\u0107enja creva konzumirati 1\/2 kafene ka\u0161i\u010dice crevne formule Creva #1, razmu\u0107ene u malo vode ili soka i odmah nakon toga popiti 2-3 dl vode (ukoliko niste na postu na sokovima mo\u017eete da pome\u0161ate formulu sa ve\u010derom i da je pojedete). Ukoliko budete imali poja\u010dano pra\u017enjenje tokom narednog dana (2 ili vi\u0161e stolica) onda nastavite sa istom dozom i naredna 2 dana. Nakon toga, mo\u017eete da u program \u010di\u0161\u0107enja uvrstite i formulu i Creva #2. Me\u0111utim, ukoliko prvog dana niste dobili poja\u010dano pra\u017enjenje poja\u010dajte za pola kafene ka\u0161i\u010dice. Ukoliko i narednog dana niste zadovoljni sa va\u0161im pra\u017enjenjem poja\u010davajte dozu iz dana u dan za pola kafene ka\u0161i\u010dice sve dok ne dobijete poja\u010dano pra\u017enjenje. Kada dobijete poja\u010dano pra\u017enjenje ponovite postupak dozom kojom ste dobili poja\u010dano pra\u017enjenje i narednih 3-5 dana. Nakon toga mo\u017eete u program da uvrstite i formulu Creva #2.<\/p>\n<p>Formulu Creva #2 uvrstite u program \u010di\u0161\u0107enja nakon \u0161to ste imali poja\u010dano pra\u017enjenje barem 3-5 dana. Po\u010dnite sa uzimanjem formule Creva #2, 5 puta dnevno uzimaju\u0107i po 4 kafene ka\u0161ike razmu\u0107ene u \u010da\u0161i soka ili vode, a uve\u010de uzimajte odgovaraju\u0107u dozu (kojom ste dobili poja\u010dano pra\u017eenjenje ili ne\u0161to ja\u010du dozu zbog antidijaroi\u010dnog dejstva formule Creva #2) formule <strong>Creva #1<\/strong>. Ovaj program \u010di\u0161\u0107enja sprovoditi 5-7 dana nakon uspostavljanja poja\u010danog pra\u017enjanja creva.<\/p>\n","protected":false},"excerpt":{"rendered":"<h6>Biljna formula za \u010di\u0161\u0107enje creva i divertikula<\/h6>\n<p><span style=\"box-sizing: border-box; color: #000000; font-family: Tahoma;\">Ova formula je sredstvo za umirenje sluznice celog crevnog trakta, a posebno za sluznice u debelom crevu. Ovo je va\u017ena formula za svakoga ko ima <span style=\"box-sizing: border-box; font-weight: bold;\">iritabilna creva, gr\u010deve debelog creva, kolitis, kronovu bolest, divertikulitis, dijareju<\/span> ili bilo koju bolest koja uzrokuje \u017earenje, pe\u010denje, iritirana creva ili krvarenje iz creva.<\/span><\/p>\n","protected":false},"featured_media":23298,"comment_status":"open","ping_status":"closed","template":"","meta":[],"product_brand":[],"product_cat":[3215],"product_tag":[],"class_list":{"0":"post-14316","1":"product","2":"type-product","3":"status-publish","4":"has-post-thumbnail","6":"product_cat-biljne-formule","7":"pa_cuvanje-na-sobnoj-temperaturi-na-tamnom-mestu","8":"pa_nacin-upotrebe-3-6-puta-na-dan-popiti-1-2-kafene-kasicice-razmucene-u-sok-vodu-ili-caj","9":"pa_period-trajanja-ako-se-uzima-1-2-kasicice-2-5g-na-dan-formula-moze-trajati-30-dana","10":"pa_period-upotrebe-za-najbolji-preventivni-efekat-formulu-uzimati-najmanje-7-dana","11":"pa_proizvodnja-centar-za-priridnu-medicinu","13":"first","14":"instock","15":"purchasable","16":"product-type-simple"},"_links":{"self":[{"href":"https:\/\/www.centarzaprirodnumedicinu.com\/test\/wp-json\/wp\/v2\/product\/14316","targetHints":{"allow":["GET"]}}],"collection":[{"href":"https:\/\/www.centarzaprirodnumedicinu.com\/test\/wp-json\/wp\/v2\/product"}],"about":[{"href":"https:\/\/www.centarzaprirodnumedicinu.com\/test\/wp-json\/wp\/v2\/types\/product"}],"replies":[{"embeddable":true,"href":"https:\/\/www.centarzaprirodnumedicinu.com\/test\/wp-json\/wp\/v2\/comments?post=14316"}],"version-history":[{"count":1,"href":"https:\/\/www.centarzaprirodnumedicinu.com\/test\/wp-json\/wp\/v2\/product\/14316\/revisions"}],"predecessor-version":[{"id":23302,"href":"https:\/\/www.centarzaprirodnumedicinu.com\/test\/wp-json\/wp\/v2\/product\/14316\/revisions\/23302"}],"wp:featuredmedia":[{"embeddable":true,"href":"https:\/\/www.centarzaprirodnumedicinu.com\/test\/wp-json\/wp\/v2\/media\/23298"}],"wp:attachment":[{"href":"https:\/\/www.centarzaprirodnumedicinu.com\/test\/wp-json\/wp\/v2\/media?parent=14316"}],"wp:term":[{"taxonomy":"product_brand","embeddable":true,"href":"https:\/\/www.centarzaprirodnumedicinu.com\/test\/wp-json\/wp\/v2\/product_brand?post=14316"},{"taxonomy":"product_cat","embeddable":true,"href":"https:\/\/www.centarzaprirodnumedicinu.com\/test\/wp-json\/wp\/v2\/product_cat?post=14316"},{"taxonomy":"product_tag","embeddable":true,"href":"https:\/\/www.centarzaprirodnumedicinu.com\/test\/wp-json\/wp\/v2\/product_tag?post=14316"}],"curies":[{"name":"wp","href":"https:\/\/api.w.org\/{rel}","templated":true}]}}