{"id":14314,"date":"2022-03-03T20:01:58","date_gmt":"2022-03-03T19:01:58","guid":{"rendered":"https:\/\/centarzaprirodnumedicinu.com\/product\/ulje-za-regeneraciju-i-obnovu-tkiva\/"},"modified":"2025-04-09T18:31:45","modified_gmt":"2025-04-09T16:31:45","slug":"ulje-za-regeneraciju-i-obnovu-tkiva","status":"publish","type":"product","link":"https:\/\/www.centarzaprirodnumedicinu.com\/test\/p\/sirova-biljna-ulja\/ulje-za-regeneraciju-i-obnovu-tkiva\/","title":{"rendered":"ULjE ZA REGENERACIJU I OBNOVU TKIVA"},"content":{"rendered":"<p><strong>SASTAV:<br \/>\n<em>\u2013 <\/em>Ulje od zimzelena <\/strong><em>(Gaultheria procumbens)<\/em><strong><em><br \/>\n<\/em><\/strong><strong>\u2013 Ulje od cveta nevena<\/strong> (Calendula officinalis)<br \/>\n<strong>\u2013 Ulje od cveta kantariona<\/strong> (Hypericum perforatum)<br \/>\n<strong>\u2013 Ulje od cveta arnike<\/strong>\u00a0<em>(Arnica montana)<br \/>\n<strong>\u2013 <\/strong><\/em><strong>Koren \u0111umbira<\/strong><em> (Zingiber officinale)<br \/>\n<strong>\u2013 <\/strong><\/em><strong>Ljuta paprika<\/strong>\u00a0<em>(Capsicum annuum)<\/em><\/p>\n<p><strong>KAKO OVA FORMULA DELUJE?<br \/>\n<\/strong>Ulje za obnovu tkiva (BFC ulje) je \u010duveno ulje doktora Kristofera u\u010ditelja doktora \u0160ulca. Najdelotvornije ulje za obnovu tkiva, mi\u0161i\u0107a, kostiju, zglobova, ligamenata, hrskavica. Veoma pogodno za sportiste i rekreativce. Ova formula smanjuje bol i zale\u010duje o\u0161te\u0107eno tkivo. Veoma pogodno za osobe koje boluju od artritisa, multiple skleroze, kostobolje, reume, povrede mi\u0161i\u0107a. Ako \u017eelite da formula ima najja\u010de dejstvo pre upotrebe treba da se istu\u0161irate i onda nanesete ulje na oboleli deo tela.<\/p>\n<p><strong>ZA\u0160TO TREBA DA IMATE OVU FORMULU?<br \/>\n<\/strong>Ovo je najbolja formula na tr\u017ei\u0161tu koja provereno za nekoliko sedmica ubla\u017eava bolove i regeneri\u0161e dublje tkivo. Sastavljena od eteri\u010dnog ulja zimzelena, kantariona, nevena, arnike, kristala mentola, maslinovog ulja, ljute paprike, \u0111umbira. Dnevna doza je: nekoliko puta tokom dana utrljavati formulu na oboleli deo tela. Pre svakog uzimanja promu\u0107kati bo\u010dicu.<strong><br \/>\n<\/strong><\/p>\n","protected":false},"excerpt":{"rendered":"<h6>Biljna formula za regeneraciju kostiju, mi\u0161i\u0107a i ligamenata.<\/h6>\n<p>Ulje za obnovu tkiva \u0107e itetako dobro do\u0107i ako imate bolove u kostima ili zglobovima, ako imate neku povredu, is\u010da\u0161enje, uganu\u0107e ili sl. Posebno \u0107e dobro do\u0107i ako ste sportista ili imate \u010deste probleme sa ki\u010dmom i pr\u0161ljenovima. Svakako je dobar pomo\u0107nik za odr\u017eavanje zdravih i sna\u017enih mi\u0161i\u0107a i unutra\u0161njeg tkiva.<\/p>\n","protected":false},"featured_media":23313,"comment_status":"open","ping_status":"closed","template":"","meta":[],"product_brand":[],"product_cat":[3227],"product_tag":[],"class_list":{"0":"post-14314","1":"product","2":"type-product","3":"status-publish","4":"has-post-thumbnail","6":"product_cat-sirova-biljna-ulja","7":"pa_cuvanje-na-sobnoj-temperaturi-na-tamnom-mestu-van-domasaja-dece","8":"pa_nacin-upotrebe-ulje-naneti-i-utrljavati-par-minuta-na-bolno-mesto","9":"pa_period-trajanja-u-zavisnosti-od-koriscenja","10":"pa_period-upotrebe-u-zavisnosti-od-potrebe","11":"pa_proizvodnja-centar-za-priridnu-medicinu","12":"pa_zapremina-50-ml","14":"first","15":"instock","16":"purchasable","17":"product-type-simple"},"_links":{"self":[{"href":"https:\/\/www.centarzaprirodnumedicinu.com\/test\/wp-json\/wp\/v2\/product\/14314","targetHints":{"allow":["GET"]}}],"collection":[{"href":"https:\/\/www.centarzaprirodnumedicinu.com\/test\/wp-json\/wp\/v2\/product"}],"about":[{"href":"https:\/\/www.centarzaprirodnumedicinu.com\/test\/wp-json\/wp\/v2\/types\/product"}],"replies":[{"embeddable":true,"href":"https:\/\/www.centarzaprirodnumedicinu.com\/test\/wp-json\/wp\/v2\/comments?post=14314"}],"version-history":[{"count":1,"href":"https:\/\/www.centarzaprirodnumedicinu.com\/test\/wp-json\/wp\/v2\/product\/14314\/revisions"}],"predecessor-version":[{"id":23314,"href":"https:\/\/www.centarzaprirodnumedicinu.com\/test\/wp-json\/wp\/v2\/product\/14314\/revisions\/23314"}],"wp:featuredmedia":[{"embeddable":true,"href":"https:\/\/www.centarzaprirodnumedicinu.com\/test\/wp-json\/wp\/v2\/media\/23313"}],"wp:attachment":[{"href":"https:\/\/www.centarzaprirodnumedicinu.com\/test\/wp-json\/wp\/v2\/media?parent=14314"}],"wp:term":[{"taxonomy":"product_brand","embeddable":true,"href":"https:\/\/www.centarzaprirodnumedicinu.com\/test\/wp-json\/wp\/v2\/product_brand?post=14314"},{"taxonomy":"product_cat","embeddable":true,"href":"https:\/\/www.centarzaprirodnumedicinu.com\/test\/wp-json\/wp\/v2\/product_cat?post=14314"},{"taxonomy":"product_tag","embeddable":true,"href":"https:\/\/www.centarzaprirodnumedicinu.com\/test\/wp-json\/wp\/v2\/product_tag?post=14314"}],"curies":[{"name":"wp","href":"https:\/\/api.w.org\/{rel}","templated":true}]}}