{"id":14309,"date":"2022-03-03T20:01:58","date_gmt":"2022-03-03T19:01:58","guid":{"rendered":"https:\/\/centarzaprirodnumedicinu.com\/product\/lecenje-neizlecivih-bolesti\/"},"modified":"2022-05-05T12:48:13","modified_gmt":"2022-05-05T10:48:13","slug":"lecenje-neizlecivih-bolesti","status":"publish","type":"product","link":"https:\/\/www.centarzaprirodnumedicinu.com\/test\/p\/knjige\/lecenje-neizlecivih-bolesti\/","title":{"rendered":"Le\u010denje neizle\u010divih bolesti"},"content":{"rendered":"<p>&#8222;Spremite se da postanete izle\u010deni. Ja ve rujem da je to mogu\u0107e. Nikada do sada nisam video ne\u0161to poput ovoga. Nikada do sada nisam video kako se le\u010de te\u0161ko izle\u010dive bolesti. \u010cuo sam za teorije. \u010cuo sam za prevenciju. Ali nikada nisam \u010duo da se prirodnim lekovima tretiraju ovakva stanja. Ali sada znam, a zna\u0107ete i vi. Odgovori su ovde.<\/p>\n<p>Odgovore u ovoj knjizi i kolekciji video materijala pod naslovom \u201eLe\u010denje neizle\u010divih bolesti&#8220; dala su dva izvanredna lekara: dr D\u017eon R. Kristofer i njegov najbolji u\u010denik, dr Ri\u010dard \u0160ulc. Oni nisu teoreti\u010dari, niti su to hteli da budu. Oni su lekari.<\/p>\n<p>Ako ovde \u017eelite da prona\u0111ete neke nove teorije iz medicine, do\u0161li ste na pogre\u0161no mesto. Ali, ako \u017eelite da saznate kako izle\u010diti neizle\u010divo, nema boljeg mesta od ovog . . .&#8220;<\/p>\n<p>&#160;<\/p>\n<p style=\"text-align: right;\">&#8211; Ri\u010dard \u0160ulc &#8211;<\/p>\n","protected":false},"excerpt":{"rendered":"<p>&#8222;Spremite se da postanete izle\u010deni. Ja ve rujem da je to mogu\u0107e. Nikada do sada nisam video ne\u0161to poput ovoga.<\/p>\n","protected":false},"featured_media":13654,"comment_status":"open","ping_status":"open","template":"","meta":[],"product_brand":[],"product_cat":[3213],"product_tag":[],"class_list":{"0":"post-14309","1":"product","2":"type-product","3":"status-publish","4":"has-post-thumbnail","6":"product_cat-knjige","7":"pa_autor-dr-ricard-sulc","8":"pa_broj-strana-3346","9":"pa_download-naziv-3348","10":"pa_format-a5-21-x-145-cm","12":"first","13":"instock","14":"purchasable","15":"product-type-simple"},"_links":{"self":[{"href":"https:\/\/www.centarzaprirodnumedicinu.com\/test\/wp-json\/wp\/v2\/product\/14309","targetHints":{"allow":["GET"]}}],"collection":[{"href":"https:\/\/www.centarzaprirodnumedicinu.com\/test\/wp-json\/wp\/v2\/product"}],"about":[{"href":"https:\/\/www.centarzaprirodnumedicinu.com\/test\/wp-json\/wp\/v2\/types\/product"}],"replies":[{"embeddable":true,"href":"https:\/\/www.centarzaprirodnumedicinu.com\/test\/wp-json\/wp\/v2\/comments?post=14309"}],"version-history":[{"count":0,"href":"https:\/\/www.centarzaprirodnumedicinu.com\/test\/wp-json\/wp\/v2\/product\/14309\/revisions"}],"wp:featuredmedia":[{"embeddable":true,"href":"https:\/\/www.centarzaprirodnumedicinu.com\/test\/wp-json\/wp\/v2\/media\/13654"}],"wp:attachment":[{"href":"https:\/\/www.centarzaprirodnumedicinu.com\/test\/wp-json\/wp\/v2\/media?parent=14309"}],"wp:term":[{"taxonomy":"product_brand","embeddable":true,"href":"https:\/\/www.centarzaprirodnumedicinu.com\/test\/wp-json\/wp\/v2\/product_brand?post=14309"},{"taxonomy":"product_cat","embeddable":true,"href":"https:\/\/www.centarzaprirodnumedicinu.com\/test\/wp-json\/wp\/v2\/product_cat?post=14309"},{"taxonomy":"product_tag","embeddable":true,"href":"https:\/\/www.centarzaprirodnumedicinu.com\/test\/wp-json\/wp\/v2\/product_tag?post=14309"}],"curies":[{"name":"wp","href":"https:\/\/api.w.org\/{rel}","templated":true}]}}