{"id":14308,"date":"2022-03-03T20:01:58","date_gmt":"2022-03-03T19:01:58","guid":{"rendered":"https:\/\/centarzaprirodnumedicinu.com\/product\/zakoni-zdravlja-i-izlecenja\/"},"modified":"2023-12-21T16:03:56","modified_gmt":"2023-12-21T15:03:56","slug":"zakoni-zdravlja-i-izlecenja","status":"publish","type":"product","link":"https:\/\/www.centarzaprirodnumedicinu.com\/test\/p\/knjige\/zakoni-zdravlja-i-izlecenja\/","title":{"rendered":"Zakoni zdravlja i izle\u010denja"},"content":{"rendered":"<p>Knjiga koja se bavi svim aspektima zdravog \u017eivotnog stila, zasnovana na najsavremenijim nau\u010dnim podacima objavljenim u referentnim medicinskim \u010dasopisima, a ipak \u010dvrsto potkrepljuje jednostavne, prirodne metode o\u010duvanja zdravlja i le\u010denja.<\/p>\n<p>Bespo\u0161tedna u argumentima kada su u pitanju po zdravlje pogubne navike, koje su se poslednjih decenija uvre\u017eile u civilizacijske tokove, predla\u017ee jednostavne na\u010dine da ih se oslobodimo i preokrenemo njihove posledice ka boljem zdravlju. . .<\/p>\n","protected":false},"excerpt":{"rendered":"<p>Knjiga koja se bavi svim aspektima zdravog \u017eivotnog stila, zasnovana na najsavremenijim nau\u010dnim podacima objavljenim u referentnim medicinskim \u010dasopisima, a<\/p>\n","protected":false},"featured_media":13653,"comment_status":"open","ping_status":"closed","template":"","meta":[],"product_brand":[],"product_cat":[3213],"product_tag":[],"class_list":{"0":"post-14308","1":"product","2":"type-product","3":"status-publish","4":"has-post-thumbnail","6":"product_cat-knjige","7":"pa_autor-dr-nil-nidli","8":"pa_broj-strana-3343","9":"pa_download-naziv-3345","10":"pa_format-b5-24-x-17-cm","12":"first","13":"outofstock","14":"purchasable","15":"product-type-simple"},"_links":{"self":[{"href":"https:\/\/www.centarzaprirodnumedicinu.com\/test\/wp-json\/wp\/v2\/product\/14308","targetHints":{"allow":["GET"]}}],"collection":[{"href":"https:\/\/www.centarzaprirodnumedicinu.com\/test\/wp-json\/wp\/v2\/product"}],"about":[{"href":"https:\/\/www.centarzaprirodnumedicinu.com\/test\/wp-json\/wp\/v2\/types\/product"}],"replies":[{"embeddable":true,"href":"https:\/\/www.centarzaprirodnumedicinu.com\/test\/wp-json\/wp\/v2\/comments?post=14308"}],"version-history":[{"count":0,"href":"https:\/\/www.centarzaprirodnumedicinu.com\/test\/wp-json\/wp\/v2\/product\/14308\/revisions"}],"wp:featuredmedia":[{"embeddable":true,"href":"https:\/\/www.centarzaprirodnumedicinu.com\/test\/wp-json\/wp\/v2\/media\/13653"}],"wp:attachment":[{"href":"https:\/\/www.centarzaprirodnumedicinu.com\/test\/wp-json\/wp\/v2\/media?parent=14308"}],"wp:term":[{"taxonomy":"product_brand","embeddable":true,"href":"https:\/\/www.centarzaprirodnumedicinu.com\/test\/wp-json\/wp\/v2\/product_brand?post=14308"},{"taxonomy":"product_cat","embeddable":true,"href":"https:\/\/www.centarzaprirodnumedicinu.com\/test\/wp-json\/wp\/v2\/product_cat?post=14308"},{"taxonomy":"product_tag","embeddable":true,"href":"https:\/\/www.centarzaprirodnumedicinu.com\/test\/wp-json\/wp\/v2\/product_tag?post=14308"}],"curies":[{"name":"wp","href":"https:\/\/api.w.org\/{rel}","templated":true}]}}