{"id":14307,"date":"2022-03-03T20:01:58","date_gmt":"2022-03-03T19:01:58","guid":{"rendered":"https:\/\/centarzaprirodnumedicinu.com\/product\/moc-zdravlja\/"},"modified":"2022-05-05T12:48:06","modified_gmt":"2022-05-05T10:48:06","slug":"moc-zdravlja","status":"publish","type":"product","link":"https:\/\/www.centarzaprirodnumedicinu.com\/test\/p\/knjige\/moc-zdravlja\/","title":{"rendered":"Mo\u0107 zdravlja"},"content":{"rendered":"<p>Mno\u0161tvo informacija o jednostavnim, ali veoma va\u017enim stvarima sa kojima se svakodnevno susre\u0107emo i koje mogu da nam budu izvor zdravlja, ali i izvor te\u0161kih obolenja. Kako prepoznati dobro od lo\u0161eg u \u017eivotnim navikama? Kako unaprediti zdravlje?<\/p>\n<p>Ova knjiga \u0107e vam pomo\u0107i da shvatite kako mo\u017eete spre\u010diti razvoj ili obrnuti tok mnogih savremenih smrtonosnih bolesti. Nau\u010dite da procenite koje zdravstvene informacije su zaista nau\u010dne i merodavne. Nau\u010dite kako da oja\u010date svoje dru\u0161tvene i porodi\u010dne odnose i bolje osmislite duhovni \u017eivot.<\/p>\n","protected":false},"excerpt":{"rendered":"<p>Mno\u0161tvo informacija o jednostavnim, ali veoma va\u017enim stvarima sa kojima se svakodnevno susre\u0107emo i koje mogu da nam budu izvor<\/p>\n","protected":false},"featured_media":13652,"comment_status":"open","ping_status":"open","template":"","meta":[],"product_brand":[],"product_cat":[3213],"product_tag":[],"class_list":{"0":"post-14307","1":"product","2":"type-product","3":"status-publish","4":"has-post-thumbnail","6":"product_cat-knjige","7":"pa_autor-dr-hans-dil","8":"pa_broj-strana-3340","9":"pa_download-naziv-3342","10":"pa_format-a5-21-x-145-cm","12":"first","13":"instock","14":"purchasable","15":"product-type-simple"},"_links":{"self":[{"href":"https:\/\/www.centarzaprirodnumedicinu.com\/test\/wp-json\/wp\/v2\/product\/14307","targetHints":{"allow":["GET"]}}],"collection":[{"href":"https:\/\/www.centarzaprirodnumedicinu.com\/test\/wp-json\/wp\/v2\/product"}],"about":[{"href":"https:\/\/www.centarzaprirodnumedicinu.com\/test\/wp-json\/wp\/v2\/types\/product"}],"replies":[{"embeddable":true,"href":"https:\/\/www.centarzaprirodnumedicinu.com\/test\/wp-json\/wp\/v2\/comments?post=14307"}],"version-history":[{"count":0,"href":"https:\/\/www.centarzaprirodnumedicinu.com\/test\/wp-json\/wp\/v2\/product\/14307\/revisions"}],"wp:featuredmedia":[{"embeddable":true,"href":"https:\/\/www.centarzaprirodnumedicinu.com\/test\/wp-json\/wp\/v2\/media\/13652"}],"wp:attachment":[{"href":"https:\/\/www.centarzaprirodnumedicinu.com\/test\/wp-json\/wp\/v2\/media?parent=14307"}],"wp:term":[{"taxonomy":"product_brand","embeddable":true,"href":"https:\/\/www.centarzaprirodnumedicinu.com\/test\/wp-json\/wp\/v2\/product_brand?post=14307"},{"taxonomy":"product_cat","embeddable":true,"href":"https:\/\/www.centarzaprirodnumedicinu.com\/test\/wp-json\/wp\/v2\/product_cat?post=14307"},{"taxonomy":"product_tag","embeddable":true,"href":"https:\/\/www.centarzaprirodnumedicinu.com\/test\/wp-json\/wp\/v2\/product_tag?post=14307"}],"curies":[{"name":"wp","href":"https:\/\/api.w.org\/{rel}","templated":true}]}}